{"id":975,"date":"2024-10-22T16:24:50","date_gmt":"2024-10-22T16:24:50","guid":{"rendered":"https:\/\/nicklashoffmann.de\/?page_id=975"},"modified":"2025-06-02T22:22:53","modified_gmt":"2025-06-02T22:22:53","slug":"ein-rucksackmaerchen","status":"publish","type":"page","link":"https:\/\/nicklashoffmann.de\/en\/ein-rucksackmaerchen\/","title":{"rendered":"Ein Rucksackm\u00e4rchen"},"content":{"rendered":"<h4 class=\"wp-block-heading\">Traumdeutung: Teil 5<\/h4>\n\n\n\n<figure class=\"wp-block-image size-large\"><img loading=\"lazy\" decoding=\"async\" width=\"1024\" height=\"576\" src=\"https:\/\/nicklashoffmann.de\/wp-content\/uploads\/2024\/11\/05_Ein_Rucksackmaerchen-1024x576.png\" alt=\"\" class=\"wp-image-1056\" srcset=\"https:\/\/nicklashoffmann.de\/wp-content\/uploads\/2024\/11\/05_Ein_Rucksackmaerchen-1024x576.png 1024w, https:\/\/nicklashoffmann.de\/wp-content\/uploads\/2024\/11\/05_Ein_Rucksackmaerchen-300x169.png 300w, https:\/\/nicklashoffmann.de\/wp-content\/uploads\/2024\/11\/05_Ein_Rucksackmaerchen-768x432.png 768w, https:\/\/nicklashoffmann.de\/wp-content\/uploads\/2024\/11\/05_Ein_Rucksackmaerchen-1536x864.png 1536w, https:\/\/nicklashoffmann.de\/wp-content\/uploads\/2024\/11\/05_Ein_Rucksackmaerchen.png 1920w\" sizes=\"auto, (max-width: 1024px) 100vw, 1024px\" \/><\/figure>\n\n\n\n<p>Der Rucksack eines M\u00e4dchens, gef\u00fcllt mit zahlreichen Andenken und Erinnerungen, soll wieder verkauft werden. Ihre zum Leben erweckten Kuscheltiere finden, dass das keine gute Idee ist.<\/p>\n\n\n\n<p>Zu sehen ist eine Szene von <em>It will be my treasure to have your dreams<\/em>. Hierbei handelt es sich um einen Film, der aus der Ausstellung <em>Das Hotel ein Traum<\/em> aus dem Jahr 2023 im Kurhaus Berg\u00fcn heraus entstand \u2013 eine Ausstellung zum Thema Tr\u00e4ume, bei der Besucher*innen selbst vor Ort tr\u00e4umen konnten. Insgesamt 14 Tr\u00e4ume, die auf diese Art w\u00e4hrend dem Ausstellungszeitraum im Hotel eingereicht wurden, wurden anschlie\u00dfend von mehreren K\u00fcnstler*innen im besagten Film zusammengetragen.<\/p>\n\n\n\n<details class=\"wp-block-details is-layout-flow wp-block-details-is-layout-flow\"><summary>Urspr\u00fcnglichen Traum in Textform anzeigen<\/summary>\n<p><em>&#8222;Ich habe getr\u00e4umt, dass ich meinen Rucksack mitsamt meinen Wertsachen verkaufen wollte. Dort angekommen habe ich mit dem Besitzer gesprochen und es mir dann zum Schluss anders \u00fcberlegt. Jedoch kam dann ein Unwetter auf und ich musste in dem Laden bleiben.&#8220;<\/em><\/p>\n<\/details>\n\n\n\n<h4 class=\"wp-block-heading\">Einzelheiten<\/h4>\n\n\n\n<figure class=\"wp-block-table is-style-stripes\"><table class=\"has-fixed-layout\"><tbody><tr><td>Entstehungsjahr<\/td><td>2024<\/td><\/tr><tr><td>Material<\/td><td>Video (1 Minute)<\/td><\/tr><tr><td>K\u00fcnstler<\/td><td>Nicklas Hoffmann<\/td><\/tr><\/tbody><\/table><\/figure>","protected":false},"excerpt":{"rendered":"<p>Traumdeutung: Teil 5 Der Rucksack eines M\u00e4dchens, gef\u00fcllt mit zahlreichen Andenken und Erinnerungen, soll wieder verkauft werden. Ihre zum Leben erweckten Kuscheltiere finden, dass das keine gute Idee ist. Zu sehen ist eine Szene von It will be my treasure to have your dreams. Hierbei handelt es sich um einen Film, der aus der Ausstellung &hellip; <a href=\"https:\/\/nicklashoffmann.de\/en\/ein-rucksackmaerchen\/\" class=\"more-link\">Continue reading <span class=\"screen-reader-text\">Ein Rucksackm\u00e4rchen<\/span><\/a><\/p>","protected":false},"author":1,"featured_media":0,"parent":0,"menu_order":0,"comment_status":"closed","ping_status":"closed","template":"","meta":{"footnotes":""},"class_list":["post-975","page","type-page","status-publish","hentry"],"yoast_head":"<!-- This site is optimized with the Yoast SEO plugin v26.6 - https:\/\/yoast.com\/wordpress\/plugins\/seo\/ -->\n<title>Ein Rucksackm\u00e4rchen - Nicklas Hoffmann<\/title>\n<meta name=\"robots\" content=\"index, follow, max-snippet:-1, max-image-preview:large, max-video-preview:-1\" \/>\n<link rel=\"canonical\" href=\"https:\/\/nicklashoffmann.de\/en\/ein-rucksackmaerchen\/\" \/>\n<meta property=\"og:locale\" content=\"en_GB\" \/>\n<meta property=\"og:type\" content=\"article\" \/>\n<meta property=\"og:title\" content=\"Ein Rucksackm\u00e4rchen - Nicklas Hoffmann\" \/>\n<meta property=\"og:description\" content=\"Traumdeutung: Teil 5 Der Rucksack eines M\u00e4dchens, gef\u00fcllt mit zahlreichen Andenken und Erinnerungen, soll wieder verkauft werden. Ihre zum Leben erweckten Kuscheltiere finden, dass das keine gute Idee ist. Zu sehen ist eine Szene von It will be my treasure to have your dreams. Hierbei handelt es sich um einen Film, der aus der Ausstellung &hellip; Continue reading Ein Rucksackm\u00e4rchen\" \/>\n<meta property=\"og:url\" content=\"https:\/\/nicklashoffmann.de\/en\/ein-rucksackmaerchen\/\" \/>\n<meta property=\"og:site_name\" content=\"Nicklas Hoffmann\" \/>\n<meta property=\"article:modified_time\" content=\"2025-06-02T22:22:53+00:00\" \/>\n<meta property=\"og:image\" content=\"https:\/\/nicklashoffmann.de\/wp-content\/uploads\/2024\/11\/05_Ein_Rucksackmaerchen-1024x576.png\" \/>\n\t<meta property=\"og:image:width\" content=\"1024\" \/>\n\t<meta property=\"og:image:height\" content=\"576\" \/>\n\t<meta property=\"og:image:type\" content=\"image\/png\" \/>\n<meta name=\"twitter:card\" content=\"summary_large_image\" \/>\n<meta name=\"twitter:label1\" content=\"Estimated reading time\" \/>\n\t<meta name=\"twitter:data1\" content=\"2 minutes\" \/>\n<script type=\"application\/ld+json\" class=\"yoast-schema-graph\">{\"@context\":\"https:\/\/schema.org\",\"@graph\":[{\"@type\":\"WebPage\",\"@id\":\"https:\/\/nicklashoffmann.de\/ein-rucksackmaerchen\/\",\"url\":\"https:\/\/nicklashoffmann.de\/ein-rucksackmaerchen\/\",\"name\":\"Ein Rucksackm\u00e4rchen - Nicklas Hoffmann\",\"isPartOf\":{\"@id\":\"https:\/\/nicklashoffmann.de\/#website\"},\"primaryImageOfPage\":{\"@id\":\"https:\/\/nicklashoffmann.de\/ein-rucksackmaerchen\/#primaryimage\"},\"image\":{\"@id\":\"https:\/\/nicklashoffmann.de\/ein-rucksackmaerchen\/#primaryimage\"},\"thumbnailUrl\":\"https:\/\/nicklashoffmann.de\/wp-content\/uploads\/2024\/11\/05_Ein_Rucksackmaerchen-1024x576.png\",\"datePublished\":\"2024-10-22T16:24:50+00:00\",\"dateModified\":\"2025-06-02T22:22:53+00:00\",\"breadcrumb\":{\"@id\":\"https:\/\/nicklashoffmann.de\/ein-rucksackmaerchen\/#breadcrumb\"},\"inLanguage\":\"en-GB\",\"potentialAction\":[{\"@type\":\"ReadAction\",\"target\":[\"https:\/\/nicklashoffmann.de\/ein-rucksackmaerchen\/\"]}]},{\"@type\":\"ImageObject\",\"inLanguage\":\"en-GB\",\"@id\":\"https:\/\/nicklashoffmann.de\/ein-rucksackmaerchen\/#primaryimage\",\"url\":\"https:\/\/nicklashoffmann.de\/wp-content\/uploads\/2024\/11\/05_Ein_Rucksackmaerchen-1024x576.png\",\"contentUrl\":\"https:\/\/nicklashoffmann.de\/wp-content\/uploads\/2024\/11\/05_Ein_Rucksackmaerchen-1024x576.png\"},{\"@type\":\"BreadcrumbList\",\"@id\":\"https:\/\/nicklashoffmann.de\/ein-rucksackmaerchen\/#breadcrumb\",\"itemListElement\":[{\"@type\":\"ListItem\",\"position\":1,\"name\":\"Home\",\"item\":\"https:\/\/nicklashoffmann.de\/\"},{\"@type\":\"ListItem\",\"position\":2,\"name\":\"Ein Rucksackm\u00e4rchen\"}]},{\"@type\":\"WebSite\",\"@id\":\"https:\/\/nicklashoffmann.de\/#website\",\"url\":\"https:\/\/nicklashoffmann.de\/\",\"name\":\"Nicklas Hoffmann\",\"description\":\"Video- und Performancekunst\",\"publisher\":{\"@id\":\"https:\/\/nicklashoffmann.de\/#\/schema\/person\/7ab72ea60d76fae8421e99f7df604072\"},\"alternateName\":\"nicklashoffmann\",\"potentialAction\":[{\"@type\":\"SearchAction\",\"target\":{\"@type\":\"EntryPoint\",\"urlTemplate\":\"https:\/\/nicklashoffmann.de\/?s={search_term_string}\"},\"query-input\":{\"@type\":\"PropertyValueSpecification\",\"valueRequired\":true,\"valueName\":\"search_term_string\"}}],\"inLanguage\":\"en-GB\"},{\"@type\":[\"Person\",\"Organization\"],\"@id\":\"https:\/\/nicklashoffmann.de\/#\/schema\/person\/7ab72ea60d76fae8421e99f7df604072\",\"name\":\"admin\",\"image\":{\"@type\":\"ImageObject\",\"inLanguage\":\"en-GB\",\"@id\":\"https:\/\/nicklashoffmann.de\/#\/schema\/person\/image\/\",\"url\":\"https:\/\/nicklashoffmann.de\/wp-content\/uploads\/2023\/01\/Th_Website_Stanislaus.jpg\",\"contentUrl\":\"https:\/\/nicklashoffmann.de\/wp-content\/uploads\/2023\/01\/Th_Website_Stanislaus.jpg\",\"width\":512,\"height\":512,\"caption\":\"admin\"},\"logo\":{\"@id\":\"https:\/\/nicklashoffmann.de\/#\/schema\/person\/image\/\"},\"sameAs\":[\"http:\/\/nicklashoffmann.de\",\"http:\/\/youtube.com\/user\/MrNickOSir\"]}]}<\/script>\n<!-- \/ Yoast SEO plugin. -->","yoast_head_json":{"title":"Ein Rucksackm\u00e4rchen - Nicklas Hoffmann","robots":{"index":"index","follow":"follow","max-snippet":"max-snippet:-1","max-image-preview":"max-image-preview:large","max-video-preview":"max-video-preview:-1"},"canonical":"https:\/\/nicklashoffmann.de\/en\/ein-rucksackmaerchen\/","og_locale":"en_GB","og_type":"article","og_title":"Ein Rucksackm\u00e4rchen - Nicklas Hoffmann","og_description":"Traumdeutung: Teil 5 Der Rucksack eines M\u00e4dchens, gef\u00fcllt mit zahlreichen Andenken und Erinnerungen, soll wieder verkauft werden. Ihre zum Leben erweckten Kuscheltiere finden, dass das keine gute Idee ist. Zu sehen ist eine Szene von It will be my treasure to have your dreams. Hierbei handelt es sich um einen Film, der aus der Ausstellung &hellip; Continue reading Ein Rucksackm\u00e4rchen","og_url":"https:\/\/nicklashoffmann.de\/en\/ein-rucksackmaerchen\/","og_site_name":"Nicklas Hoffmann","article_modified_time":"2025-06-02T22:22:53+00:00","og_image":[{"width":1024,"height":576,"url":"https:\/\/nicklashoffmann.de\/wp-content\/uploads\/2024\/11\/05_Ein_Rucksackmaerchen-1024x576.png","type":"image\/png"}],"twitter_card":"summary_large_image","twitter_misc":{"Estimated reading time":"2 minutes"},"schema":{"@context":"https:\/\/schema.org","@graph":[{"@type":"WebPage","@id":"https:\/\/nicklashoffmann.de\/ein-rucksackmaerchen\/","url":"https:\/\/nicklashoffmann.de\/ein-rucksackmaerchen\/","name":"Ein Rucksackm\u00e4rchen - Nicklas Hoffmann","isPartOf":{"@id":"https:\/\/nicklashoffmann.de\/#website"},"primaryImageOfPage":{"@id":"https:\/\/nicklashoffmann.de\/ein-rucksackmaerchen\/#primaryimage"},"image":{"@id":"https:\/\/nicklashoffmann.de\/ein-rucksackmaerchen\/#primaryimage"},"thumbnailUrl":"https:\/\/nicklashoffmann.de\/wp-content\/uploads\/2024\/11\/05_Ein_Rucksackmaerchen-1024x576.png","datePublished":"2024-10-22T16:24:50+00:00","dateModified":"2025-06-02T22:22:53+00:00","breadcrumb":{"@id":"https:\/\/nicklashoffmann.de\/ein-rucksackmaerchen\/#breadcrumb"},"inLanguage":"en-GB","potentialAction":[{"@type":"ReadAction","target":["https:\/\/nicklashoffmann.de\/ein-rucksackmaerchen\/"]}]},{"@type":"ImageObject","inLanguage":"en-GB","@id":"https:\/\/nicklashoffmann.de\/ein-rucksackmaerchen\/#primaryimage","url":"https:\/\/nicklashoffmann.de\/wp-content\/uploads\/2024\/11\/05_Ein_Rucksackmaerchen-1024x576.png","contentUrl":"https:\/\/nicklashoffmann.de\/wp-content\/uploads\/2024\/11\/05_Ein_Rucksackmaerchen-1024x576.png"},{"@type":"BreadcrumbList","@id":"https:\/\/nicklashoffmann.de\/ein-rucksackmaerchen\/#breadcrumb","itemListElement":[{"@type":"ListItem","position":1,"name":"Home","item":"https:\/\/nicklashoffmann.de\/"},{"@type":"ListItem","position":2,"name":"Ein Rucksackm\u00e4rchen"}]},{"@type":"WebSite","@id":"https:\/\/nicklashoffmann.de\/#website","url":"https:\/\/nicklashoffmann.de\/","name":"Nicklas Hoffmann","description":"Video- and Performance art","publisher":{"@id":"https:\/\/nicklashoffmann.de\/#\/schema\/person\/7ab72ea60d76fae8421e99f7df604072"},"alternateName":"nicklashoffmann","potentialAction":[{"@type":"SearchAction","target":{"@type":"EntryPoint","urlTemplate":"https:\/\/nicklashoffmann.de\/?s={search_term_string}"},"query-input":{"@type":"PropertyValueSpecification","valueRequired":true,"valueName":"search_term_string"}}],"inLanguage":"en-GB"},{"@type":["Person","Organization"],"@id":"https:\/\/nicklashoffmann.de\/#\/schema\/person\/7ab72ea60d76fae8421e99f7df604072","name":"admin","image":{"@type":"ImageObject","inLanguage":"en-GB","@id":"https:\/\/nicklashoffmann.de\/#\/schema\/person\/image\/","url":"https:\/\/nicklashoffmann.de\/wp-content\/uploads\/2023\/01\/Th_Website_Stanislaus.jpg","contentUrl":"https:\/\/nicklashoffmann.de\/wp-content\/uploads\/2023\/01\/Th_Website_Stanislaus.jpg","width":512,"height":512,"caption":"admin"},"logo":{"@id":"https:\/\/nicklashoffmann.de\/#\/schema\/person\/image\/"},"sameAs":["http:\/\/nicklashoffmann.de","http:\/\/youtube.com\/user\/MrNickOSir"]}]}},"_links":{"self":[{"href":"https:\/\/nicklashoffmann.de\/en\/wp-json\/wp\/v2\/pages\/975","targetHints":{"allow":["GET"]}}],"collection":[{"href":"https:\/\/nicklashoffmann.de\/en\/wp-json\/wp\/v2\/pages"}],"about":[{"href":"https:\/\/nicklashoffmann.de\/en\/wp-json\/wp\/v2\/types\/page"}],"author":[{"embeddable":true,"href":"https:\/\/nicklashoffmann.de\/en\/wp-json\/wp\/v2\/users\/1"}],"replies":[{"embeddable":true,"href":"https:\/\/nicklashoffmann.de\/en\/wp-json\/wp\/v2\/comments?post=975"}],"version-history":[{"count":15,"href":"https:\/\/nicklashoffmann.de\/en\/wp-json\/wp\/v2\/pages\/975\/revisions"}],"predecessor-version":[{"id":1212,"href":"https:\/\/nicklashoffmann.de\/en\/wp-json\/wp\/v2\/pages\/975\/revisions\/1212"}],"wp:attachment":[{"href":"https:\/\/nicklashoffmann.de\/en\/wp-json\/wp\/v2\/media?parent=975"}],"curies":[{"name":"wp","href":"https:\/\/api.w.org\/{rel}","templated":true}]}}