{"id":971,"date":"2024-10-22T16:23:55","date_gmt":"2024-10-22T16:23:55","guid":{"rendered":"https:\/\/nicklashoffmann.de\/?page_id=971"},"modified":"2025-07-07T01:16:45","modified_gmt":"2025-07-07T01:16:45","slug":"potente-parkpanik","status":"publish","type":"page","link":"https:\/\/nicklashoffmann.de\/en\/potente-parkpanik\/","title":{"rendered":"Potente Parkpanik"},"content":{"rendered":"<h4 class=\"wp-block-heading\">Traumdeutung: Teil 3<\/h4>\n\n\n\n<figure class=\"wp-block-image size-large\"><img loading=\"lazy\" decoding=\"async\" width=\"1024\" height=\"576\" src=\"https:\/\/nicklashoffmann.de\/wp-content\/uploads\/2024\/11\/03_Potente_Parkpanik_2-1024x576.png\" alt=\"\" class=\"wp-image-1066\" srcset=\"https:\/\/nicklashoffmann.de\/wp-content\/uploads\/2024\/11\/03_Potente_Parkpanik_2-1024x576.png 1024w, https:\/\/nicklashoffmann.de\/wp-content\/uploads\/2024\/11\/03_Potente_Parkpanik_2-300x169.png 300w, https:\/\/nicklashoffmann.de\/wp-content\/uploads\/2024\/11\/03_Potente_Parkpanik_2-768x432.png 768w, https:\/\/nicklashoffmann.de\/wp-content\/uploads\/2024\/11\/03_Potente_Parkpanik_2-1536x864.png 1536w, https:\/\/nicklashoffmann.de\/wp-content\/uploads\/2024\/11\/03_Potente_Parkpanik_2.png 1920w\" sizes=\"auto, (max-width: 1024px) 100vw, 1024px\" \/><\/figure>\n\n\n\n<p>Pl\u00f6tzlich f\u00e4ngt aus heiterem Himmel eine intensive Schie\u00dferei auf eine gesuchte Person an. Doch wo kein Blickkontakt, da keine Gefahr. <\/p>\n\n\n\n<p>Zu sehen ist eine Szene von <em>It will be my treasure to have your dreams<\/em>. Hierbei handelt es sich um einen Film, der aus der Ausstellung <em>Das Hotel ein Traum<\/em> aus dem Jahr 2023 im Kurhaus Berg\u00fcn heraus entstand \u2013 eine Ausstellung zum Thema Tr\u00e4ume, bei der Besucher*innen selbst vor Ort tr\u00e4umen konnten. Insgesamt 14 Tr\u00e4ume, die auf diese Art w\u00e4hrend dem Ausstellungszeitraum im Hotel eingereicht wurden, wurden anschlie\u00dfend von mehreren K\u00fcnstler*innen im besagten Film zusammengetragen.<\/p>\n\n\n\n<details class=\"wp-block-details is-layout-flow wp-block-details-is-layout-flow\"><summary>Urspr\u00fcnglichen Traum in Textform anzeigen<\/summary>\n<p><em>&#8222;Ein Attentat auf einen Mann ist geplant, darum steht er unter Polizeischutz. Im Park sonnt er sich auf einem gro\u00dfen Stein, an der Sonne, ganz offen liegt er da und wirkt ganz entspannt. Ich wundere mich, wie locker er ist, aber offenbar muss der Schutz ja also sehr gut sein. Ich sehe jemanden im Hoodie mit einer Pistole hantieren, und denke, aha, das muss so einer vom Sicherheitsteam sein. Dann ist es aber einer von mehreren Attent\u00e4tern. Sie beginnen auf Leute zu schie\u00dfen, Geschrei, sie schie\u00dfen auf jemanden, der am Boden liegt. Ich sitze mit meiner Frau auf einer Bank im Park in einiger Entfernung. Zum Weglaufen ist es dennoch zu sp\u00e4t, es ist eine offene, gut einsehbare Fl\u00e4che ohne M\u00f6glichkeit zum verstecken. Ich sage ihr: Komm, wir schauen in die andere Richtung, weil ich denke, dann verschonen sie uns vielleicht. Dann wache ich auf und habe den Schreck von den Sch\u00fcssen, davon, dass das wirklich passiert ist, noch in den Knochen.&#8220;<\/em><\/p>\n<\/details>\n\n\n\n<h4 class=\"wp-block-heading\">Einzelheiten<\/h4>\n\n\n\n<figure class=\"wp-block-table is-style-stripes\"><table class=\"has-fixed-layout\"><tbody><tr><td>Entstehungsjahr<\/td><td>2024<\/td><\/tr><tr><td>Material<\/td><td>Video (2 Minuten)<\/td><\/tr><tr><td>K\u00fcnstler<\/td><td>Nicklas Hoffmann<\/td><\/tr><tr><td>Besonderen Dank an<\/td><td>Dominik B.<\/td><\/tr><\/tbody><\/table><\/figure>","protected":false},"excerpt":{"rendered":"<p>Traumdeutung: Teil 3 Pl\u00f6tzlich f\u00e4ngt aus heiterem Himmel eine intensive Schie\u00dferei auf eine gesuchte Person an. Doch wo kein Blickkontakt, da keine Gefahr. Zu sehen ist eine Szene von It will be my treasure to have your dreams. Hierbei handelt es sich um einen Film, der aus der Ausstellung Das Hotel ein Traum aus dem &hellip; <a href=\"https:\/\/nicklashoffmann.de\/en\/potente-parkpanik\/\" class=\"more-link\">Continue reading <span class=\"screen-reader-text\">Potente Parkpanik<\/span><\/a><\/p>","protected":false},"author":1,"featured_media":0,"parent":0,"menu_order":0,"comment_status":"closed","ping_status":"closed","template":"","meta":{"footnotes":""},"class_list":["post-971","page","type-page","status-publish","hentry"],"yoast_head":"<!-- This site is optimized with the Yoast SEO plugin v26.6 - https:\/\/yoast.com\/wordpress\/plugins\/seo\/ -->\n<title>Potente Parkpanik - Nicklas Hoffmann<\/title>\n<meta name=\"robots\" content=\"index, follow, max-snippet:-1, max-image-preview:large, max-video-preview:-1\" \/>\n<link rel=\"canonical\" href=\"https:\/\/nicklashoffmann.de\/en\/potente-parkpanik\/\" \/>\n<meta property=\"og:locale\" content=\"en_GB\" \/>\n<meta property=\"og:type\" content=\"article\" \/>\n<meta property=\"og:title\" content=\"Potente Parkpanik - Nicklas Hoffmann\" \/>\n<meta property=\"og:description\" content=\"Traumdeutung: Teil 3 Pl\u00f6tzlich f\u00e4ngt aus heiterem Himmel eine intensive Schie\u00dferei auf eine gesuchte Person an. Doch wo kein Blickkontakt, da keine Gefahr. Zu sehen ist eine Szene von It will be my treasure to have your dreams. Hierbei handelt es sich um einen Film, der aus der Ausstellung Das Hotel ein Traum aus dem &hellip; Continue reading Potente Parkpanik\" \/>\n<meta property=\"og:url\" content=\"https:\/\/nicklashoffmann.de\/en\/potente-parkpanik\/\" \/>\n<meta property=\"og:site_name\" content=\"Nicklas Hoffmann\" \/>\n<meta property=\"article:modified_time\" content=\"2025-07-07T01:16:45+00:00\" \/>\n<meta property=\"og:image\" content=\"https:\/\/nicklashoffmann.de\/wp-content\/uploads\/2024\/11\/03_Potente_Parkpanik_2-1024x576.png\" \/>\n\t<meta property=\"og:image:width\" content=\"1024\" \/>\n\t<meta property=\"og:image:height\" content=\"576\" \/>\n\t<meta property=\"og:image:type\" content=\"image\/png\" \/>\n<meta name=\"twitter:card\" content=\"summary_large_image\" \/>\n<meta name=\"twitter:label1\" content=\"Estimated reading time\" \/>\n\t<meta name=\"twitter:data1\" content=\"2 minutes\" \/>\n<script type=\"application\/ld+json\" class=\"yoast-schema-graph\">{\"@context\":\"https:\/\/schema.org\",\"@graph\":[{\"@type\":\"WebPage\",\"@id\":\"https:\/\/nicklashoffmann.de\/potente-parkpanik\/\",\"url\":\"https:\/\/nicklashoffmann.de\/potente-parkpanik\/\",\"name\":\"Potente Parkpanik - Nicklas Hoffmann\",\"isPartOf\":{\"@id\":\"https:\/\/nicklashoffmann.de\/#website\"},\"primaryImageOfPage\":{\"@id\":\"https:\/\/nicklashoffmann.de\/potente-parkpanik\/#primaryimage\"},\"image\":{\"@id\":\"https:\/\/nicklashoffmann.de\/potente-parkpanik\/#primaryimage\"},\"thumbnailUrl\":\"https:\/\/nicklashoffmann.de\/wp-content\/uploads\/2024\/11\/03_Potente_Parkpanik_2-1024x576.png\",\"datePublished\":\"2024-10-22T16:23:55+00:00\",\"dateModified\":\"2025-07-07T01:16:45+00:00\",\"breadcrumb\":{\"@id\":\"https:\/\/nicklashoffmann.de\/potente-parkpanik\/#breadcrumb\"},\"inLanguage\":\"en-GB\",\"potentialAction\":[{\"@type\":\"ReadAction\",\"target\":[\"https:\/\/nicklashoffmann.de\/potente-parkpanik\/\"]}]},{\"@type\":\"ImageObject\",\"inLanguage\":\"en-GB\",\"@id\":\"https:\/\/nicklashoffmann.de\/potente-parkpanik\/#primaryimage\",\"url\":\"https:\/\/nicklashoffmann.de\/wp-content\/uploads\/2024\/11\/03_Potente_Parkpanik_2-1024x576.png\",\"contentUrl\":\"https:\/\/nicklashoffmann.de\/wp-content\/uploads\/2024\/11\/03_Potente_Parkpanik_2-1024x576.png\"},{\"@type\":\"BreadcrumbList\",\"@id\":\"https:\/\/nicklashoffmann.de\/potente-parkpanik\/#breadcrumb\",\"itemListElement\":[{\"@type\":\"ListItem\",\"position\":1,\"name\":\"Home\",\"item\":\"https:\/\/nicklashoffmann.de\/\"},{\"@type\":\"ListItem\",\"position\":2,\"name\":\"Potente Parkpanik\"}]},{\"@type\":\"WebSite\",\"@id\":\"https:\/\/nicklashoffmann.de\/#website\",\"url\":\"https:\/\/nicklashoffmann.de\/\",\"name\":\"Nicklas Hoffmann\",\"description\":\"Video- und Performancekunst\",\"publisher\":{\"@id\":\"https:\/\/nicklashoffmann.de\/#\/schema\/person\/7ab72ea60d76fae8421e99f7df604072\"},\"alternateName\":\"nicklashoffmann\",\"potentialAction\":[{\"@type\":\"SearchAction\",\"target\":{\"@type\":\"EntryPoint\",\"urlTemplate\":\"https:\/\/nicklashoffmann.de\/?s={search_term_string}\"},\"query-input\":{\"@type\":\"PropertyValueSpecification\",\"valueRequired\":true,\"valueName\":\"search_term_string\"}}],\"inLanguage\":\"en-GB\"},{\"@type\":[\"Person\",\"Organization\"],\"@id\":\"https:\/\/nicklashoffmann.de\/#\/schema\/person\/7ab72ea60d76fae8421e99f7df604072\",\"name\":\"admin\",\"image\":{\"@type\":\"ImageObject\",\"inLanguage\":\"en-GB\",\"@id\":\"https:\/\/nicklashoffmann.de\/#\/schema\/person\/image\/\",\"url\":\"https:\/\/nicklashoffmann.de\/wp-content\/uploads\/2023\/01\/Th_Website_Stanislaus.jpg\",\"contentUrl\":\"https:\/\/nicklashoffmann.de\/wp-content\/uploads\/2023\/01\/Th_Website_Stanislaus.jpg\",\"width\":512,\"height\":512,\"caption\":\"admin\"},\"logo\":{\"@id\":\"https:\/\/nicklashoffmann.de\/#\/schema\/person\/image\/\"},\"sameAs\":[\"http:\/\/nicklashoffmann.de\",\"http:\/\/youtube.com\/user\/MrNickOSir\"]}]}<\/script>\n<!-- \/ Yoast SEO plugin. -->","yoast_head_json":{"title":"Potente Parkpanik - Nicklas Hoffmann","robots":{"index":"index","follow":"follow","max-snippet":"max-snippet:-1","max-image-preview":"max-image-preview:large","max-video-preview":"max-video-preview:-1"},"canonical":"https:\/\/nicklashoffmann.de\/en\/potente-parkpanik\/","og_locale":"en_GB","og_type":"article","og_title":"Potente Parkpanik - Nicklas Hoffmann","og_description":"Traumdeutung: Teil 3 Pl\u00f6tzlich f\u00e4ngt aus heiterem Himmel eine intensive Schie\u00dferei auf eine gesuchte Person an. Doch wo kein Blickkontakt, da keine Gefahr. Zu sehen ist eine Szene von It will be my treasure to have your dreams. Hierbei handelt es sich um einen Film, der aus der Ausstellung Das Hotel ein Traum aus dem &hellip; Continue reading Potente Parkpanik","og_url":"https:\/\/nicklashoffmann.de\/en\/potente-parkpanik\/","og_site_name":"Nicklas Hoffmann","article_modified_time":"2025-07-07T01:16:45+00:00","og_image":[{"width":1024,"height":576,"url":"https:\/\/nicklashoffmann.de\/wp-content\/uploads\/2024\/11\/03_Potente_Parkpanik_2-1024x576.png","type":"image\/png"}],"twitter_card":"summary_large_image","twitter_misc":{"Estimated reading time":"2 minutes"},"schema":{"@context":"https:\/\/schema.org","@graph":[{"@type":"WebPage","@id":"https:\/\/nicklashoffmann.de\/potente-parkpanik\/","url":"https:\/\/nicklashoffmann.de\/potente-parkpanik\/","name":"Potente Parkpanik - Nicklas Hoffmann","isPartOf":{"@id":"https:\/\/nicklashoffmann.de\/#website"},"primaryImageOfPage":{"@id":"https:\/\/nicklashoffmann.de\/potente-parkpanik\/#primaryimage"},"image":{"@id":"https:\/\/nicklashoffmann.de\/potente-parkpanik\/#primaryimage"},"thumbnailUrl":"https:\/\/nicklashoffmann.de\/wp-content\/uploads\/2024\/11\/03_Potente_Parkpanik_2-1024x576.png","datePublished":"2024-10-22T16:23:55+00:00","dateModified":"2025-07-07T01:16:45+00:00","breadcrumb":{"@id":"https:\/\/nicklashoffmann.de\/potente-parkpanik\/#breadcrumb"},"inLanguage":"en-GB","potentialAction":[{"@type":"ReadAction","target":["https:\/\/nicklashoffmann.de\/potente-parkpanik\/"]}]},{"@type":"ImageObject","inLanguage":"en-GB","@id":"https:\/\/nicklashoffmann.de\/potente-parkpanik\/#primaryimage","url":"https:\/\/nicklashoffmann.de\/wp-content\/uploads\/2024\/11\/03_Potente_Parkpanik_2-1024x576.png","contentUrl":"https:\/\/nicklashoffmann.de\/wp-content\/uploads\/2024\/11\/03_Potente_Parkpanik_2-1024x576.png"},{"@type":"BreadcrumbList","@id":"https:\/\/nicklashoffmann.de\/potente-parkpanik\/#breadcrumb","itemListElement":[{"@type":"ListItem","position":1,"name":"Home","item":"https:\/\/nicklashoffmann.de\/"},{"@type":"ListItem","position":2,"name":"Potente Parkpanik"}]},{"@type":"WebSite","@id":"https:\/\/nicklashoffmann.de\/#website","url":"https:\/\/nicklashoffmann.de\/","name":"Nicklas Hoffmann","description":"Video- and Performance art","publisher":{"@id":"https:\/\/nicklashoffmann.de\/#\/schema\/person\/7ab72ea60d76fae8421e99f7df604072"},"alternateName":"nicklashoffmann","potentialAction":[{"@type":"SearchAction","target":{"@type":"EntryPoint","urlTemplate":"https:\/\/nicklashoffmann.de\/?s={search_term_string}"},"query-input":{"@type":"PropertyValueSpecification","valueRequired":true,"valueName":"search_term_string"}}],"inLanguage":"en-GB"},{"@type":["Person","Organization"],"@id":"https:\/\/nicklashoffmann.de\/#\/schema\/person\/7ab72ea60d76fae8421e99f7df604072","name":"admin","image":{"@type":"ImageObject","inLanguage":"en-GB","@id":"https:\/\/nicklashoffmann.de\/#\/schema\/person\/image\/","url":"https:\/\/nicklashoffmann.de\/wp-content\/uploads\/2023\/01\/Th_Website_Stanislaus.jpg","contentUrl":"https:\/\/nicklashoffmann.de\/wp-content\/uploads\/2023\/01\/Th_Website_Stanislaus.jpg","width":512,"height":512,"caption":"admin"},"logo":{"@id":"https:\/\/nicklashoffmann.de\/#\/schema\/person\/image\/"},"sameAs":["http:\/\/nicklashoffmann.de","http:\/\/youtube.com\/user\/MrNickOSir"]}]}},"_links":{"self":[{"href":"https:\/\/nicklashoffmann.de\/en\/wp-json\/wp\/v2\/pages\/971","targetHints":{"allow":["GET"]}}],"collection":[{"href":"https:\/\/nicklashoffmann.de\/en\/wp-json\/wp\/v2\/pages"}],"about":[{"href":"https:\/\/nicklashoffmann.de\/en\/wp-json\/wp\/v2\/types\/page"}],"author":[{"embeddable":true,"href":"https:\/\/nicklashoffmann.de\/en\/wp-json\/wp\/v2\/users\/1"}],"replies":[{"embeddable":true,"href":"https:\/\/nicklashoffmann.de\/en\/wp-json\/wp\/v2\/comments?post=971"}],"version-history":[{"count":16,"href":"https:\/\/nicklashoffmann.de\/en\/wp-json\/wp\/v2\/pages\/971\/revisions"}],"predecessor-version":[{"id":1243,"href":"https:\/\/nicklashoffmann.de\/en\/wp-json\/wp\/v2\/pages\/971\/revisions\/1243"}],"wp:attachment":[{"href":"https:\/\/nicklashoffmann.de\/en\/wp-json\/wp\/v2\/media?parent=971"}],"curies":[{"name":"wp","href":"https:\/\/api.w.org\/{rel}","templated":true}]}}