{"id":926,"date":"2024-10-22T15:00:21","date_gmt":"2024-10-22T15:00:21","guid":{"rendered":"https:\/\/nicklashoffmann.de\/?page_id=926"},"modified":"2026-05-03T22:29:52","modified_gmt":"2026-05-03T22:29:52","slug":"teaser-a-harry-situation","status":"publish","type":"page","link":"https:\/\/nicklashoffmann.de\/en\/teaser-a-harry-situation\/","title":{"rendered":"Teaser: A Harry Situation"},"content":{"rendered":"<h4 class=\"wp-block-heading\">A Harry Situation-Saga: Teil 0<\/h4>\n\n\n\n<figure class=\"wp-block-embed is-type-video is-provider-youtube wp-block-embed-youtube wp-embed-aspect-16-9 wp-has-aspect-ratio\"><div class=\"wp-block-embed__wrapper\">\n<iframe loading=\"lazy\" title=\"Teaser: A Harry Situation\" width=\"660\" height=\"371\" src=\"https:\/\/www.youtube.com\/embed\/Ds8aYQVG9DQ?feature=oembed\" frameborder=\"0\" allow=\"accelerometer; autoplay; clipboard-write; encrypted-media; gyroscope; picture-in-picture; web-share\" referrerpolicy=\"strict-origin-when-cross-origin\" allowfullscreen><\/iframe>\n<\/div><\/figure>\n\n\n\n<p>In 100 dystopischen Jahren sind zwei m\u00e4chtige K\u00f6nigreiche miteinander auf Kriegsfu\u00df. Das Fischk\u00f6nigreich steht f\u00fcr Fortschritt und Glattheit, w\u00e4hrend das B\u00e4renk\u00f6nigreich f\u00fcr Tradition und Behaarung steht. Harry Weggli ist der neutrale Protagonist, der sich von ChatGPT eine Zeitmaschine bauen lie\u00df \u2013 und nun muss er sich in dieser neuen Welt zwischen K\u00f6rperbehaarung oder Glattheit entscheiden.<\/p>\n\n\n\n<p><em>A Harry Situation saga<\/em> ist eine Mischung aus Theater-Performance, B\u00fchnenbild, Video und Animation zum Thema Haare. Hier zu sehen: Der B\u00e4renk\u00f6nig unter der Dusche und die Fischk\u00f6nigin im Spa. <em>Teaser: A Harry Situation<\/em> entstand f\u00fcr die Ausstellung <em>A Letter from a Friend<\/em>, die vom 09.11.2024 bis zum&nbsp;31.01.2025 in der Galerie Bacio in Bern betrachtet werden konnte.<\/p>\n\n\n\n<p><strong>Zugeh\u00f6rige Collage:<\/strong>&nbsp; Die geprintete Collage vor Ort f\u00fchrte mit einem QR Code auf das Video auf dieser Website.<\/p>\n\n\n\n<figure class=\"wp-block-image size-large is-resized\"><img loading=\"lazy\" decoding=\"async\" width=\"724\" height=\"1024\" src=\"https:\/\/nicklashoffmann.de\/wp-content\/uploads\/2024\/10\/Teaser_A_Harry_Situation-724x1024.jpg\" alt=\"\" class=\"wp-image-963\" style=\"width:auto;height:530px\" srcset=\"https:\/\/nicklashoffmann.de\/wp-content\/uploads\/2024\/10\/Teaser_A_Harry_Situation-724x1024.jpg 724w, https:\/\/nicklashoffmann.de\/wp-content\/uploads\/2024\/10\/Teaser_A_Harry_Situation-212x300.jpg 212w, https:\/\/nicklashoffmann.de\/wp-content\/uploads\/2024\/10\/Teaser_A_Harry_Situation-768x1086.jpg 768w, https:\/\/nicklashoffmann.de\/wp-content\/uploads\/2024\/10\/Teaser_A_Harry_Situation-1086x1536.jpg 1086w, https:\/\/nicklashoffmann.de\/wp-content\/uploads\/2024\/10\/Teaser_A_Harry_Situation-1448x2048.jpg 1448w, https:\/\/nicklashoffmann.de\/wp-content\/uploads\/2024\/10\/Teaser_A_Harry_Situation-scaled.jpg 1810w\" sizes=\"auto, (max-width: 724px) 100vw, 724px\" \/><\/figure>\n\n\n\n<h4 class=\"wp-block-heading\">Einzelheiten<\/h4>\n\n\n\n<figure class=\"wp-block-table is-style-stripes\"><table class=\"has-fixed-layout\"><tbody><tr><td>Entstehungsjahr<\/td><td>2024<\/td><\/tr><tr><td>Material<\/td><td>Digitale Collage + Video (3 Minuten)<\/td><\/tr><tr><td>K\u00fcnstler<\/td><td>Nicklas Hoffmann<\/td><\/tr><tr><td>Wurde ausgestellt in<\/td><td><em>A Letter from a Friend<\/em> in der Galerie Bacio in Bern (2024)<\/td><\/tr><\/tbody><\/table><\/figure>\n\n\n\n<p><\/p>\n\n\n\n<p><\/p>","protected":false},"excerpt":{"rendered":"<p>A Harry Situation-Saga: Teil 0 In 100 dystopischen Jahren sind zwei m\u00e4chtige K\u00f6nigreiche miteinander auf Kriegsfu\u00df. Das Fischk\u00f6nigreich steht f\u00fcr Fortschritt und Glattheit, w\u00e4hrend das B\u00e4renk\u00f6nigreich f\u00fcr Tradition und Behaarung steht. Harry Weggli ist der neutrale Protagonist, der sich von ChatGPT eine Zeitmaschine bauen lie\u00df \u2013 und nun muss er sich in dieser neuen Welt &hellip; <a href=\"https:\/\/nicklashoffmann.de\/en\/teaser-a-harry-situation\/\" class=\"more-link\">Continue reading <span class=\"screen-reader-text\">Teaser: A Harry Situation<\/span><\/a><\/p>","protected":false},"author":1,"featured_media":0,"parent":0,"menu_order":0,"comment_status":"closed","ping_status":"closed","template":"","meta":{"footnotes":""},"class_list":["post-926","page","type-page","status-publish","hentry"],"yoast_head":"<!-- This site is optimized with the Yoast SEO plugin v26.6 - https:\/\/yoast.com\/wordpress\/plugins\/seo\/ -->\n<title>Teaser: A Harry Situation - Nicklas Hoffmann<\/title>\n<meta name=\"description\" content=\"A Harry Situation vermischt Theater-Performance, B\u00fchnenbild, Video und Animation zum Thema Haare. Hier: der B\u00e4renk\u00f6nig sowie eine Collage.\" \/>\n<meta name=\"robots\" content=\"index, follow, max-snippet:-1, max-image-preview:large, max-video-preview:-1\" \/>\n<link rel=\"canonical\" href=\"https:\/\/nicklashoffmann.de\/en\/teaser-a-harry-situation\/\" \/>\n<meta property=\"og:locale\" content=\"en_GB\" \/>\n<meta property=\"og:type\" content=\"article\" \/>\n<meta property=\"og:title\" content=\"Teaser: A Harry Situation - Nicklas Hoffmann\" \/>\n<meta property=\"og:description\" content=\"A Harry Situation vermischt Theater-Performance, B\u00fchnenbild, Video und Animation zum Thema Haare. Hier: der B\u00e4renk\u00f6nig sowie eine Collage.\" \/>\n<meta property=\"og:url\" content=\"https:\/\/nicklashoffmann.de\/en\/teaser-a-harry-situation\/\" \/>\n<meta property=\"og:site_name\" content=\"Nicklas Hoffmann\" \/>\n<meta property=\"article:modified_time\" content=\"2026-05-03T22:29:52+00:00\" \/>\n<meta property=\"og:image\" content=\"https:\/\/nicklashoffmann.de\/wp-content\/uploads\/2024\/10\/Teaser_A_Harry_Situation-scaled.jpg\" \/>\n\t<meta property=\"og:image:width\" content=\"1810\" \/>\n\t<meta property=\"og:image:height\" content=\"2560\" \/>\n\t<meta property=\"og:image:type\" content=\"image\/jpeg\" \/>\n<meta name=\"twitter:card\" content=\"summary_large_image\" \/>\n<meta name=\"twitter:label1\" content=\"Estimated reading time\" \/>\n\t<meta name=\"twitter:data1\" content=\"2 minutes\" \/>\n<script type=\"application\/ld+json\" class=\"yoast-schema-graph\">{\"@context\":\"https:\/\/schema.org\",\"@graph\":[{\"@type\":\"WebPage\",\"@id\":\"https:\/\/nicklashoffmann.de\/teaser-a-harry-situation\/\",\"url\":\"https:\/\/nicklashoffmann.de\/teaser-a-harry-situation\/\",\"name\":\"Teaser: A Harry Situation - Nicklas Hoffmann\",\"isPartOf\":{\"@id\":\"https:\/\/nicklashoffmann.de\/#website\"},\"primaryImageOfPage\":{\"@id\":\"https:\/\/nicklashoffmann.de\/teaser-a-harry-situation\/#primaryimage\"},\"image\":{\"@id\":\"https:\/\/nicklashoffmann.de\/teaser-a-harry-situation\/#primaryimage\"},\"thumbnailUrl\":\"https:\/\/nicklashoffmann.de\/wp-content\/uploads\/2024\/10\/Teaser_A_Harry_Situation-724x1024.jpg\",\"datePublished\":\"2024-10-22T15:00:21+00:00\",\"dateModified\":\"2026-05-03T22:29:52+00:00\",\"description\":\"A Harry Situation vermischt Theater-Performance, B\u00fchnenbild, Video und Animation zum Thema Haare. Hier: der B\u00e4renk\u00f6nig sowie eine Collage.\",\"breadcrumb\":{\"@id\":\"https:\/\/nicklashoffmann.de\/teaser-a-harry-situation\/#breadcrumb\"},\"inLanguage\":\"en-GB\",\"potentialAction\":[{\"@type\":\"ReadAction\",\"target\":[\"https:\/\/nicklashoffmann.de\/teaser-a-harry-situation\/\"]}]},{\"@type\":\"ImageObject\",\"inLanguage\":\"en-GB\",\"@id\":\"https:\/\/nicklashoffmann.de\/teaser-a-harry-situation\/#primaryimage\",\"url\":\"https:\/\/nicklashoffmann.de\/wp-content\/uploads\/2024\/10\/Teaser_A_Harry_Situation-724x1024.jpg\",\"contentUrl\":\"https:\/\/nicklashoffmann.de\/wp-content\/uploads\/2024\/10\/Teaser_A_Harry_Situation-724x1024.jpg\"},{\"@type\":\"BreadcrumbList\",\"@id\":\"https:\/\/nicklashoffmann.de\/teaser-a-harry-situation\/#breadcrumb\",\"itemListElement\":[{\"@type\":\"ListItem\",\"position\":1,\"name\":\"Home\",\"item\":\"https:\/\/nicklashoffmann.de\/\"},{\"@type\":\"ListItem\",\"position\":2,\"name\":\"Teaser: A Harry Situation\"}]},{\"@type\":\"WebSite\",\"@id\":\"https:\/\/nicklashoffmann.de\/#website\",\"url\":\"https:\/\/nicklashoffmann.de\/\",\"name\":\"Nicklas Hoffmann\",\"description\":\"Video- und Performancekunst\",\"publisher\":{\"@id\":\"https:\/\/nicklashoffmann.de\/#\/schema\/person\/7ab72ea60d76fae8421e99f7df604072\"},\"alternateName\":\"nicklashoffmann\",\"potentialAction\":[{\"@type\":\"SearchAction\",\"target\":{\"@type\":\"EntryPoint\",\"urlTemplate\":\"https:\/\/nicklashoffmann.de\/?s={search_term_string}\"},\"query-input\":{\"@type\":\"PropertyValueSpecification\",\"valueRequired\":true,\"valueName\":\"search_term_string\"}}],\"inLanguage\":\"en-GB\"},{\"@type\":[\"Person\",\"Organization\"],\"@id\":\"https:\/\/nicklashoffmann.de\/#\/schema\/person\/7ab72ea60d76fae8421e99f7df604072\",\"name\":\"admin\",\"image\":{\"@type\":\"ImageObject\",\"inLanguage\":\"en-GB\",\"@id\":\"https:\/\/nicklashoffmann.de\/#\/schema\/person\/image\/\",\"url\":\"https:\/\/nicklashoffmann.de\/wp-content\/uploads\/2023\/01\/Th_Website_Stanislaus.jpg\",\"contentUrl\":\"https:\/\/nicklashoffmann.de\/wp-content\/uploads\/2023\/01\/Th_Website_Stanislaus.jpg\",\"width\":512,\"height\":512,\"caption\":\"admin\"},\"logo\":{\"@id\":\"https:\/\/nicklashoffmann.de\/#\/schema\/person\/image\/\"},\"sameAs\":[\"http:\/\/nicklashoffmann.de\",\"http:\/\/youtube.com\/user\/MrNickOSir\"]}]}<\/script>\n<!-- \/ Yoast SEO plugin. -->","yoast_head_json":{"title":"Teaser: A Harry Situation - Nicklas Hoffmann","description":"A Harry Situation vermischt Theater-Performance, B\u00fchnenbild, Video und Animation zum Thema Haare. Hier: der B\u00e4renk\u00f6nig sowie eine Collage.","robots":{"index":"index","follow":"follow","max-snippet":"max-snippet:-1","max-image-preview":"max-image-preview:large","max-video-preview":"max-video-preview:-1"},"canonical":"https:\/\/nicklashoffmann.de\/en\/teaser-a-harry-situation\/","og_locale":"en_GB","og_type":"article","og_title":"Teaser: A Harry Situation - Nicklas Hoffmann","og_description":"A Harry Situation vermischt Theater-Performance, B\u00fchnenbild, Video und Animation zum Thema Haare. Hier: der B\u00e4renk\u00f6nig sowie eine Collage.","og_url":"https:\/\/nicklashoffmann.de\/en\/teaser-a-harry-situation\/","og_site_name":"Nicklas Hoffmann","article_modified_time":"2026-05-03T22:29:52+00:00","og_image":[{"width":1810,"height":2560,"url":"https:\/\/nicklashoffmann.de\/wp-content\/uploads\/2024\/10\/Teaser_A_Harry_Situation-scaled.jpg","type":"image\/jpeg"}],"twitter_card":"summary_large_image","twitter_misc":{"Estimated reading time":"2 minutes"},"schema":{"@context":"https:\/\/schema.org","@graph":[{"@type":"WebPage","@id":"https:\/\/nicklashoffmann.de\/teaser-a-harry-situation\/","url":"https:\/\/nicklashoffmann.de\/teaser-a-harry-situation\/","name":"Teaser: A Harry Situation - Nicklas Hoffmann","isPartOf":{"@id":"https:\/\/nicklashoffmann.de\/#website"},"primaryImageOfPage":{"@id":"https:\/\/nicklashoffmann.de\/teaser-a-harry-situation\/#primaryimage"},"image":{"@id":"https:\/\/nicklashoffmann.de\/teaser-a-harry-situation\/#primaryimage"},"thumbnailUrl":"https:\/\/nicklashoffmann.de\/wp-content\/uploads\/2024\/10\/Teaser_A_Harry_Situation-724x1024.jpg","datePublished":"2024-10-22T15:00:21+00:00","dateModified":"2026-05-03T22:29:52+00:00","description":"A Harry Situation vermischt Theater-Performance, B\u00fchnenbild, Video und Animation zum Thema Haare. Hier: der B\u00e4renk\u00f6nig sowie eine Collage.","breadcrumb":{"@id":"https:\/\/nicklashoffmann.de\/teaser-a-harry-situation\/#breadcrumb"},"inLanguage":"en-GB","potentialAction":[{"@type":"ReadAction","target":["https:\/\/nicklashoffmann.de\/teaser-a-harry-situation\/"]}]},{"@type":"ImageObject","inLanguage":"en-GB","@id":"https:\/\/nicklashoffmann.de\/teaser-a-harry-situation\/#primaryimage","url":"https:\/\/nicklashoffmann.de\/wp-content\/uploads\/2024\/10\/Teaser_A_Harry_Situation-724x1024.jpg","contentUrl":"https:\/\/nicklashoffmann.de\/wp-content\/uploads\/2024\/10\/Teaser_A_Harry_Situation-724x1024.jpg"},{"@type":"BreadcrumbList","@id":"https:\/\/nicklashoffmann.de\/teaser-a-harry-situation\/#breadcrumb","itemListElement":[{"@type":"ListItem","position":1,"name":"Home","item":"https:\/\/nicklashoffmann.de\/"},{"@type":"ListItem","position":2,"name":"Teaser: A Harry Situation"}]},{"@type":"WebSite","@id":"https:\/\/nicklashoffmann.de\/#website","url":"https:\/\/nicklashoffmann.de\/","name":"Nicklas Hoffmann","description":"Video- and Performance art","publisher":{"@id":"https:\/\/nicklashoffmann.de\/#\/schema\/person\/7ab72ea60d76fae8421e99f7df604072"},"alternateName":"nicklashoffmann","potentialAction":[{"@type":"SearchAction","target":{"@type":"EntryPoint","urlTemplate":"https:\/\/nicklashoffmann.de\/?s={search_term_string}"},"query-input":{"@type":"PropertyValueSpecification","valueRequired":true,"valueName":"search_term_string"}}],"inLanguage":"en-GB"},{"@type":["Person","Organization"],"@id":"https:\/\/nicklashoffmann.de\/#\/schema\/person\/7ab72ea60d76fae8421e99f7df604072","name":"admin","image":{"@type":"ImageObject","inLanguage":"en-GB","@id":"https:\/\/nicklashoffmann.de\/#\/schema\/person\/image\/","url":"https:\/\/nicklashoffmann.de\/wp-content\/uploads\/2023\/01\/Th_Website_Stanislaus.jpg","contentUrl":"https:\/\/nicklashoffmann.de\/wp-content\/uploads\/2023\/01\/Th_Website_Stanislaus.jpg","width":512,"height":512,"caption":"admin"},"logo":{"@id":"https:\/\/nicklashoffmann.de\/#\/schema\/person\/image\/"},"sameAs":["http:\/\/nicklashoffmann.de","http:\/\/youtube.com\/user\/MrNickOSir"]}]}},"_links":{"self":[{"href":"https:\/\/nicklashoffmann.de\/en\/wp-json\/wp\/v2\/pages\/926","targetHints":{"allow":["GET"]}}],"collection":[{"href":"https:\/\/nicklashoffmann.de\/en\/wp-json\/wp\/v2\/pages"}],"about":[{"href":"https:\/\/nicklashoffmann.de\/en\/wp-json\/wp\/v2\/types\/page"}],"author":[{"embeddable":true,"href":"https:\/\/nicklashoffmann.de\/en\/wp-json\/wp\/v2\/users\/1"}],"replies":[{"embeddable":true,"href":"https:\/\/nicklashoffmann.de\/en\/wp-json\/wp\/v2\/comments?post=926"}],"version-history":[{"count":23,"href":"https:\/\/nicklashoffmann.de\/en\/wp-json\/wp\/v2\/pages\/926\/revisions"}],"predecessor-version":[{"id":1292,"href":"https:\/\/nicklashoffmann.de\/en\/wp-json\/wp\/v2\/pages\/926\/revisions\/1292"}],"wp:attachment":[{"href":"https:\/\/nicklashoffmann.de\/en\/wp-json\/wp\/v2\/media?parent=926"}],"curies":[{"name":"wp","href":"https:\/\/api.w.org\/{rel}","templated":true}]}}