{"id":85,"date":"2023-01-05T23:49:40","date_gmt":"2023-01-05T23:49:40","guid":{"rendered":"http:\/\/nicklashoffmann.de\/?page_id=85"},"modified":"2024-01-06T12:36:02","modified_gmt":"2024-01-06T12:36:02","slug":"palme-und-stein","status":"publish","type":"page","link":"https:\/\/nicklashoffmann.de\/en\/palme-und-stein\/","title":{"rendered":"Palme und Stein"},"content":{"rendered":"<h4 class=\"wp-block-heading\">Musikvideos: Teil 2<\/h4>\n\n\n\n<figure class=\"wp-block-embed is-type-video is-provider-youtube wp-block-embed-youtube wp-embed-aspect-16-9 wp-has-aspect-ratio\"><div class=\"wp-block-embed__wrapper\">\n<iframe loading=\"lazy\" title=\"Palme und Stein\" width=\"660\" height=\"371\" src=\"https:\/\/www.youtube.com\/embed\/ESBZYCySZao?feature=oembed\" frameborder=\"0\" allow=\"accelerometer; autoplay; clipboard-write; encrypted-media; gyroscope; picture-in-picture; web-share\" referrerpolicy=\"strict-origin-when-cross-origin\" allowfullscreen><\/iframe>\n<\/div><\/figure>\n\n\n\n<p>Was hat es eigentlich mit den Gegenst\u00e4nden auf einer Fensterbank auf sich? Diese Arbeit besteht aus verkn\u00fcpfbaren Erz\u00e4hlstr\u00e4ngen. Durch das kontinuierliche Wiederholen soll die Stimmung der Handlung verst\u00e4rkt werden, denn das Ende der Geschichte als alternativlose Eskapade scheint unausweichlich.<\/p>\n\n\n\n<p>Die Arbeit entstand nach dem Kauf einer Bergpalme und dem Erhalt eines Lapis Lazuli Steins. Ein skizzenhafter Sprachnachrichten-Austausch zwischen den K\u00fcnstlern mit verschiedenen Melodien und Texten und die Auseinandersetzung mit Fensterb\u00e4nken f\u00fchrten schlie\u00dflich zu Musikvideo-Ans\u00e4tzen. Diese sollten ebenso schon mit verschiedenen Erz\u00e4hlstr\u00e4ngen und Stimmungen arbeiten.<\/p>\n\n\n\n<p>Die jetzige Fassung zeigt die thematische Aufteilung als direkte Screen-Aufteilung nebeneinander und enth\u00e4lt als Ton nur Stra\u00dfenger\u00e4usche sowie melodische Komponenten des urspr\u00fcnglichen Songs.<\/p>\n\n\n\n<h4 class=\"wp-block-heading\">Einzelheiten<\/h4>\n\n\n\n<figure class=\"wp-block-table is-style-stripes\"><table><tbody><tr><td>Entstehungsjahr<\/td><td>2019<\/td><\/tr><tr><td>Material<\/td><td>Video (2 Minuten im Loop)<\/td><\/tr><tr><td>K\u00fcnstler<\/td><td>Nicklas&nbsp;Hoffmann&nbsp;&amp;&nbsp;Alexander&nbsp;Eberle<\/td><\/tr><tr><td>Wurde ausgestellt in<\/td><td>Jahresausstellung in der AdBK M\u00fcnchen, Gartenfreifl\u00e4che (2019);<br>Online-Jahresausstellung in der AdBK M\u00fcnchen, Klasse Hien (2020)<\/td><\/tr><\/tbody><\/table><\/figure>","protected":false},"excerpt":{"rendered":"<p>Musikvideos: Teil 2 Was hat es eigentlich mit den Gegenst\u00e4nden auf einer Fensterbank auf sich? Diese Arbeit besteht aus verkn\u00fcpfbaren Erz\u00e4hlstr\u00e4ngen. Durch das kontinuierliche Wiederholen soll die Stimmung der Handlung verst\u00e4rkt werden, denn das Ende der Geschichte als alternativlose Eskapade scheint unausweichlich. Die Arbeit entstand nach dem Kauf einer Bergpalme und dem Erhalt eines Lapis &hellip; <a href=\"https:\/\/nicklashoffmann.de\/en\/palme-und-stein\/\" class=\"more-link\">Continue reading <span class=\"screen-reader-text\">Palme und Stein<\/span><\/a><\/p>","protected":false},"author":1,"featured_media":0,"parent":0,"menu_order":0,"comment_status":"closed","ping_status":"closed","template":"","meta":{"footnotes":""},"class_list":["post-85","page","type-page","status-publish","hentry"],"yoast_head":"<!-- This site is optimized with the Yoast SEO plugin v26.6 - https:\/\/yoast.com\/wordpress\/plugins\/seo\/ -->\n<title>Palme und Stein - Nicklas Hoffmann<\/title>\n<meta name=\"description\" content=\"Was hat es eigentlich mit den Gegenst\u00e4nden auf einer Fensterbank auf sich? Diese Arbeit besteht aus verkn\u00fcpfbaren Erz\u00e4hlstr\u00e4ngen.\" \/>\n<meta name=\"robots\" content=\"index, follow, max-snippet:-1, max-image-preview:large, max-video-preview:-1\" \/>\n<link rel=\"canonical\" href=\"https:\/\/nicklashoffmann.de\/en\/palme-und-stein\/\" \/>\n<meta property=\"og:locale\" content=\"en_GB\" \/>\n<meta property=\"og:type\" content=\"article\" \/>\n<meta property=\"og:title\" content=\"Palme und Stein - Nicklas Hoffmann\" \/>\n<meta property=\"og:description\" content=\"Was hat es eigentlich mit den Gegenst\u00e4nden auf einer Fensterbank auf sich? Diese Arbeit besteht aus verkn\u00fcpfbaren Erz\u00e4hlstr\u00e4ngen.\" \/>\n<meta property=\"og:url\" content=\"https:\/\/nicklashoffmann.de\/en\/palme-und-stein\/\" \/>\n<meta property=\"og:site_name\" content=\"Nicklas Hoffmann\" \/>\n<meta property=\"article:modified_time\" content=\"2024-01-06T12:36:02+00:00\" \/>\n<meta name=\"twitter:card\" content=\"summary_large_image\" \/>\n<meta name=\"twitter:label1\" content=\"Estimated reading time\" \/>\n\t<meta name=\"twitter:data1\" content=\"1 minute\" \/>\n<script type=\"application\/ld+json\" class=\"yoast-schema-graph\">{\"@context\":\"https:\/\/schema.org\",\"@graph\":[{\"@type\":\"WebPage\",\"@id\":\"https:\/\/nicklashoffmann.de\/palme-und-stein\/\",\"url\":\"https:\/\/nicklashoffmann.de\/palme-und-stein\/\",\"name\":\"Palme und Stein - Nicklas Hoffmann\",\"isPartOf\":{\"@id\":\"https:\/\/nicklashoffmann.de\/#website\"},\"datePublished\":\"2023-01-05T23:49:40+00:00\",\"dateModified\":\"2024-01-06T12:36:02+00:00\",\"description\":\"Was hat es eigentlich mit den Gegenst\u00e4nden auf einer Fensterbank auf sich? Diese Arbeit besteht aus verkn\u00fcpfbaren Erz\u00e4hlstr\u00e4ngen.\",\"breadcrumb\":{\"@id\":\"https:\/\/nicklashoffmann.de\/palme-und-stein\/#breadcrumb\"},\"inLanguage\":\"en-GB\",\"potentialAction\":[{\"@type\":\"ReadAction\",\"target\":[\"https:\/\/nicklashoffmann.de\/palme-und-stein\/\"]}]},{\"@type\":\"BreadcrumbList\",\"@id\":\"https:\/\/nicklashoffmann.de\/palme-und-stein\/#breadcrumb\",\"itemListElement\":[{\"@type\":\"ListItem\",\"position\":1,\"name\":\"Home\",\"item\":\"https:\/\/nicklashoffmann.de\/\"},{\"@type\":\"ListItem\",\"position\":2,\"name\":\"Palme und Stein\"}]},{\"@type\":\"WebSite\",\"@id\":\"https:\/\/nicklashoffmann.de\/#website\",\"url\":\"https:\/\/nicklashoffmann.de\/\",\"name\":\"Nicklas Hoffmann\",\"description\":\"Video- und Performancekunst\",\"publisher\":{\"@id\":\"https:\/\/nicklashoffmann.de\/#\/schema\/person\/7ab72ea60d76fae8421e99f7df604072\"},\"alternateName\":\"nicklashoffmann\",\"potentialAction\":[{\"@type\":\"SearchAction\",\"target\":{\"@type\":\"EntryPoint\",\"urlTemplate\":\"https:\/\/nicklashoffmann.de\/?s={search_term_string}\"},\"query-input\":{\"@type\":\"PropertyValueSpecification\",\"valueRequired\":true,\"valueName\":\"search_term_string\"}}],\"inLanguage\":\"en-GB\"},{\"@type\":[\"Person\",\"Organization\"],\"@id\":\"https:\/\/nicklashoffmann.de\/#\/schema\/person\/7ab72ea60d76fae8421e99f7df604072\",\"name\":\"admin\",\"image\":{\"@type\":\"ImageObject\",\"inLanguage\":\"en-GB\",\"@id\":\"https:\/\/nicklashoffmann.de\/#\/schema\/person\/image\/\",\"url\":\"https:\/\/nicklashoffmann.de\/wp-content\/uploads\/2023\/01\/Th_Website_Stanislaus.jpg\",\"contentUrl\":\"https:\/\/nicklashoffmann.de\/wp-content\/uploads\/2023\/01\/Th_Website_Stanislaus.jpg\",\"width\":512,\"height\":512,\"caption\":\"admin\"},\"logo\":{\"@id\":\"https:\/\/nicklashoffmann.de\/#\/schema\/person\/image\/\"},\"sameAs\":[\"http:\/\/nicklashoffmann.de\",\"http:\/\/youtube.com\/user\/MrNickOSir\"]}]}<\/script>\n<!-- \/ Yoast SEO plugin. -->","yoast_head_json":{"title":"Palme und Stein - Nicklas Hoffmann","description":"Was hat es eigentlich mit den Gegenst\u00e4nden auf einer Fensterbank auf sich? Diese Arbeit besteht aus verkn\u00fcpfbaren Erz\u00e4hlstr\u00e4ngen.","robots":{"index":"index","follow":"follow","max-snippet":"max-snippet:-1","max-image-preview":"max-image-preview:large","max-video-preview":"max-video-preview:-1"},"canonical":"https:\/\/nicklashoffmann.de\/en\/palme-und-stein\/","og_locale":"en_GB","og_type":"article","og_title":"Palme und Stein - Nicklas Hoffmann","og_description":"Was hat es eigentlich mit den Gegenst\u00e4nden auf einer Fensterbank auf sich? Diese Arbeit besteht aus verkn\u00fcpfbaren Erz\u00e4hlstr\u00e4ngen.","og_url":"https:\/\/nicklashoffmann.de\/en\/palme-und-stein\/","og_site_name":"Nicklas Hoffmann","article_modified_time":"2024-01-06T12:36:02+00:00","twitter_card":"summary_large_image","twitter_misc":{"Estimated reading time":"1 minute"},"schema":{"@context":"https:\/\/schema.org","@graph":[{"@type":"WebPage","@id":"https:\/\/nicklashoffmann.de\/palme-und-stein\/","url":"https:\/\/nicklashoffmann.de\/palme-und-stein\/","name":"Palme und Stein - Nicklas Hoffmann","isPartOf":{"@id":"https:\/\/nicklashoffmann.de\/#website"},"datePublished":"2023-01-05T23:49:40+00:00","dateModified":"2024-01-06T12:36:02+00:00","description":"Was hat es eigentlich mit den Gegenst\u00e4nden auf einer Fensterbank auf sich? Diese Arbeit besteht aus verkn\u00fcpfbaren Erz\u00e4hlstr\u00e4ngen.","breadcrumb":{"@id":"https:\/\/nicklashoffmann.de\/palme-und-stein\/#breadcrumb"},"inLanguage":"en-GB","potentialAction":[{"@type":"ReadAction","target":["https:\/\/nicklashoffmann.de\/palme-und-stein\/"]}]},{"@type":"BreadcrumbList","@id":"https:\/\/nicklashoffmann.de\/palme-und-stein\/#breadcrumb","itemListElement":[{"@type":"ListItem","position":1,"name":"Home","item":"https:\/\/nicklashoffmann.de\/"},{"@type":"ListItem","position":2,"name":"Palme und Stein"}]},{"@type":"WebSite","@id":"https:\/\/nicklashoffmann.de\/#website","url":"https:\/\/nicklashoffmann.de\/","name":"Nicklas Hoffmann","description":"Video- and Performance art","publisher":{"@id":"https:\/\/nicklashoffmann.de\/#\/schema\/person\/7ab72ea60d76fae8421e99f7df604072"},"alternateName":"nicklashoffmann","potentialAction":[{"@type":"SearchAction","target":{"@type":"EntryPoint","urlTemplate":"https:\/\/nicklashoffmann.de\/?s={search_term_string}"},"query-input":{"@type":"PropertyValueSpecification","valueRequired":true,"valueName":"search_term_string"}}],"inLanguage":"en-GB"},{"@type":["Person","Organization"],"@id":"https:\/\/nicklashoffmann.de\/#\/schema\/person\/7ab72ea60d76fae8421e99f7df604072","name":"admin","image":{"@type":"ImageObject","inLanguage":"en-GB","@id":"https:\/\/nicklashoffmann.de\/#\/schema\/person\/image\/","url":"https:\/\/nicklashoffmann.de\/wp-content\/uploads\/2023\/01\/Th_Website_Stanislaus.jpg","contentUrl":"https:\/\/nicklashoffmann.de\/wp-content\/uploads\/2023\/01\/Th_Website_Stanislaus.jpg","width":512,"height":512,"caption":"admin"},"logo":{"@id":"https:\/\/nicklashoffmann.de\/#\/schema\/person\/image\/"},"sameAs":["http:\/\/nicklashoffmann.de","http:\/\/youtube.com\/user\/MrNickOSir"]}]}},"_links":{"self":[{"href":"https:\/\/nicklashoffmann.de\/en\/wp-json\/wp\/v2\/pages\/85","targetHints":{"allow":["GET"]}}],"collection":[{"href":"https:\/\/nicklashoffmann.de\/en\/wp-json\/wp\/v2\/pages"}],"about":[{"href":"https:\/\/nicklashoffmann.de\/en\/wp-json\/wp\/v2\/types\/page"}],"author":[{"embeddable":true,"href":"https:\/\/nicklashoffmann.de\/en\/wp-json\/wp\/v2\/users\/1"}],"replies":[{"embeddable":true,"href":"https:\/\/nicklashoffmann.de\/en\/wp-json\/wp\/v2\/comments?post=85"}],"version-history":[{"count":5,"href":"https:\/\/nicklashoffmann.de\/en\/wp-json\/wp\/v2\/pages\/85\/revisions"}],"predecessor-version":[{"id":859,"href":"https:\/\/nicklashoffmann.de\/en\/wp-json\/wp\/v2\/pages\/85\/revisions\/859"}],"wp:attachment":[{"href":"https:\/\/nicklashoffmann.de\/en\/wp-json\/wp\/v2\/media?parent=85"}],"curies":[{"name":"wp","href":"https:\/\/api.w.org\/{rel}","templated":true}]}}