{"id":81,"date":"2023-01-05T23:42:58","date_gmt":"2023-01-05T23:42:58","guid":{"rendered":"http:\/\/nicklashoffmann.de\/?page_id=81"},"modified":"2024-01-06T12:35:09","modified_gmt":"2024-01-06T12:35:09","slug":"eine-efeurige-romanze","status":"publish","type":"page","link":"https:\/\/nicklashoffmann.de\/en\/eine-efeurige-romanze\/","title":{"rendered":"Eine (E)feurige Romanze"},"content":{"rendered":"<h4 class=\"wp-block-heading\">Musikvideos: Teil 1<\/h4>\n\n\n\n<figure class=\"wp-block-embed is-type-video is-provider-youtube wp-block-embed-youtube wp-embed-aspect-16-9 wp-has-aspect-ratio\"><div class=\"wp-block-embed__wrapper\">\n<iframe loading=\"lazy\" title=\"Eine (E)feurige Romanze\" width=\"660\" height=\"371\" src=\"https:\/\/www.youtube.com\/embed\/Sow8Y3CQtdc?feature=oembed\" frameborder=\"0\" allow=\"accelerometer; autoplay; clipboard-write; encrypted-media; gyroscope; picture-in-picture; web-share\" referrerpolicy=\"strict-origin-when-cross-origin\" allowfullscreen><\/iframe>\n<\/div><\/figure>\n\n\n\n<p>Wenn die Liebe zu Efeu einen zu solchen Efeu-Lovesongs befl\u00fcgelt, muss es wahre Liebe sein! Im Verlauf des Liedes klettern die Noten, wie auch der Efeu selbst, in die H\u00f6he und der Songtext wird zunehmend leidenschaftlicher. Das Musikvideo besteht aus Schnipseln der ersten sieben Suchergebnisse auf YouTube zum Suchbegriff \u201eEfeu\u201c.<\/p>\n\n\n\n<p>Diese Videoarbeit entstand f\u00fcr die Ausstellung <em>IMMERGR\u00dcN<\/em>, die vom 04.05.2018 bis zum 10.06.2018 im Weytterturm in Straubing betrachtet werden konnte. Das Ausstellungsthema war Efeu. <em>Eine (E)feurige Romanze<\/em> kann wie ein Enzyklop\u00e4die-Eintrag f\u00fcr diese Pflanze verstanden werden. Vorrangig soll mit der brennenden Leidenschaft zum Efeu, die die Arbeit suggeriert, \u00fcberspielt werden, dass sich der K\u00fcnstler noch nie mit dieser Pflanze besch\u00e4ftigt hatte.<\/p>\n\n\n\n<h4 class=\"wp-block-heading\">Einzelheiten<\/h4>\n\n\n\n<figure class=\"wp-block-table is-style-stripes\"><table><tbody><tr><td>Entstehungsjahr<\/td><td>2018<\/td><\/tr><tr><td>Material<\/td><td>Video (3 Minuten)<\/td><\/tr><tr><td>K\u00fcnstler<\/td><td>Nicklas Hoffmann<\/td><\/tr><tr><td>Wurde ausgestellt in<\/td><td><em>IMMER GR\u00dcN<\/em> im Weytterturm in Straubing (2018);<br>Jahresausstellung in der AdBK M\u00fcnchen, Gartenfreifl\u00e4che (2018);<br><em>K\u00fcnstlerMixTape Vol. 2<\/em> im Huber Seiler Haus in Rosenheim (2019);<br>Online-Jahresausstellung in der AdBK M\u00fcnchen, Klasse Hien (2020)<\/td><\/tr><\/tbody><\/table><\/figure>","protected":false},"excerpt":{"rendered":"<p>Musikvideos: Teil 1 Wenn die Liebe zu Efeu einen zu solchen Efeu-Lovesongs befl\u00fcgelt, muss es wahre Liebe sein! Im Verlauf des Liedes klettern die Noten, wie auch der Efeu selbst, in die H\u00f6he und der Songtext wird zunehmend leidenschaftlicher. Das Musikvideo besteht aus Schnipseln der ersten sieben Suchergebnisse auf YouTube zum Suchbegriff \u201eEfeu\u201c. Diese Videoarbeit &hellip; <a href=\"https:\/\/nicklashoffmann.de\/en\/eine-efeurige-romanze\/\" class=\"more-link\">Continue reading <span class=\"screen-reader-text\">Eine (E)feurige Romanze<\/span><\/a><\/p>","protected":false},"author":1,"featured_media":0,"parent":0,"menu_order":0,"comment_status":"closed","ping_status":"closed","template":"","meta":{"footnotes":""},"class_list":["post-81","page","type-page","status-publish","hentry"],"yoast_head":"<!-- This site is optimized with the Yoast SEO plugin v26.6 - https:\/\/yoast.com\/wordpress\/plugins\/seo\/ -->\n<title>Eine (E)feurige Romanze - Nicklas Hoffmann<\/title>\n<meta name=\"description\" content=\"Eine (E)feurige Romanze. Das Musikvideo besteht aus Schnipseln der ersten sieben Suchergebnisse auf YouTube zum Suchbegriff \u201eEfeu\u201c.\" \/>\n<meta name=\"robots\" content=\"index, follow, max-snippet:-1, max-image-preview:large, max-video-preview:-1\" \/>\n<link rel=\"canonical\" href=\"https:\/\/nicklashoffmann.de\/en\/eine-efeurige-romanze\/\" \/>\n<meta property=\"og:locale\" content=\"en_GB\" \/>\n<meta property=\"og:type\" content=\"article\" \/>\n<meta property=\"og:title\" content=\"Eine (E)feurige Romanze - Nicklas Hoffmann\" \/>\n<meta property=\"og:description\" content=\"Eine (E)feurige Romanze. Das Musikvideo besteht aus Schnipseln der ersten sieben Suchergebnisse auf YouTube zum Suchbegriff \u201eEfeu\u201c.\" \/>\n<meta property=\"og:url\" content=\"https:\/\/nicklashoffmann.de\/en\/eine-efeurige-romanze\/\" \/>\n<meta property=\"og:site_name\" content=\"Nicklas Hoffmann\" \/>\n<meta property=\"article:modified_time\" content=\"2024-01-06T12:35:09+00:00\" \/>\n<meta name=\"twitter:card\" content=\"summary_large_image\" \/>\n<meta name=\"twitter:label1\" content=\"Estimated reading time\" \/>\n\t<meta name=\"twitter:data1\" content=\"1 minute\" \/>\n<script type=\"application\/ld+json\" class=\"yoast-schema-graph\">{\"@context\":\"https:\/\/schema.org\",\"@graph\":[{\"@type\":\"WebPage\",\"@id\":\"https:\/\/nicklashoffmann.de\/eine-efeurige-romanze\/\",\"url\":\"https:\/\/nicklashoffmann.de\/eine-efeurige-romanze\/\",\"name\":\"Eine (E)feurige Romanze - Nicklas Hoffmann\",\"isPartOf\":{\"@id\":\"https:\/\/nicklashoffmann.de\/#website\"},\"datePublished\":\"2023-01-05T23:42:58+00:00\",\"dateModified\":\"2024-01-06T12:35:09+00:00\",\"description\":\"Eine (E)feurige Romanze. Das Musikvideo besteht aus Schnipseln der ersten sieben Suchergebnisse auf YouTube zum Suchbegriff \u201eEfeu\u201c.\",\"breadcrumb\":{\"@id\":\"https:\/\/nicklashoffmann.de\/eine-efeurige-romanze\/#breadcrumb\"},\"inLanguage\":\"en-GB\",\"potentialAction\":[{\"@type\":\"ReadAction\",\"target\":[\"https:\/\/nicklashoffmann.de\/eine-efeurige-romanze\/\"]}]},{\"@type\":\"BreadcrumbList\",\"@id\":\"https:\/\/nicklashoffmann.de\/eine-efeurige-romanze\/#breadcrumb\",\"itemListElement\":[{\"@type\":\"ListItem\",\"position\":1,\"name\":\"Home\",\"item\":\"https:\/\/nicklashoffmann.de\/\"},{\"@type\":\"ListItem\",\"position\":2,\"name\":\"Eine (E)feurige Romanze\"}]},{\"@type\":\"WebSite\",\"@id\":\"https:\/\/nicklashoffmann.de\/#website\",\"url\":\"https:\/\/nicklashoffmann.de\/\",\"name\":\"Nicklas Hoffmann\",\"description\":\"Video- und Performancekunst\",\"publisher\":{\"@id\":\"https:\/\/nicklashoffmann.de\/#\/schema\/person\/7ab72ea60d76fae8421e99f7df604072\"},\"alternateName\":\"nicklashoffmann\",\"potentialAction\":[{\"@type\":\"SearchAction\",\"target\":{\"@type\":\"EntryPoint\",\"urlTemplate\":\"https:\/\/nicklashoffmann.de\/?s={search_term_string}\"},\"query-input\":{\"@type\":\"PropertyValueSpecification\",\"valueRequired\":true,\"valueName\":\"search_term_string\"}}],\"inLanguage\":\"en-GB\"},{\"@type\":[\"Person\",\"Organization\"],\"@id\":\"https:\/\/nicklashoffmann.de\/#\/schema\/person\/7ab72ea60d76fae8421e99f7df604072\",\"name\":\"admin\",\"image\":{\"@type\":\"ImageObject\",\"inLanguage\":\"en-GB\",\"@id\":\"https:\/\/nicklashoffmann.de\/#\/schema\/person\/image\/\",\"url\":\"https:\/\/nicklashoffmann.de\/wp-content\/uploads\/2023\/01\/Th_Website_Stanislaus.jpg\",\"contentUrl\":\"https:\/\/nicklashoffmann.de\/wp-content\/uploads\/2023\/01\/Th_Website_Stanislaus.jpg\",\"width\":512,\"height\":512,\"caption\":\"admin\"},\"logo\":{\"@id\":\"https:\/\/nicklashoffmann.de\/#\/schema\/person\/image\/\"},\"sameAs\":[\"http:\/\/nicklashoffmann.de\",\"http:\/\/youtube.com\/user\/MrNickOSir\"]}]}<\/script>\n<!-- \/ Yoast SEO plugin. -->","yoast_head_json":{"title":"Eine (E)feurige Romanze - Nicklas Hoffmann","description":"Eine (E)feurige Romanze. Das Musikvideo besteht aus Schnipseln der ersten sieben Suchergebnisse auf YouTube zum Suchbegriff \u201eEfeu\u201c.","robots":{"index":"index","follow":"follow","max-snippet":"max-snippet:-1","max-image-preview":"max-image-preview:large","max-video-preview":"max-video-preview:-1"},"canonical":"https:\/\/nicklashoffmann.de\/en\/eine-efeurige-romanze\/","og_locale":"en_GB","og_type":"article","og_title":"Eine (E)feurige Romanze - Nicklas Hoffmann","og_description":"Eine (E)feurige Romanze. Das Musikvideo besteht aus Schnipseln der ersten sieben Suchergebnisse auf YouTube zum Suchbegriff \u201eEfeu\u201c.","og_url":"https:\/\/nicklashoffmann.de\/en\/eine-efeurige-romanze\/","og_site_name":"Nicklas Hoffmann","article_modified_time":"2024-01-06T12:35:09+00:00","twitter_card":"summary_large_image","twitter_misc":{"Estimated reading time":"1 minute"},"schema":{"@context":"https:\/\/schema.org","@graph":[{"@type":"WebPage","@id":"https:\/\/nicklashoffmann.de\/eine-efeurige-romanze\/","url":"https:\/\/nicklashoffmann.de\/eine-efeurige-romanze\/","name":"Eine (E)feurige Romanze - Nicklas Hoffmann","isPartOf":{"@id":"https:\/\/nicklashoffmann.de\/#website"},"datePublished":"2023-01-05T23:42:58+00:00","dateModified":"2024-01-06T12:35:09+00:00","description":"Eine (E)feurige Romanze. Das Musikvideo besteht aus Schnipseln der ersten sieben Suchergebnisse auf YouTube zum Suchbegriff \u201eEfeu\u201c.","breadcrumb":{"@id":"https:\/\/nicklashoffmann.de\/eine-efeurige-romanze\/#breadcrumb"},"inLanguage":"en-GB","potentialAction":[{"@type":"ReadAction","target":["https:\/\/nicklashoffmann.de\/eine-efeurige-romanze\/"]}]},{"@type":"BreadcrumbList","@id":"https:\/\/nicklashoffmann.de\/eine-efeurige-romanze\/#breadcrumb","itemListElement":[{"@type":"ListItem","position":1,"name":"Home","item":"https:\/\/nicklashoffmann.de\/"},{"@type":"ListItem","position":2,"name":"Eine (E)feurige Romanze"}]},{"@type":"WebSite","@id":"https:\/\/nicklashoffmann.de\/#website","url":"https:\/\/nicklashoffmann.de\/","name":"Nicklas Hoffmann","description":"Video- and Performance art","publisher":{"@id":"https:\/\/nicklashoffmann.de\/#\/schema\/person\/7ab72ea60d76fae8421e99f7df604072"},"alternateName":"nicklashoffmann","potentialAction":[{"@type":"SearchAction","target":{"@type":"EntryPoint","urlTemplate":"https:\/\/nicklashoffmann.de\/?s={search_term_string}"},"query-input":{"@type":"PropertyValueSpecification","valueRequired":true,"valueName":"search_term_string"}}],"inLanguage":"en-GB"},{"@type":["Person","Organization"],"@id":"https:\/\/nicklashoffmann.de\/#\/schema\/person\/7ab72ea60d76fae8421e99f7df604072","name":"admin","image":{"@type":"ImageObject","inLanguage":"en-GB","@id":"https:\/\/nicklashoffmann.de\/#\/schema\/person\/image\/","url":"https:\/\/nicklashoffmann.de\/wp-content\/uploads\/2023\/01\/Th_Website_Stanislaus.jpg","contentUrl":"https:\/\/nicklashoffmann.de\/wp-content\/uploads\/2023\/01\/Th_Website_Stanislaus.jpg","width":512,"height":512,"caption":"admin"},"logo":{"@id":"https:\/\/nicklashoffmann.de\/#\/schema\/person\/image\/"},"sameAs":["http:\/\/nicklashoffmann.de","http:\/\/youtube.com\/user\/MrNickOSir"]}]}},"_links":{"self":[{"href":"https:\/\/nicklashoffmann.de\/en\/wp-json\/wp\/v2\/pages\/81","targetHints":{"allow":["GET"]}}],"collection":[{"href":"https:\/\/nicklashoffmann.de\/en\/wp-json\/wp\/v2\/pages"}],"about":[{"href":"https:\/\/nicklashoffmann.de\/en\/wp-json\/wp\/v2\/types\/page"}],"author":[{"embeddable":true,"href":"https:\/\/nicklashoffmann.de\/en\/wp-json\/wp\/v2\/users\/1"}],"replies":[{"embeddable":true,"href":"https:\/\/nicklashoffmann.de\/en\/wp-json\/wp\/v2\/comments?post=81"}],"version-history":[{"count":7,"href":"https:\/\/nicklashoffmann.de\/en\/wp-json\/wp\/v2\/pages\/81\/revisions"}],"predecessor-version":[{"id":858,"href":"https:\/\/nicklashoffmann.de\/en\/wp-json\/wp\/v2\/pages\/81\/revisions\/858"}],"wp:attachment":[{"href":"https:\/\/nicklashoffmann.de\/en\/wp-json\/wp\/v2\/media?parent=81"}],"curies":[{"name":"wp","href":"https:\/\/api.w.org\/{rel}","templated":true}]}}