{"id":74,"date":"2023-01-05T23:30:46","date_gmt":"2023-01-05T23:30:46","guid":{"rendered":"http:\/\/nicklashoffmann.de\/?page_id=74"},"modified":"2024-01-06T13:57:58","modified_gmt":"2024-01-06T13:57:58","slug":"fuer-immer-gerald","status":"publish","type":"page","link":"https:\/\/nicklashoffmann.de\/en\/fuer-immer-gerald\/","title":{"rendered":"F\u00fcr Immer Gerald"},"content":{"rendered":"<h4 class=\"wp-block-heading\">Gerald-Saga: Teil 4<\/h4>\n\n\n\n<figure class=\"wp-block-embed is-type-video is-provider-youtube wp-block-embed-youtube wp-embed-aspect-16-9 wp-has-aspect-ratio\"><div class=\"wp-block-embed__wrapper\">\n<iframe loading=\"lazy\" title=\"F\u00fcr Immer Gerald\" width=\"660\" height=\"371\" src=\"https:\/\/www.youtube.com\/embed\/95XziVxqdYg?feature=oembed\" frameborder=\"0\" allow=\"accelerometer; autoplay; clipboard-write; encrypted-media; gyroscope; picture-in-picture; web-share\" referrerpolicy=\"strict-origin-when-cross-origin\" allowfullscreen><\/iframe>\n<\/div><\/figure>\n\n\n\n<p>Die Schauspieler*innen und Charaktere aus der <em>Gerald<\/em>-Saga kommen, lange nachdem alles abgedreht wurde zusammen. W\u00e4hrend sie sich die Filme aus der <em>Gerald<\/em>-Saga erneut ansehen, sprechen sie auch \u00fcber den Dreh und die entstandenen Outtakes.<\/p>\n\n\n\n<p>Diese Webserie befasst sich mit Humor, der Popkultur und dem K\u00fcnstlerdasein. Dabei verweisen die Filme auf bekannte Austellungen, wie die documenta oder die Biennale di Venezia, und aber auch auf Charaktere sowie Witze aus fr\u00fcheren Filmen der <em>Gerald<\/em>-Saga.<\/p>\n\n\n\n<p>F\u00fcr Immer Gerald versteht sich als \u201eExtras-Film\u201c, wenn diese Webserie eine Collector\u2019s-DVD w\u00e4re und bedient sich der Klischees, die aus Making-Of Beitr\u00e4gen und Kommentaren von Schauspieler*innen bekannt sind.<\/p>\n\n\n\n<h4 class=\"wp-block-heading\">Einzelheiten<\/h4>\n\n\n\n<figure class=\"wp-block-table is-style-stripes\"><table><tbody><tr><td>Entstehungsjahr<\/td><td>2019<\/td><\/tr><tr><td>Material<\/td><td>Video (8&nbsp;Minuten)<\/td><\/tr><tr><td>K\u00fcnstler<\/td><td>Nicklas Hoffmann<\/td><\/tr><tr><td>Besonderen Dank an<\/td><td>Alexandra W.<\/td><\/tr><tr><td>Wurde ausgestellt in<\/td><td>Jahresausstellung in der AdBK M\u00fcnchen, Klasse Hien (2019);<br>Preisverleihung vom Karl &amp; Faber Preis im Luitpoldblock in M\u00fcnchen (2019);<br>Online-Jahresausstellung in der AdBK M\u00fcnchen, Klasse Hien (2020)<\/td><\/tr><\/tbody><\/table><\/figure>","protected":false},"excerpt":{"rendered":"<p>Gerald-Saga: Teil 4 Die Schauspieler*innen und Charaktere aus der Gerald-Saga kommen, lange nachdem alles abgedreht wurde zusammen. W\u00e4hrend sie sich die Filme aus der Gerald-Saga erneut ansehen, sprechen sie auch \u00fcber den Dreh und die entstandenen Outtakes. Diese Webserie befasst sich mit Humor, der Popkultur und dem K\u00fcnstlerdasein. Dabei verweisen die Filme auf bekannte Austellungen, &hellip; <a href=\"https:\/\/nicklashoffmann.de\/en\/fuer-immer-gerald\/\" class=\"more-link\">Continue reading <span class=\"screen-reader-text\">F\u00fcr Immer Gerald<\/span><\/a><\/p>","protected":false},"author":1,"featured_media":0,"parent":0,"menu_order":0,"comment_status":"closed","ping_status":"closed","template":"","meta":{"footnotes":""},"class_list":["post-74","page","type-page","status-publish","hentry"],"yoast_head":"<!-- This site is optimized with the Yoast SEO plugin v26.6 - https:\/\/yoast.com\/wordpress\/plugins\/seo\/ -->\n<title>F\u00fcr Immer Gerald - Nicklas Hoffmann<\/title>\n<meta name=\"description\" content=\"F\u00fcr Immer Gerald, ein Extra-Film, bedient sich der Klischees, die aus Making-Of Beitr\u00e4gen und Kommentaren von Schauspieler*innen bekannt sind.\" \/>\n<meta name=\"robots\" content=\"index, follow, max-snippet:-1, max-image-preview:large, max-video-preview:-1\" \/>\n<link rel=\"canonical\" href=\"https:\/\/nicklashoffmann.de\/en\/fuer-immer-gerald\/\" \/>\n<meta property=\"og:locale\" content=\"en_GB\" \/>\n<meta property=\"og:type\" content=\"article\" \/>\n<meta property=\"og:title\" content=\"F\u00fcr Immer Gerald - Nicklas Hoffmann\" \/>\n<meta property=\"og:description\" content=\"F\u00fcr Immer Gerald, ein Extra-Film, bedient sich der Klischees, die aus Making-Of Beitr\u00e4gen und Kommentaren von Schauspieler*innen bekannt sind.\" \/>\n<meta property=\"og:url\" content=\"https:\/\/nicklashoffmann.de\/en\/fuer-immer-gerald\/\" \/>\n<meta property=\"og:site_name\" content=\"Nicklas Hoffmann\" \/>\n<meta property=\"article:modified_time\" content=\"2024-01-06T13:57:58+00:00\" \/>\n<meta name=\"twitter:card\" content=\"summary_large_image\" \/>\n<meta name=\"twitter:label1\" content=\"Estimated reading time\" \/>\n\t<meta name=\"twitter:data1\" content=\"1 minute\" \/>\n<script type=\"application\/ld+json\" class=\"yoast-schema-graph\">{\"@context\":\"https:\/\/schema.org\",\"@graph\":[{\"@type\":\"WebPage\",\"@id\":\"https:\/\/nicklashoffmann.de\/fuer-immer-gerald\/\",\"url\":\"https:\/\/nicklashoffmann.de\/fuer-immer-gerald\/\",\"name\":\"F\u00fcr Immer Gerald - Nicklas Hoffmann\",\"isPartOf\":{\"@id\":\"https:\/\/nicklashoffmann.de\/#website\"},\"datePublished\":\"2023-01-05T23:30:46+00:00\",\"dateModified\":\"2024-01-06T13:57:58+00:00\",\"description\":\"F\u00fcr Immer Gerald, ein Extra-Film, bedient sich der Klischees, die aus Making-Of Beitr\u00e4gen und Kommentaren von Schauspieler*innen bekannt sind.\",\"breadcrumb\":{\"@id\":\"https:\/\/nicklashoffmann.de\/fuer-immer-gerald\/#breadcrumb\"},\"inLanguage\":\"en-GB\",\"potentialAction\":[{\"@type\":\"ReadAction\",\"target\":[\"https:\/\/nicklashoffmann.de\/fuer-immer-gerald\/\"]}]},{\"@type\":\"BreadcrumbList\",\"@id\":\"https:\/\/nicklashoffmann.de\/fuer-immer-gerald\/#breadcrumb\",\"itemListElement\":[{\"@type\":\"ListItem\",\"position\":1,\"name\":\"Home\",\"item\":\"https:\/\/nicklashoffmann.de\/\"},{\"@type\":\"ListItem\",\"position\":2,\"name\":\"F\u00fcr Immer Gerald\"}]},{\"@type\":\"WebSite\",\"@id\":\"https:\/\/nicklashoffmann.de\/#website\",\"url\":\"https:\/\/nicklashoffmann.de\/\",\"name\":\"Nicklas Hoffmann\",\"description\":\"Video- und Performancekunst\",\"publisher\":{\"@id\":\"https:\/\/nicklashoffmann.de\/#\/schema\/person\/7ab72ea60d76fae8421e99f7df604072\"},\"alternateName\":\"nicklashoffmann\",\"potentialAction\":[{\"@type\":\"SearchAction\",\"target\":{\"@type\":\"EntryPoint\",\"urlTemplate\":\"https:\/\/nicklashoffmann.de\/?s={search_term_string}\"},\"query-input\":{\"@type\":\"PropertyValueSpecification\",\"valueRequired\":true,\"valueName\":\"search_term_string\"}}],\"inLanguage\":\"en-GB\"},{\"@type\":[\"Person\",\"Organization\"],\"@id\":\"https:\/\/nicklashoffmann.de\/#\/schema\/person\/7ab72ea60d76fae8421e99f7df604072\",\"name\":\"admin\",\"image\":{\"@type\":\"ImageObject\",\"inLanguage\":\"en-GB\",\"@id\":\"https:\/\/nicklashoffmann.de\/#\/schema\/person\/image\/\",\"url\":\"https:\/\/nicklashoffmann.de\/wp-content\/uploads\/2023\/01\/Th_Website_Stanislaus.jpg\",\"contentUrl\":\"https:\/\/nicklashoffmann.de\/wp-content\/uploads\/2023\/01\/Th_Website_Stanislaus.jpg\",\"width\":512,\"height\":512,\"caption\":\"admin\"},\"logo\":{\"@id\":\"https:\/\/nicklashoffmann.de\/#\/schema\/person\/image\/\"},\"sameAs\":[\"http:\/\/nicklashoffmann.de\",\"http:\/\/youtube.com\/user\/MrNickOSir\"]}]}<\/script>\n<!-- \/ Yoast SEO plugin. -->","yoast_head_json":{"title":"F\u00fcr Immer Gerald - Nicklas Hoffmann","description":"F\u00fcr Immer Gerald, ein Extra-Film, bedient sich der Klischees, die aus Making-Of Beitr\u00e4gen und Kommentaren von Schauspieler*innen bekannt sind.","robots":{"index":"index","follow":"follow","max-snippet":"max-snippet:-1","max-image-preview":"max-image-preview:large","max-video-preview":"max-video-preview:-1"},"canonical":"https:\/\/nicklashoffmann.de\/en\/fuer-immer-gerald\/","og_locale":"en_GB","og_type":"article","og_title":"F\u00fcr Immer Gerald - Nicklas Hoffmann","og_description":"F\u00fcr Immer Gerald, ein Extra-Film, bedient sich der Klischees, die aus Making-Of Beitr\u00e4gen und Kommentaren von Schauspieler*innen bekannt sind.","og_url":"https:\/\/nicklashoffmann.de\/en\/fuer-immer-gerald\/","og_site_name":"Nicklas Hoffmann","article_modified_time":"2024-01-06T13:57:58+00:00","twitter_card":"summary_large_image","twitter_misc":{"Estimated reading time":"1 minute"},"schema":{"@context":"https:\/\/schema.org","@graph":[{"@type":"WebPage","@id":"https:\/\/nicklashoffmann.de\/fuer-immer-gerald\/","url":"https:\/\/nicklashoffmann.de\/fuer-immer-gerald\/","name":"F\u00fcr Immer Gerald - Nicklas Hoffmann","isPartOf":{"@id":"https:\/\/nicklashoffmann.de\/#website"},"datePublished":"2023-01-05T23:30:46+00:00","dateModified":"2024-01-06T13:57:58+00:00","description":"F\u00fcr Immer Gerald, ein Extra-Film, bedient sich der Klischees, die aus Making-Of Beitr\u00e4gen und Kommentaren von Schauspieler*innen bekannt sind.","breadcrumb":{"@id":"https:\/\/nicklashoffmann.de\/fuer-immer-gerald\/#breadcrumb"},"inLanguage":"en-GB","potentialAction":[{"@type":"ReadAction","target":["https:\/\/nicklashoffmann.de\/fuer-immer-gerald\/"]}]},{"@type":"BreadcrumbList","@id":"https:\/\/nicklashoffmann.de\/fuer-immer-gerald\/#breadcrumb","itemListElement":[{"@type":"ListItem","position":1,"name":"Home","item":"https:\/\/nicklashoffmann.de\/"},{"@type":"ListItem","position":2,"name":"F\u00fcr Immer Gerald"}]},{"@type":"WebSite","@id":"https:\/\/nicklashoffmann.de\/#website","url":"https:\/\/nicklashoffmann.de\/","name":"Nicklas Hoffmann","description":"Video- and Performance art","publisher":{"@id":"https:\/\/nicklashoffmann.de\/#\/schema\/person\/7ab72ea60d76fae8421e99f7df604072"},"alternateName":"nicklashoffmann","potentialAction":[{"@type":"SearchAction","target":{"@type":"EntryPoint","urlTemplate":"https:\/\/nicklashoffmann.de\/?s={search_term_string}"},"query-input":{"@type":"PropertyValueSpecification","valueRequired":true,"valueName":"search_term_string"}}],"inLanguage":"en-GB"},{"@type":["Person","Organization"],"@id":"https:\/\/nicklashoffmann.de\/#\/schema\/person\/7ab72ea60d76fae8421e99f7df604072","name":"admin","image":{"@type":"ImageObject","inLanguage":"en-GB","@id":"https:\/\/nicklashoffmann.de\/#\/schema\/person\/image\/","url":"https:\/\/nicklashoffmann.de\/wp-content\/uploads\/2023\/01\/Th_Website_Stanislaus.jpg","contentUrl":"https:\/\/nicklashoffmann.de\/wp-content\/uploads\/2023\/01\/Th_Website_Stanislaus.jpg","width":512,"height":512,"caption":"admin"},"logo":{"@id":"https:\/\/nicklashoffmann.de\/#\/schema\/person\/image\/"},"sameAs":["http:\/\/nicklashoffmann.de","http:\/\/youtube.com\/user\/MrNickOSir"]}]}},"_links":{"self":[{"href":"https:\/\/nicklashoffmann.de\/en\/wp-json\/wp\/v2\/pages\/74","targetHints":{"allow":["GET"]}}],"collection":[{"href":"https:\/\/nicklashoffmann.de\/en\/wp-json\/wp\/v2\/pages"}],"about":[{"href":"https:\/\/nicklashoffmann.de\/en\/wp-json\/wp\/v2\/types\/page"}],"author":[{"embeddable":true,"href":"https:\/\/nicklashoffmann.de\/en\/wp-json\/wp\/v2\/users\/1"}],"replies":[{"embeddable":true,"href":"https:\/\/nicklashoffmann.de\/en\/wp-json\/wp\/v2\/comments?post=74"}],"version-history":[{"count":7,"href":"https:\/\/nicklashoffmann.de\/en\/wp-json\/wp\/v2\/pages\/74\/revisions"}],"predecessor-version":[{"id":857,"href":"https:\/\/nicklashoffmann.de\/en\/wp-json\/wp\/v2\/pages\/74\/revisions\/857"}],"wp:attachment":[{"href":"https:\/\/nicklashoffmann.de\/en\/wp-json\/wp\/v2\/media?parent=74"}],"curies":[{"name":"wp","href":"https:\/\/api.w.org\/{rel}","templated":true}]}}