{"id":65,"date":"2023-01-05T23:20:22","date_gmt":"2023-01-05T23:20:22","guid":{"rendered":"http:\/\/nicklashoffmann.de\/?page_id=65"},"modified":"2024-01-06T13:02:08","modified_gmt":"2024-01-06T13:02:08","slug":"autos-wirtschaft-recht-2","status":"publish","type":"page","link":"https:\/\/nicklashoffmann.de\/en\/autos-wirtschaft-recht-2\/","title":{"rendered":"Autos &#038; Wirtschaft &#038; Recht 2"},"content":{"rendered":"<h4 class=\"wp-block-heading\">Gerald-Saga: Teil 3<\/h4>\n\n\n\n<figure class=\"wp-block-embed is-type-video is-provider-youtube wp-block-embed-youtube wp-embed-aspect-16-9 wp-has-aspect-ratio\"><div class=\"wp-block-embed__wrapper\">\n<iframe loading=\"lazy\" title=\"Autos &amp; Wirtschaft &amp; Recht 2\" width=\"660\" height=\"371\" src=\"https:\/\/www.youtube.com\/embed\/O2I5o_YEewk?feature=oembed\" frameborder=\"0\" allow=\"accelerometer; autoplay; clipboard-write; encrypted-media; gyroscope; picture-in-picture; web-share\" referrerpolicy=\"strict-origin-when-cross-origin\" allowfullscreen><\/iframe>\n<\/div><\/figure>\n\n\n\n<p>Die Videoarbeit <em>Autos &amp; Wirtschaft &amp; Recht 2<\/em> stellt den finalen Teil der <em>Gerald<\/em>-Saga dar. Nachdem der K\u00fcnstler Nicklas Hoffmann sich und seine Werke von einer renommierten Kuratorin kaufen lie\u00df, sind ihm Erfolg, Frauen, Geld, Fame, schicke Karren und eine Menge Bling-Bling sicher. Als er gerade die Arbeiten an seiner neuesten Videoarbeit beendet, f\u00e4llt ihm jedoch auf, dass nicht alles so toll ist, wie gedacht. Wie wird man als wei\u00dfer m\u00e4nnlicher K\u00fcnstler aus dem Westen im Jahr 2019 erfolgreich?<\/p>\n\n\n\n<p><em>Autos &amp; Wirtschaft &amp; Recht 2<\/em> hinterfragt, ob man Kunst f\u00fcr sich selbst oder f\u00fcr den Kunstmarkt machen sollte. Das geschieht unter Zuhilfenahme von Humor, der allen voran durch Referenzen auf Charaktere aus fr\u00fcheren Teilen der <em>Gerald<\/em>-Saga sowie durch Beobachtungen zu gro\u00dfen Kunstausstellungen geschieht. Der Film enth\u00e4lt bunt gemischte Elemente aus Musikvideo, Animation, Liveperformance, Musical, Sozialkritik und Dokumentation.<\/p>\n\n\n\n<h4 class=\"wp-block-heading\">Einzelheiten<\/h4>\n\n\n\n<figure class=\"wp-block-table is-style-stripes\"><table><tbody><tr><td>Entstehungsjahr<\/td><td>2019<\/td><\/tr><tr><td>Material<\/td><td>Video (19\u00a0Minuten)<\/td><\/tr><tr><td>K\u00fcnstler<\/td><td>Nicklas Hoffmann<\/td><\/tr><tr><td>Besonderen Dank an<\/td><td>Alexandra W.<\/td><\/tr><tr><td>Wurde ausgestellt in<\/td><td>Online-Jahresausstellung in der AdBK M\u00fcnchen, Klasse Hien (2020)<\/td><\/tr><\/tbody><\/table><\/figure>","protected":false},"excerpt":{"rendered":"<p>Gerald-Saga: Teil 3 Die Videoarbeit Autos &amp; Wirtschaft &amp; Recht 2 stellt den finalen Teil der Gerald-Saga dar. Nachdem der K\u00fcnstler Nicklas Hoffmann sich und seine Werke von einer renommierten Kuratorin kaufen lie\u00df, sind ihm Erfolg, Frauen, Geld, Fame, schicke Karren und eine Menge Bling-Bling sicher. Als er gerade die Arbeiten an seiner neuesten Videoarbeit &hellip; <a href=\"https:\/\/nicklashoffmann.de\/en\/autos-wirtschaft-recht-2\/\" class=\"more-link\">Continue reading <span class=\"screen-reader-text\">Autos &#038; Wirtschaft &#038; Recht 2<\/span><\/a><\/p>","protected":false},"author":1,"featured_media":0,"parent":0,"menu_order":0,"comment_status":"closed","ping_status":"closed","template":"","meta":{"footnotes":""},"class_list":["post-65","page","type-page","status-publish","hentry"],"yoast_head":"<!-- This site is optimized with the Yoast SEO plugin v26.6 - https:\/\/yoast.com\/wordpress\/plugins\/seo\/ -->\n<title>Autos &amp; Wirtschaft &amp; Recht 2 - Nicklas Hoffmann<\/title>\n<meta name=\"description\" content=\"Der Film Autos &amp; Wirtschaft &amp; Recht 2 hinterfragt, ob man Kunst f\u00fcr sich selbst oder f\u00fcr den Kunstmarkt machen sollte.\" \/>\n<meta name=\"robots\" content=\"index, follow, max-snippet:-1, max-image-preview:large, max-video-preview:-1\" \/>\n<link rel=\"canonical\" href=\"https:\/\/nicklashoffmann.de\/en\/autos-wirtschaft-recht-2\/\" \/>\n<meta property=\"og:locale\" content=\"en_GB\" \/>\n<meta property=\"og:type\" content=\"article\" \/>\n<meta property=\"og:title\" content=\"Autos &amp; Wirtschaft &amp; Recht 2 - Nicklas Hoffmann\" \/>\n<meta property=\"og:description\" content=\"Der Film Autos &amp; Wirtschaft &amp; Recht 2 hinterfragt, ob man Kunst f\u00fcr sich selbst oder f\u00fcr den Kunstmarkt machen sollte.\" \/>\n<meta property=\"og:url\" content=\"https:\/\/nicklashoffmann.de\/en\/autos-wirtschaft-recht-2\/\" \/>\n<meta property=\"og:site_name\" content=\"Nicklas Hoffmann\" \/>\n<meta property=\"article:modified_time\" content=\"2024-01-06T13:02:08+00:00\" \/>\n<meta name=\"twitter:card\" content=\"summary_large_image\" \/>\n<meta name=\"twitter:label1\" content=\"Estimated reading time\" \/>\n\t<meta name=\"twitter:data1\" content=\"1 minute\" \/>\n<script type=\"application\/ld+json\" class=\"yoast-schema-graph\">{\"@context\":\"https:\/\/schema.org\",\"@graph\":[{\"@type\":\"WebPage\",\"@id\":\"https:\/\/nicklashoffmann.de\/autos-wirtschaft-recht-2\/\",\"url\":\"https:\/\/nicklashoffmann.de\/autos-wirtschaft-recht-2\/\",\"name\":\"Autos & Wirtschaft & Recht 2 - Nicklas Hoffmann\",\"isPartOf\":{\"@id\":\"https:\/\/nicklashoffmann.de\/#website\"},\"datePublished\":\"2023-01-05T23:20:22+00:00\",\"dateModified\":\"2024-01-06T13:02:08+00:00\",\"description\":\"Der Film Autos & Wirtschaft & Recht 2 hinterfragt, ob man Kunst f\u00fcr sich selbst oder f\u00fcr den Kunstmarkt machen sollte.\",\"breadcrumb\":{\"@id\":\"https:\/\/nicklashoffmann.de\/autos-wirtschaft-recht-2\/#breadcrumb\"},\"inLanguage\":\"en-GB\",\"potentialAction\":[{\"@type\":\"ReadAction\",\"target\":[\"https:\/\/nicklashoffmann.de\/autos-wirtschaft-recht-2\/\"]}]},{\"@type\":\"BreadcrumbList\",\"@id\":\"https:\/\/nicklashoffmann.de\/autos-wirtschaft-recht-2\/#breadcrumb\",\"itemListElement\":[{\"@type\":\"ListItem\",\"position\":1,\"name\":\"Home\",\"item\":\"https:\/\/nicklashoffmann.de\/\"},{\"@type\":\"ListItem\",\"position\":2,\"name\":\"Autos &#038; Wirtschaft &#038; Recht 2\"}]},{\"@type\":\"WebSite\",\"@id\":\"https:\/\/nicklashoffmann.de\/#website\",\"url\":\"https:\/\/nicklashoffmann.de\/\",\"name\":\"Nicklas Hoffmann\",\"description\":\"Video- und Performancekunst\",\"publisher\":{\"@id\":\"https:\/\/nicklashoffmann.de\/#\/schema\/person\/7ab72ea60d76fae8421e99f7df604072\"},\"alternateName\":\"nicklashoffmann\",\"potentialAction\":[{\"@type\":\"SearchAction\",\"target\":{\"@type\":\"EntryPoint\",\"urlTemplate\":\"https:\/\/nicklashoffmann.de\/?s={search_term_string}\"},\"query-input\":{\"@type\":\"PropertyValueSpecification\",\"valueRequired\":true,\"valueName\":\"search_term_string\"}}],\"inLanguage\":\"en-GB\"},{\"@type\":[\"Person\",\"Organization\"],\"@id\":\"https:\/\/nicklashoffmann.de\/#\/schema\/person\/7ab72ea60d76fae8421e99f7df604072\",\"name\":\"admin\",\"image\":{\"@type\":\"ImageObject\",\"inLanguage\":\"en-GB\",\"@id\":\"https:\/\/nicklashoffmann.de\/#\/schema\/person\/image\/\",\"url\":\"https:\/\/nicklashoffmann.de\/wp-content\/uploads\/2023\/01\/Th_Website_Stanislaus.jpg\",\"contentUrl\":\"https:\/\/nicklashoffmann.de\/wp-content\/uploads\/2023\/01\/Th_Website_Stanislaus.jpg\",\"width\":512,\"height\":512,\"caption\":\"admin\"},\"logo\":{\"@id\":\"https:\/\/nicklashoffmann.de\/#\/schema\/person\/image\/\"},\"sameAs\":[\"http:\/\/nicklashoffmann.de\",\"http:\/\/youtube.com\/user\/MrNickOSir\"]}]}<\/script>\n<!-- \/ Yoast SEO plugin. -->","yoast_head_json":{"title":"Autos & Wirtschaft & Recht 2 - Nicklas Hoffmann","description":"Der Film Autos & Wirtschaft & Recht 2 hinterfragt, ob man Kunst f\u00fcr sich selbst oder f\u00fcr den Kunstmarkt machen sollte.","robots":{"index":"index","follow":"follow","max-snippet":"max-snippet:-1","max-image-preview":"max-image-preview:large","max-video-preview":"max-video-preview:-1"},"canonical":"https:\/\/nicklashoffmann.de\/en\/autos-wirtschaft-recht-2\/","og_locale":"en_GB","og_type":"article","og_title":"Autos & Wirtschaft & Recht 2 - Nicklas Hoffmann","og_description":"Der Film Autos & Wirtschaft & Recht 2 hinterfragt, ob man Kunst f\u00fcr sich selbst oder f\u00fcr den Kunstmarkt machen sollte.","og_url":"https:\/\/nicklashoffmann.de\/en\/autos-wirtschaft-recht-2\/","og_site_name":"Nicklas Hoffmann","article_modified_time":"2024-01-06T13:02:08+00:00","twitter_card":"summary_large_image","twitter_misc":{"Estimated reading time":"1 minute"},"schema":{"@context":"https:\/\/schema.org","@graph":[{"@type":"WebPage","@id":"https:\/\/nicklashoffmann.de\/autos-wirtschaft-recht-2\/","url":"https:\/\/nicklashoffmann.de\/autos-wirtschaft-recht-2\/","name":"Autos & Wirtschaft & Recht 2 - Nicklas Hoffmann","isPartOf":{"@id":"https:\/\/nicklashoffmann.de\/#website"},"datePublished":"2023-01-05T23:20:22+00:00","dateModified":"2024-01-06T13:02:08+00:00","description":"Der Film Autos & Wirtschaft & Recht 2 hinterfragt, ob man Kunst f\u00fcr sich selbst oder f\u00fcr den Kunstmarkt machen sollte.","breadcrumb":{"@id":"https:\/\/nicklashoffmann.de\/autos-wirtschaft-recht-2\/#breadcrumb"},"inLanguage":"en-GB","potentialAction":[{"@type":"ReadAction","target":["https:\/\/nicklashoffmann.de\/autos-wirtschaft-recht-2\/"]}]},{"@type":"BreadcrumbList","@id":"https:\/\/nicklashoffmann.de\/autos-wirtschaft-recht-2\/#breadcrumb","itemListElement":[{"@type":"ListItem","position":1,"name":"Home","item":"https:\/\/nicklashoffmann.de\/"},{"@type":"ListItem","position":2,"name":"Autos &#038; Wirtschaft &#038; Recht 2"}]},{"@type":"WebSite","@id":"https:\/\/nicklashoffmann.de\/#website","url":"https:\/\/nicklashoffmann.de\/","name":"Nicklas Hoffmann","description":"Video- and Performance art","publisher":{"@id":"https:\/\/nicklashoffmann.de\/#\/schema\/person\/7ab72ea60d76fae8421e99f7df604072"},"alternateName":"nicklashoffmann","potentialAction":[{"@type":"SearchAction","target":{"@type":"EntryPoint","urlTemplate":"https:\/\/nicklashoffmann.de\/?s={search_term_string}"},"query-input":{"@type":"PropertyValueSpecification","valueRequired":true,"valueName":"search_term_string"}}],"inLanguage":"en-GB"},{"@type":["Person","Organization"],"@id":"https:\/\/nicklashoffmann.de\/#\/schema\/person\/7ab72ea60d76fae8421e99f7df604072","name":"admin","image":{"@type":"ImageObject","inLanguage":"en-GB","@id":"https:\/\/nicklashoffmann.de\/#\/schema\/person\/image\/","url":"https:\/\/nicklashoffmann.de\/wp-content\/uploads\/2023\/01\/Th_Website_Stanislaus.jpg","contentUrl":"https:\/\/nicklashoffmann.de\/wp-content\/uploads\/2023\/01\/Th_Website_Stanislaus.jpg","width":512,"height":512,"caption":"admin"},"logo":{"@id":"https:\/\/nicklashoffmann.de\/#\/schema\/person\/image\/"},"sameAs":["http:\/\/nicklashoffmann.de","http:\/\/youtube.com\/user\/MrNickOSir"]}]}},"_links":{"self":[{"href":"https:\/\/nicklashoffmann.de\/en\/wp-json\/wp\/v2\/pages\/65","targetHints":{"allow":["GET"]}}],"collection":[{"href":"https:\/\/nicklashoffmann.de\/en\/wp-json\/wp\/v2\/pages"}],"about":[{"href":"https:\/\/nicklashoffmann.de\/en\/wp-json\/wp\/v2\/types\/page"}],"author":[{"embeddable":true,"href":"https:\/\/nicklashoffmann.de\/en\/wp-json\/wp\/v2\/users\/1"}],"replies":[{"embeddable":true,"href":"https:\/\/nicklashoffmann.de\/en\/wp-json\/wp\/v2\/comments?post=65"}],"version-history":[{"count":10,"href":"https:\/\/nicklashoffmann.de\/en\/wp-json\/wp\/v2\/pages\/65\/revisions"}],"predecessor-version":[{"id":874,"href":"https:\/\/nicklashoffmann.de\/en\/wp-json\/wp\/v2\/pages\/65\/revisions\/874"}],"wp:attachment":[{"href":"https:\/\/nicklashoffmann.de\/en\/wp-json\/wp\/v2\/media?parent=65"}],"curies":[{"name":"wp","href":"https:\/\/api.w.org\/{rel}","templated":true}]}}