{"id":562,"date":"2023-10-27T00:19:55","date_gmt":"2023-10-27T00:19:55","guid":{"rendered":"https:\/\/nicklashoffmann.de\/?page_id=562"},"modified":"2025-07-07T01:09:54","modified_gmt":"2025-07-07T01:09:54","slug":"kristoffia","status":"publish","type":"page","link":"https:\/\/nicklashoffmann.de\/en\/kristoffia\/","title":{"rendered":"Kristoffia"},"content":{"rendered":"<h4 class=\"wp-block-heading\">Traumdeutung: Teil 1<\/h4>\n\n\n\n<figure class=\"wp-block-embed is-type-video is-provider-youtube wp-block-embed-youtube wp-embed-aspect-16-9 wp-has-aspect-ratio\"><div class=\"wp-block-embed__wrapper\">\n<iframe loading=\"lazy\" title=\"Traumdeutung 01: Kristoffia\" width=\"660\" height=\"371\" src=\"https:\/\/www.youtube.com\/embed\/9jJjUmx5Kco?feature=oembed\" frameborder=\"0\" allow=\"accelerometer; autoplay; clipboard-write; encrypted-media; gyroscope; picture-in-picture; web-share\" referrerpolicy=\"strict-origin-when-cross-origin\" allowfullscreen><\/iframe>\n<\/div><\/figure>\n\n\n\n<p>Der dritte Weltkrieg bricht aus \u2013 doch gl\u00fccklicherweise wurde das bislang unbekannte Land Kristoffia gerade neu entdeckt. Dort wird einem Zuflucht geboten, da es aus einem H\u00f6hlensystem besteht. In diesen H\u00f6hlen ist man sicher.<\/p>\n\n\n\n<p>Die Traumdeutungen entstehen seit 2022 in Kooperation mit <em>The Missing Link<\/em> in Z\u00fcrich. In diesem interdisziplin\u00e4ren Projekt kann jede Person einen beliebigen Traum einreichen, der anschlie\u00dfend sowohl von Psychoanalytiker*innen als auch von K\u00fcnstler*innen interpretiert und in j\u00e4hrlichen Screenings gezeigt wird.<\/p>\n\n\n\n<details class=\"wp-block-details is-layout-flow wp-block-details-is-layout-flow\"><summary>Urspr\u00fcnglichen Traum in Textform anzeigen<\/summary>\n<p><em>&#8222;Ich habe irgendwie dem Echo der Zeit gelauscht. Der dritte Weltkrieg brach aus und es ging um die Bildung von Allianzen zwischen den kleineren L\u00e4ndern und den Gro\u00dfm\u00e4chten. Pl\u00f6tzlich erz\u00e4hlte mir C., dass die Schweiz die ganze Vollmacht im Verlauf des Krieges an Kroatien \u00fcbergab. Ich dachte, dass das komisch ist. Mir erschien die Idee, Kroatien die gesamte Vollmacht zu \u00fcbergeben, verr\u00fcckt. Es ist, als w\u00fcrde man seinen eigenen Kopf unter die Guillotine legen \u2013 und das aus freiem Willen. Aber dann habe ich mir den Podcast weiter angeh\u00f6rt und es stellte sich heraus, dass die Schweiz einem Land namens Kristoffia die Vollmacht erteilt hatte. Die Namen waren \u00e4hnlich und ich dachte, deshalb hat C. die beiden verwechselt. Im Podcast hie\u00df es weiter, Kristoffia ist das gr\u00f6\u00dfte Land neben Russland. Aber im Gegensatz zur Ukraine ist es in einem H\u00f6hlensystem organisiert, entlang kreisf\u00f6rmiger Tunnel, wie in der Nekropole von Pantalica in Sizilien. Das unbewohnte Innere des Kreises war komplett mit Pflanzen bewachsen. So buschig, so hoch, so miteinander verwoben, dass es sicher undurchdringlich sein muss. Als ob diese B\u00fcsche die Menschen verdr\u00e4ngt haben \u2013 ausnahmsweise mal nicht umgekehrt. Der Journalist sagte, dass diese Tunnel-Infrastruktur es den Russen sehr schwer machen wird, diese Menschen zu bek\u00e4mpfen. Pl\u00f6tzlich bin ich in Kristoffia und eine Frau zeigt mir gesammelte Lebensmittel. Ich erinnere mich vor allem an kleine N\u00fcsse und Knoblauchzehen. Dann erkl\u00e4rte sie mir, dass sie so leben, weil sie ihre Funde in den H\u00f6hlen aufbewahren m\u00fcssen. Und in einigen von ihnen gibt es auch \u00d6fen, in denen sie N\u00fcsse r\u00f6sten und so weiter. Ich war fasziniert von dieser Lebensweise, aber irgendwie bekam ich pl\u00f6tzlich Angst um diese Leute. Was macht ihr, wenn es Zeiten der Knappheit gibt? Und ihr nichts zum sammeln findet? Jagt ihr auch manchmal? Diese Frage stellte ich, obwohl mir das mit dem Jagen im Voraus unwahrscheinlich erschien. Wenn diese Leute so viel Platz f\u00fcr die Pflanzen in ihrem Land lassen, dann lassen sie bestimmt auch die Tiere in Ruhe und sind sicher Vegetarier. Die Frau antwortete aber: Ja, manchmal tun wir das. Aber dann hatte ich viele andere Fragen. Was ist, wenn jemand krank wird? Geht ihr dann in ein anderes Land und bringt diese Person ins Krankenhaus? Ich war \u00fcberzeugt, dass sie nicht \u00fcber die Technologien verf\u00fcgen, um selbst Spit\u00e4ler zu haben. Aber dann fragte ich mich, ist ihnen nicht manchmal langweilig hier? Die ganze Zeit nur sammeln? Ich wurde in eine riesige Halle mit vielen B\u00fcchern gebracht. Es gab B\u00fccher \u00fcber einfach alles und viele Bilder und Poster an den hohen W\u00e4nden. Die Frau zeigte mir auch ihre Kameras und Blitzlampen und sie waren sehr modern. Ich war \u00fcberrascht, pl\u00f6tzlich diese Hightech-Ger\u00e4te zu sehen bei Leuten, die ein einfaches H\u00f6hlenleben f\u00fchren. Das passt doch nicht zusammen. Die Kameras trugen keine Markennamen wie Nikon oder Canon. Ich habe mich nicht getraut, weiter nachzufragen, ob sie Nikon oder Canon haben.&#8220;<\/em><\/p>\n<\/details>\n\n\n\n<h4 class=\"wp-block-heading\">Einzelheiten<\/h4>\n\n\n\n<figure class=\"wp-block-table is-style-stripes\"><table><tbody><tr><td>Entstehungsjahr<\/td><td>2022<\/td><\/tr><tr><td>Material<\/td><td>Video (5 Minuten)<\/td><\/tr><tr><td>K\u00fcnstler<\/td><td>Nicklas Hoffmann<\/td><\/tr><tr><td>Wurde ausgestellt in<\/td><td><em>Das Hotel ein Traum<\/em> im Kurhaus in Berg\u00fcn (2023)<\/td><\/tr><\/tbody><\/table><\/figure>","protected":false},"excerpt":{"rendered":"<p>Traumdeutung: Teil 1 Der dritte Weltkrieg bricht aus \u2013 doch gl\u00fccklicherweise wurde das bislang unbekannte Land Kristoffia gerade neu entdeckt. Dort wird einem Zuflucht geboten, da es aus einem H\u00f6hlensystem besteht. In diesen H\u00f6hlen ist man sicher. Die Traumdeutungen entstehen seit 2022 in Kooperation mit The Missing Link in Z\u00fcrich. In diesem interdisziplin\u00e4ren Projekt kann &hellip; <a href=\"https:\/\/nicklashoffmann.de\/en\/kristoffia\/\" class=\"more-link\">Continue reading <span class=\"screen-reader-text\">Kristoffia<\/span><\/a><\/p>","protected":false},"author":1,"featured_media":0,"parent":0,"menu_order":0,"comment_status":"closed","ping_status":"closed","template":"","meta":{"footnotes":""},"class_list":["post-562","page","type-page","status-publish","hentry"],"yoast_head":"<!-- This site is optimized with the Yoast SEO plugin v26.6 - https:\/\/yoast.com\/wordpress\/plugins\/seo\/ -->\n<title>Kristoffia - Nicklas Hoffmann<\/title>\n<meta name=\"description\" content=\"Der dritte Weltkrieg bricht aus, doch gl\u00fccklicherweise wurde das bislang unbekannte Land Kristoffia gerade neu entdeckt. Dort ist man sicher.\" \/>\n<meta name=\"robots\" content=\"index, follow, max-snippet:-1, max-image-preview:large, max-video-preview:-1\" \/>\n<link rel=\"canonical\" href=\"https:\/\/nicklashoffmann.de\/en\/kristoffia\/\" \/>\n<meta property=\"og:locale\" content=\"en_GB\" \/>\n<meta property=\"og:type\" content=\"article\" \/>\n<meta property=\"og:title\" content=\"Kristoffia - Nicklas Hoffmann\" \/>\n<meta property=\"og:description\" content=\"Der dritte Weltkrieg bricht aus, doch gl\u00fccklicherweise wurde das bislang unbekannte Land Kristoffia gerade neu entdeckt. Dort ist man sicher.\" \/>\n<meta property=\"og:url\" content=\"https:\/\/nicklashoffmann.de\/en\/kristoffia\/\" \/>\n<meta property=\"og:site_name\" content=\"Nicklas Hoffmann\" \/>\n<meta property=\"article:modified_time\" content=\"2025-07-07T01:09:54+00:00\" \/>\n<meta name=\"twitter:card\" content=\"summary_large_image\" \/>\n<meta name=\"twitter:label1\" content=\"Estimated reading time\" \/>\n\t<meta name=\"twitter:data1\" content=\"4 minutes\" \/>\n<script type=\"application\/ld+json\" class=\"yoast-schema-graph\">{\"@context\":\"https:\/\/schema.org\",\"@graph\":[{\"@type\":\"WebPage\",\"@id\":\"https:\/\/nicklashoffmann.de\/kristoffia\/\",\"url\":\"https:\/\/nicklashoffmann.de\/kristoffia\/\",\"name\":\"Kristoffia - Nicklas Hoffmann\",\"isPartOf\":{\"@id\":\"https:\/\/nicklashoffmann.de\/#website\"},\"datePublished\":\"2023-10-27T00:19:55+00:00\",\"dateModified\":\"2025-07-07T01:09:54+00:00\",\"description\":\"Der dritte Weltkrieg bricht aus, doch gl\u00fccklicherweise wurde das bislang unbekannte Land Kristoffia gerade neu entdeckt. Dort ist man sicher.\",\"breadcrumb\":{\"@id\":\"https:\/\/nicklashoffmann.de\/kristoffia\/#breadcrumb\"},\"inLanguage\":\"en-GB\",\"potentialAction\":[{\"@type\":\"ReadAction\",\"target\":[\"https:\/\/nicklashoffmann.de\/kristoffia\/\"]}]},{\"@type\":\"BreadcrumbList\",\"@id\":\"https:\/\/nicklashoffmann.de\/kristoffia\/#breadcrumb\",\"itemListElement\":[{\"@type\":\"ListItem\",\"position\":1,\"name\":\"Home\",\"item\":\"https:\/\/nicklashoffmann.de\/\"},{\"@type\":\"ListItem\",\"position\":2,\"name\":\"Kristoffia\"}]},{\"@type\":\"WebSite\",\"@id\":\"https:\/\/nicklashoffmann.de\/#website\",\"url\":\"https:\/\/nicklashoffmann.de\/\",\"name\":\"Nicklas Hoffmann\",\"description\":\"Video- und Performancekunst\",\"publisher\":{\"@id\":\"https:\/\/nicklashoffmann.de\/#\/schema\/person\/7ab72ea60d76fae8421e99f7df604072\"},\"alternateName\":\"nicklashoffmann\",\"potentialAction\":[{\"@type\":\"SearchAction\",\"target\":{\"@type\":\"EntryPoint\",\"urlTemplate\":\"https:\/\/nicklashoffmann.de\/?s={search_term_string}\"},\"query-input\":{\"@type\":\"PropertyValueSpecification\",\"valueRequired\":true,\"valueName\":\"search_term_string\"}}],\"inLanguage\":\"en-GB\"},{\"@type\":[\"Person\",\"Organization\"],\"@id\":\"https:\/\/nicklashoffmann.de\/#\/schema\/person\/7ab72ea60d76fae8421e99f7df604072\",\"name\":\"admin\",\"image\":{\"@type\":\"ImageObject\",\"inLanguage\":\"en-GB\",\"@id\":\"https:\/\/nicklashoffmann.de\/#\/schema\/person\/image\/\",\"url\":\"https:\/\/nicklashoffmann.de\/wp-content\/uploads\/2023\/01\/Th_Website_Stanislaus.jpg\",\"contentUrl\":\"https:\/\/nicklashoffmann.de\/wp-content\/uploads\/2023\/01\/Th_Website_Stanislaus.jpg\",\"width\":512,\"height\":512,\"caption\":\"admin\"},\"logo\":{\"@id\":\"https:\/\/nicklashoffmann.de\/#\/schema\/person\/image\/\"},\"sameAs\":[\"http:\/\/nicklashoffmann.de\",\"http:\/\/youtube.com\/user\/MrNickOSir\"]}]}<\/script>\n<!-- \/ Yoast SEO plugin. -->","yoast_head_json":{"title":"Kristoffia - Nicklas Hoffmann","description":"Der dritte Weltkrieg bricht aus, doch gl\u00fccklicherweise wurde das bislang unbekannte Land Kristoffia gerade neu entdeckt. Dort ist man sicher.","robots":{"index":"index","follow":"follow","max-snippet":"max-snippet:-1","max-image-preview":"max-image-preview:large","max-video-preview":"max-video-preview:-1"},"canonical":"https:\/\/nicklashoffmann.de\/en\/kristoffia\/","og_locale":"en_GB","og_type":"article","og_title":"Kristoffia - Nicklas Hoffmann","og_description":"Der dritte Weltkrieg bricht aus, doch gl\u00fccklicherweise wurde das bislang unbekannte Land Kristoffia gerade neu entdeckt. Dort ist man sicher.","og_url":"https:\/\/nicklashoffmann.de\/en\/kristoffia\/","og_site_name":"Nicklas Hoffmann","article_modified_time":"2025-07-07T01:09:54+00:00","twitter_card":"summary_large_image","twitter_misc":{"Estimated reading time":"4 minutes"},"schema":{"@context":"https:\/\/schema.org","@graph":[{"@type":"WebPage","@id":"https:\/\/nicklashoffmann.de\/kristoffia\/","url":"https:\/\/nicklashoffmann.de\/kristoffia\/","name":"Kristoffia - Nicklas Hoffmann","isPartOf":{"@id":"https:\/\/nicklashoffmann.de\/#website"},"datePublished":"2023-10-27T00:19:55+00:00","dateModified":"2025-07-07T01:09:54+00:00","description":"Der dritte Weltkrieg bricht aus, doch gl\u00fccklicherweise wurde das bislang unbekannte Land Kristoffia gerade neu entdeckt. Dort ist man sicher.","breadcrumb":{"@id":"https:\/\/nicklashoffmann.de\/kristoffia\/#breadcrumb"},"inLanguage":"en-GB","potentialAction":[{"@type":"ReadAction","target":["https:\/\/nicklashoffmann.de\/kristoffia\/"]}]},{"@type":"BreadcrumbList","@id":"https:\/\/nicklashoffmann.de\/kristoffia\/#breadcrumb","itemListElement":[{"@type":"ListItem","position":1,"name":"Home","item":"https:\/\/nicklashoffmann.de\/"},{"@type":"ListItem","position":2,"name":"Kristoffia"}]},{"@type":"WebSite","@id":"https:\/\/nicklashoffmann.de\/#website","url":"https:\/\/nicklashoffmann.de\/","name":"Nicklas Hoffmann","description":"Video- and Performance art","publisher":{"@id":"https:\/\/nicklashoffmann.de\/#\/schema\/person\/7ab72ea60d76fae8421e99f7df604072"},"alternateName":"nicklashoffmann","potentialAction":[{"@type":"SearchAction","target":{"@type":"EntryPoint","urlTemplate":"https:\/\/nicklashoffmann.de\/?s={search_term_string}"},"query-input":{"@type":"PropertyValueSpecification","valueRequired":true,"valueName":"search_term_string"}}],"inLanguage":"en-GB"},{"@type":["Person","Organization"],"@id":"https:\/\/nicklashoffmann.de\/#\/schema\/person\/7ab72ea60d76fae8421e99f7df604072","name":"admin","image":{"@type":"ImageObject","inLanguage":"en-GB","@id":"https:\/\/nicklashoffmann.de\/#\/schema\/person\/image\/","url":"https:\/\/nicklashoffmann.de\/wp-content\/uploads\/2023\/01\/Th_Website_Stanislaus.jpg","contentUrl":"https:\/\/nicklashoffmann.de\/wp-content\/uploads\/2023\/01\/Th_Website_Stanislaus.jpg","width":512,"height":512,"caption":"admin"},"logo":{"@id":"https:\/\/nicklashoffmann.de\/#\/schema\/person\/image\/"},"sameAs":["http:\/\/nicklashoffmann.de","http:\/\/youtube.com\/user\/MrNickOSir"]}]}},"_links":{"self":[{"href":"https:\/\/nicklashoffmann.de\/en\/wp-json\/wp\/v2\/pages\/562","targetHints":{"allow":["GET"]}}],"collection":[{"href":"https:\/\/nicklashoffmann.de\/en\/wp-json\/wp\/v2\/pages"}],"about":[{"href":"https:\/\/nicklashoffmann.de\/en\/wp-json\/wp\/v2\/types\/page"}],"author":[{"embeddable":true,"href":"https:\/\/nicklashoffmann.de\/en\/wp-json\/wp\/v2\/users\/1"}],"replies":[{"embeddable":true,"href":"https:\/\/nicklashoffmann.de\/en\/wp-json\/wp\/v2\/comments?post=562"}],"version-history":[{"count":10,"href":"https:\/\/nicklashoffmann.de\/en\/wp-json\/wp\/v2\/pages\/562\/revisions"}],"predecessor-version":[{"id":1239,"href":"https:\/\/nicklashoffmann.de\/en\/wp-json\/wp\/v2\/pages\/562\/revisions\/1239"}],"wp:attachment":[{"href":"https:\/\/nicklashoffmann.de\/en\/wp-json\/wp\/v2\/media?parent=562"}],"curies":[{"name":"wp","href":"https:\/\/api.w.org\/{rel}","templated":true}]}}