{"id":539,"date":"2023-09-25T00:32:48","date_gmt":"2023-09-25T00:32:48","guid":{"rendered":"https:\/\/nicklashoffmann.de\/?page_id=539"},"modified":"2024-01-06T13:18:12","modified_gmt":"2024-01-06T13:18:12","slug":"fuer-immer-kunstfigur-akt-2-der-insider","status":"publish","type":"page","link":"https:\/\/nicklashoffmann.de\/en\/fuer-immer-kunstfigur-akt-2-der-insider\/","title":{"rendered":"F\u00fcr Immer Kunstfigur \u2013 Akt 2: Der Insider"},"content":{"rendered":"<h4 class=\"wp-block-heading\">Kunstfigur-Saga: Teil 13<\/h4>\n\n\n\n<figure class=\"wp-block-embed is-type-video is-provider-youtube wp-block-embed-youtube wp-embed-aspect-16-9 wp-has-aspect-ratio\"><div class=\"wp-block-embed__wrapper\">\n<iframe loading=\"lazy\" title=\"F\u00fcr Immer Kunstfigur: Der Insider\" width=\"660\" height=\"371\" src=\"https:\/\/www.youtube.com\/embed\/PT2f-I-NlL8?feature=oembed\" frameborder=\"0\" allow=\"accelerometer; autoplay; clipboard-write; encrypted-media; gyroscope; picture-in-picture; web-share\" referrerpolicy=\"strict-origin-when-cross-origin\" allowfullscreen><\/iframe>\n<\/div><\/figure>\n\n\n\n<p>Eine mutma\u00dfliche Fernsehproduktion zeigt Stanislaus und den Fitnesscoach \u2013 zwei Figuren aus Nicklas Hoffmanns diversen Webserien \u2013 die sich in KI-generierten Aufgaben ihrem wahren Feind und Drahtzieher, dem Teufel, stellen m\u00fcssen. Das Trio lernt sich nach jedem abgeschlossenen Drehtag in der Bar \u201eZur Walpurgisnacht\u201c besser kennen. Sie sprechen \u00fcber Religion, Sexualit\u00e4t und die Vorstellung vom ewigen Leben. Dabei werden sie zu wahren Insidern.<\/p>\n\n\n\n<p><em>F\u00fcr Immer Kunstfigur<\/em> stellt in einem zweiteiligen Finale das Ende der <em>Kunstfigur<\/em>-Saga dar. <em>Akt 2: Der Insider<\/em> wurde durch Goethes Faust inspiriert und entstand in Kollaboration mit ChatGPT f\u00fcr die Examensausstellung an der Akademie der Bildenden K\u00fcnste M\u00fcnchen. Die Arbeit war dort vom 13.10.2023 bis zum 17.10.2023 zu sehen.<\/p>\n\n\n\n<h4 class=\"wp-block-heading\">Einzelheiten<\/h4>\n\n\n\n<figure class=\"wp-block-table is-style-stripes\"><table><tbody><tr><td>Entstehungsjahr<\/td><td>2023<\/td><\/tr><tr><td>Material<\/td><td>Video (25 Minuten), 85qm roter Messeteppich<\/td><\/tr><tr><td>K\u00fcnstler<\/td><td>Nicklas Hoffmann<\/td><\/tr><tr><td>Wurde ausgestellt in<\/td><td>Examensausstellung an der AdBK M\u00fcnchen (2023)<\/td><\/tr><\/tbody><\/table><\/figure>","protected":false},"excerpt":{"rendered":"<p>Kunstfigur-Saga: Teil 13 Eine mutma\u00dfliche Fernsehproduktion zeigt Stanislaus und den Fitnesscoach \u2013 zwei Figuren aus Nicklas Hoffmanns diversen Webserien \u2013 die sich in KI-generierten Aufgaben ihrem wahren Feind und Drahtzieher, dem Teufel, stellen m\u00fcssen. Das Trio lernt sich nach jedem abgeschlossenen Drehtag in der Bar \u201eZur Walpurgisnacht\u201c besser kennen. Sie sprechen \u00fcber Religion, Sexualit\u00e4t und &hellip; <a href=\"https:\/\/nicklashoffmann.de\/en\/fuer-immer-kunstfigur-akt-2-der-insider\/\" class=\"more-link\">Continue reading <span class=\"screen-reader-text\">F\u00fcr Immer Kunstfigur \u2013 Akt 2: Der Insider<\/span><\/a><\/p>","protected":false},"author":1,"featured_media":0,"parent":0,"menu_order":0,"comment_status":"closed","ping_status":"closed","template":"","meta":{"footnotes":""},"class_list":["post-539","page","type-page","status-publish","hentry"],"yoast_head":"<!-- This site is optimized with the Yoast SEO plugin v26.6 - https:\/\/yoast.com\/wordpress\/plugins\/seo\/ -->\n<title>F\u00fcr Immer Kunstfigur \u2013 Akt 2: Der Insider - Nicklas Hoffmann<\/title>\n<meta name=\"description\" content=\"Stanislaus, der Fitnesscoach und der Teufel sprechen in einer TV-Produktion \u00fcber Religion, Sexualit\u00e4t und die Vorstellung vom ewigen Leben.\" \/>\n<meta name=\"robots\" content=\"index, follow, max-snippet:-1, max-image-preview:large, max-video-preview:-1\" \/>\n<link rel=\"canonical\" href=\"https:\/\/nicklashoffmann.de\/en\/fuer-immer-kunstfigur-akt-2-der-insider\/\" \/>\n<meta property=\"og:locale\" content=\"en_GB\" \/>\n<meta property=\"og:type\" content=\"article\" \/>\n<meta property=\"og:title\" content=\"F\u00fcr Immer Kunstfigur \u2013 Akt 2: Der Insider - Nicklas Hoffmann\" \/>\n<meta property=\"og:description\" content=\"Stanislaus, der Fitnesscoach und der Teufel sprechen in einer TV-Produktion \u00fcber Religion, Sexualit\u00e4t und die Vorstellung vom ewigen Leben.\" \/>\n<meta property=\"og:url\" content=\"https:\/\/nicklashoffmann.de\/en\/fuer-immer-kunstfigur-akt-2-der-insider\/\" \/>\n<meta property=\"og:site_name\" content=\"Nicklas Hoffmann\" \/>\n<meta property=\"article:modified_time\" content=\"2024-01-06T13:18:12+00:00\" \/>\n<meta name=\"twitter:card\" content=\"summary_large_image\" \/>\n<meta name=\"twitter:label1\" content=\"Estimated reading time\" \/>\n\t<meta name=\"twitter:data1\" content=\"1 minute\" \/>\n<script type=\"application\/ld+json\" class=\"yoast-schema-graph\">{\"@context\":\"https:\/\/schema.org\",\"@graph\":[{\"@type\":\"WebPage\",\"@id\":\"https:\/\/nicklashoffmann.de\/fuer-immer-kunstfigur-akt-2-der-insider\/\",\"url\":\"https:\/\/nicklashoffmann.de\/fuer-immer-kunstfigur-akt-2-der-insider\/\",\"name\":\"F\u00fcr Immer Kunstfigur \u2013 Akt 2: Der Insider - Nicklas Hoffmann\",\"isPartOf\":{\"@id\":\"https:\/\/nicklashoffmann.de\/#website\"},\"datePublished\":\"2023-09-25T00:32:48+00:00\",\"dateModified\":\"2024-01-06T13:18:12+00:00\",\"description\":\"Stanislaus, der Fitnesscoach und der Teufel sprechen in einer TV-Produktion \u00fcber Religion, Sexualit\u00e4t und die Vorstellung vom ewigen Leben.\",\"breadcrumb\":{\"@id\":\"https:\/\/nicklashoffmann.de\/fuer-immer-kunstfigur-akt-2-der-insider\/#breadcrumb\"},\"inLanguage\":\"en-GB\",\"potentialAction\":[{\"@type\":\"ReadAction\",\"target\":[\"https:\/\/nicklashoffmann.de\/fuer-immer-kunstfigur-akt-2-der-insider\/\"]}]},{\"@type\":\"BreadcrumbList\",\"@id\":\"https:\/\/nicklashoffmann.de\/fuer-immer-kunstfigur-akt-2-der-insider\/#breadcrumb\",\"itemListElement\":[{\"@type\":\"ListItem\",\"position\":1,\"name\":\"Home\",\"item\":\"https:\/\/nicklashoffmann.de\/\"},{\"@type\":\"ListItem\",\"position\":2,\"name\":\"F\u00fcr Immer Kunstfigur \u2013 Akt 2: Der Insider\"}]},{\"@type\":\"WebSite\",\"@id\":\"https:\/\/nicklashoffmann.de\/#website\",\"url\":\"https:\/\/nicklashoffmann.de\/\",\"name\":\"Nicklas Hoffmann\",\"description\":\"Video- und Performancekunst\",\"publisher\":{\"@id\":\"https:\/\/nicklashoffmann.de\/#\/schema\/person\/7ab72ea60d76fae8421e99f7df604072\"},\"alternateName\":\"nicklashoffmann\",\"potentialAction\":[{\"@type\":\"SearchAction\",\"target\":{\"@type\":\"EntryPoint\",\"urlTemplate\":\"https:\/\/nicklashoffmann.de\/?s={search_term_string}\"},\"query-input\":{\"@type\":\"PropertyValueSpecification\",\"valueRequired\":true,\"valueName\":\"search_term_string\"}}],\"inLanguage\":\"en-GB\"},{\"@type\":[\"Person\",\"Organization\"],\"@id\":\"https:\/\/nicklashoffmann.de\/#\/schema\/person\/7ab72ea60d76fae8421e99f7df604072\",\"name\":\"admin\",\"image\":{\"@type\":\"ImageObject\",\"inLanguage\":\"en-GB\",\"@id\":\"https:\/\/nicklashoffmann.de\/#\/schema\/person\/image\/\",\"url\":\"https:\/\/nicklashoffmann.de\/wp-content\/uploads\/2023\/01\/Th_Website_Stanislaus.jpg\",\"contentUrl\":\"https:\/\/nicklashoffmann.de\/wp-content\/uploads\/2023\/01\/Th_Website_Stanislaus.jpg\",\"width\":512,\"height\":512,\"caption\":\"admin\"},\"logo\":{\"@id\":\"https:\/\/nicklashoffmann.de\/#\/schema\/person\/image\/\"},\"sameAs\":[\"http:\/\/nicklashoffmann.de\",\"http:\/\/youtube.com\/user\/MrNickOSir\"]}]}<\/script>\n<!-- \/ Yoast SEO plugin. -->","yoast_head_json":{"title":"F\u00fcr Immer Kunstfigur \u2013 Akt 2: Der Insider - Nicklas Hoffmann","description":"Stanislaus, der Fitnesscoach und der Teufel sprechen in einer TV-Produktion \u00fcber Religion, Sexualit\u00e4t und die Vorstellung vom ewigen Leben.","robots":{"index":"index","follow":"follow","max-snippet":"max-snippet:-1","max-image-preview":"max-image-preview:large","max-video-preview":"max-video-preview:-1"},"canonical":"https:\/\/nicklashoffmann.de\/en\/fuer-immer-kunstfigur-akt-2-der-insider\/","og_locale":"en_GB","og_type":"article","og_title":"F\u00fcr Immer Kunstfigur \u2013 Akt 2: Der Insider - Nicklas Hoffmann","og_description":"Stanislaus, der Fitnesscoach und der Teufel sprechen in einer TV-Produktion \u00fcber Religion, Sexualit\u00e4t und die Vorstellung vom ewigen Leben.","og_url":"https:\/\/nicklashoffmann.de\/en\/fuer-immer-kunstfigur-akt-2-der-insider\/","og_site_name":"Nicklas Hoffmann","article_modified_time":"2024-01-06T13:18:12+00:00","twitter_card":"summary_large_image","twitter_misc":{"Estimated reading time":"1 minute"},"schema":{"@context":"https:\/\/schema.org","@graph":[{"@type":"WebPage","@id":"https:\/\/nicklashoffmann.de\/fuer-immer-kunstfigur-akt-2-der-insider\/","url":"https:\/\/nicklashoffmann.de\/fuer-immer-kunstfigur-akt-2-der-insider\/","name":"F\u00fcr Immer Kunstfigur \u2013 Akt 2: Der Insider - Nicklas Hoffmann","isPartOf":{"@id":"https:\/\/nicklashoffmann.de\/#website"},"datePublished":"2023-09-25T00:32:48+00:00","dateModified":"2024-01-06T13:18:12+00:00","description":"Stanislaus, der Fitnesscoach und der Teufel sprechen in einer TV-Produktion \u00fcber Religion, Sexualit\u00e4t und die Vorstellung vom ewigen Leben.","breadcrumb":{"@id":"https:\/\/nicklashoffmann.de\/fuer-immer-kunstfigur-akt-2-der-insider\/#breadcrumb"},"inLanguage":"en-GB","potentialAction":[{"@type":"ReadAction","target":["https:\/\/nicklashoffmann.de\/fuer-immer-kunstfigur-akt-2-der-insider\/"]}]},{"@type":"BreadcrumbList","@id":"https:\/\/nicklashoffmann.de\/fuer-immer-kunstfigur-akt-2-der-insider\/#breadcrumb","itemListElement":[{"@type":"ListItem","position":1,"name":"Home","item":"https:\/\/nicklashoffmann.de\/"},{"@type":"ListItem","position":2,"name":"F\u00fcr Immer Kunstfigur \u2013 Akt 2: Der Insider"}]},{"@type":"WebSite","@id":"https:\/\/nicklashoffmann.de\/#website","url":"https:\/\/nicklashoffmann.de\/","name":"Nicklas Hoffmann","description":"Video- and Performance art","publisher":{"@id":"https:\/\/nicklashoffmann.de\/#\/schema\/person\/7ab72ea60d76fae8421e99f7df604072"},"alternateName":"nicklashoffmann","potentialAction":[{"@type":"SearchAction","target":{"@type":"EntryPoint","urlTemplate":"https:\/\/nicklashoffmann.de\/?s={search_term_string}"},"query-input":{"@type":"PropertyValueSpecification","valueRequired":true,"valueName":"search_term_string"}}],"inLanguage":"en-GB"},{"@type":["Person","Organization"],"@id":"https:\/\/nicklashoffmann.de\/#\/schema\/person\/7ab72ea60d76fae8421e99f7df604072","name":"admin","image":{"@type":"ImageObject","inLanguage":"en-GB","@id":"https:\/\/nicklashoffmann.de\/#\/schema\/person\/image\/","url":"https:\/\/nicklashoffmann.de\/wp-content\/uploads\/2023\/01\/Th_Website_Stanislaus.jpg","contentUrl":"https:\/\/nicklashoffmann.de\/wp-content\/uploads\/2023\/01\/Th_Website_Stanislaus.jpg","width":512,"height":512,"caption":"admin"},"logo":{"@id":"https:\/\/nicklashoffmann.de\/#\/schema\/person\/image\/"},"sameAs":["http:\/\/nicklashoffmann.de","http:\/\/youtube.com\/user\/MrNickOSir"]}]}},"_links":{"self":[{"href":"https:\/\/nicklashoffmann.de\/en\/wp-json\/wp\/v2\/pages\/539","targetHints":{"allow":["GET"]}}],"collection":[{"href":"https:\/\/nicklashoffmann.de\/en\/wp-json\/wp\/v2\/pages"}],"about":[{"href":"https:\/\/nicklashoffmann.de\/en\/wp-json\/wp\/v2\/types\/page"}],"author":[{"embeddable":true,"href":"https:\/\/nicklashoffmann.de\/en\/wp-json\/wp\/v2\/users\/1"}],"replies":[{"embeddable":true,"href":"https:\/\/nicklashoffmann.de\/en\/wp-json\/wp\/v2\/comments?post=539"}],"version-history":[{"count":12,"href":"https:\/\/nicklashoffmann.de\/en\/wp-json\/wp\/v2\/pages\/539\/revisions"}],"predecessor-version":[{"id":881,"href":"https:\/\/nicklashoffmann.de\/en\/wp-json\/wp\/v2\/pages\/539\/revisions\/881"}],"wp:attachment":[{"href":"https:\/\/nicklashoffmann.de\/en\/wp-json\/wp\/v2\/media?parent=539"}],"curies":[{"name":"wp","href":"https:\/\/api.w.org\/{rel}","templated":true}]}}