{"id":51,"date":"2023-01-05T10:11:03","date_gmt":"2023-01-05T10:11:03","guid":{"rendered":"http:\/\/nicklashoffmann.de\/?page_id=51"},"modified":"2024-01-06T14:00:40","modified_gmt":"2024-01-06T14:00:40","slug":"gerald","status":"publish","type":"page","link":"https:\/\/nicklashoffmann.de\/en\/gerald\/","title":{"rendered":"Gerald"},"content":{"rendered":"<h4 class=\"wp-block-heading\">Gerald-Saga: Teil 1<\/h4>\n\n\n\n<figure class=\"wp-block-embed is-type-video is-provider-youtube wp-block-embed-youtube wp-embed-aspect-16-9 wp-has-aspect-ratio\"><div class=\"wp-block-embed__wrapper\">\n<iframe loading=\"lazy\" title=\"GERALD\" width=\"660\" height=\"371\" src=\"https:\/\/www.youtube.com\/embed\/1pqq154e1i4?feature=oembed\" frameborder=\"0\" allow=\"accelerometer; autoplay; clipboard-write; encrypted-media; gyroscope; picture-in-picture; web-share\" referrerpolicy=\"strict-origin-when-cross-origin\" allowfullscreen><\/iframe>\n<\/div><\/figure>\n\n\n\n<p>Die Videoarbeit <em>Gerald<\/em> ist als dreiteilige Sitcom aufgemacht, die sich unter Zuhilfenahme von Humor mit Tinder, Fetischen und sexuellen Tabus auseinandersetzt. Gerald, ein Einhorn-Ballontier aus dem Weltall, trifft auf Nicklas, einen \u201eTinderfuckboy\u201c und Womanizer, und wird zu seinem Haustier. Nachdem Nicklas eine \u201eSidebitch\u201c nach der anderen empf\u00e4ngt, mit all diesen schl\u00e4ft und Gerald stets eifers\u00fcchtig zusieht, muss dieser schnell feststellen, dass besagte Sidebitches allesamt w\u00e4hrend oder direkt nach dem Akt auf mysteri\u00f6se Art und Weise verschwinden &#8230;<\/p>\n\n\n\n<p>Der K\u00fcnstler verarbeitet in <em>Gerald<\/em> seine Erlebnisse zur Single-Vermitlungs-App \u201eTinder\u201c und seine Eindr\u00fccke zu einigen Fetischarbeiten aus der documenta 14. In diesem Projekt geht es, neben freiz\u00fcgiger Tinderkultur, auch darum, sich die Br\u00e4uche von Fetisch-Gruppen anzueignen und am eigenen Leib zu erfahren.<\/p>\n\n\n\n<h4 class=\"wp-block-heading\">Einzelheiten<\/h4>\n\n\n\n<figure class=\"wp-block-table is-style-stripes\"><table><tbody><tr><td>Entstehungsjahr<\/td><td>2018<\/td><\/tr><tr><td>Material<\/td><td>3 Videos (insg. 17 Minuten)<\/td><\/tr><tr><td>K\u00fcnstler<\/td><td>Nicklas Hoffmann<\/td><\/tr><tr><td>Besonderen Dank an<\/td><td>Alexandra W.<\/td><\/tr><tr><td>Wurde ausgestellt in<\/td><td>Online-Jahresausstellung in der AdBK M\u00fcnchen, Klasse Hien (2020)<\/td><\/tr><\/tbody><\/table><\/figure>","protected":false},"excerpt":{"rendered":"<p>Gerald-Saga: Teil 1 Die Videoarbeit Gerald ist als dreiteilige Sitcom aufgemacht, die sich unter Zuhilfenahme von Humor mit Tinder, Fetischen und sexuellen Tabus auseinandersetzt. Gerald, ein Einhorn-Ballontier aus dem Weltall, trifft auf Nicklas, einen \u201eTinderfuckboy\u201c und Womanizer, und wird zu seinem Haustier. Nachdem Nicklas eine \u201eSidebitch\u201c nach der anderen empf\u00e4ngt, mit all diesen schl\u00e4ft und &hellip; <a href=\"https:\/\/nicklashoffmann.de\/en\/gerald\/\" class=\"more-link\">Continue reading <span class=\"screen-reader-text\">Gerald<\/span><\/a><\/p>","protected":false},"author":1,"featured_media":0,"parent":0,"menu_order":0,"comment_status":"closed","ping_status":"closed","template":"","meta":{"footnotes":""},"class_list":["post-51","page","type-page","status-publish","hentry"],"yoast_head":"<!-- This site is optimized with the Yoast SEO plugin v26.6 - https:\/\/yoast.com\/wordpress\/plugins\/seo\/ -->\n<title>Gerald - Nicklas Hoffmann<\/title>\n<meta name=\"description\" content=\"Die Videoarbeit Gerald ist als dreiteilige Sitcom aufgemacht, die sich \u00fcber Humor mit Tinder, Fetischen und sexuellen Tabus auseinandersetzt.\" \/>\n<meta name=\"robots\" content=\"index, follow, max-snippet:-1, max-image-preview:large, max-video-preview:-1\" \/>\n<link rel=\"canonical\" href=\"https:\/\/nicklashoffmann.de\/en\/gerald\/\" \/>\n<meta property=\"og:locale\" content=\"en_GB\" \/>\n<meta property=\"og:type\" content=\"article\" \/>\n<meta property=\"og:title\" content=\"Gerald - Nicklas Hoffmann\" \/>\n<meta property=\"og:description\" content=\"Die Videoarbeit Gerald ist als dreiteilige Sitcom aufgemacht, die sich \u00fcber Humor mit Tinder, Fetischen und sexuellen Tabus auseinandersetzt.\" \/>\n<meta property=\"og:url\" content=\"https:\/\/nicklashoffmann.de\/en\/gerald\/\" \/>\n<meta property=\"og:site_name\" content=\"Nicklas Hoffmann\" \/>\n<meta property=\"article:modified_time\" content=\"2024-01-06T14:00:40+00:00\" \/>\n<meta name=\"twitter:card\" content=\"summary_large_image\" \/>\n<meta name=\"twitter:label1\" content=\"Estimated reading time\" \/>\n\t<meta name=\"twitter:data1\" content=\"1 minute\" \/>\n<script type=\"application\/ld+json\" class=\"yoast-schema-graph\">{\"@context\":\"https:\/\/schema.org\",\"@graph\":[{\"@type\":\"WebPage\",\"@id\":\"https:\/\/nicklashoffmann.de\/gerald\/\",\"url\":\"https:\/\/nicklashoffmann.de\/gerald\/\",\"name\":\"Gerald - Nicklas Hoffmann\",\"isPartOf\":{\"@id\":\"https:\/\/nicklashoffmann.de\/#website\"},\"datePublished\":\"2023-01-05T10:11:03+00:00\",\"dateModified\":\"2024-01-06T14:00:40+00:00\",\"description\":\"Die Videoarbeit Gerald ist als dreiteilige Sitcom aufgemacht, die sich \u00fcber Humor mit Tinder, Fetischen und sexuellen Tabus auseinandersetzt.\",\"breadcrumb\":{\"@id\":\"https:\/\/nicklashoffmann.de\/gerald\/#breadcrumb\"},\"inLanguage\":\"en-GB\",\"potentialAction\":[{\"@type\":\"ReadAction\",\"target\":[\"https:\/\/nicklashoffmann.de\/gerald\/\"]}]},{\"@type\":\"BreadcrumbList\",\"@id\":\"https:\/\/nicklashoffmann.de\/gerald\/#breadcrumb\",\"itemListElement\":[{\"@type\":\"ListItem\",\"position\":1,\"name\":\"Home\",\"item\":\"https:\/\/nicklashoffmann.de\/\"},{\"@type\":\"ListItem\",\"position\":2,\"name\":\"Gerald\"}]},{\"@type\":\"WebSite\",\"@id\":\"https:\/\/nicklashoffmann.de\/#website\",\"url\":\"https:\/\/nicklashoffmann.de\/\",\"name\":\"Nicklas Hoffmann\",\"description\":\"Video- und Performancekunst\",\"publisher\":{\"@id\":\"https:\/\/nicklashoffmann.de\/#\/schema\/person\/7ab72ea60d76fae8421e99f7df604072\"},\"alternateName\":\"nicklashoffmann\",\"potentialAction\":[{\"@type\":\"SearchAction\",\"target\":{\"@type\":\"EntryPoint\",\"urlTemplate\":\"https:\/\/nicklashoffmann.de\/?s={search_term_string}\"},\"query-input\":{\"@type\":\"PropertyValueSpecification\",\"valueRequired\":true,\"valueName\":\"search_term_string\"}}],\"inLanguage\":\"en-GB\"},{\"@type\":[\"Person\",\"Organization\"],\"@id\":\"https:\/\/nicklashoffmann.de\/#\/schema\/person\/7ab72ea60d76fae8421e99f7df604072\",\"name\":\"admin\",\"image\":{\"@type\":\"ImageObject\",\"inLanguage\":\"en-GB\",\"@id\":\"https:\/\/nicklashoffmann.de\/#\/schema\/person\/image\/\",\"url\":\"https:\/\/nicklashoffmann.de\/wp-content\/uploads\/2023\/01\/Th_Website_Stanislaus.jpg\",\"contentUrl\":\"https:\/\/nicklashoffmann.de\/wp-content\/uploads\/2023\/01\/Th_Website_Stanislaus.jpg\",\"width\":512,\"height\":512,\"caption\":\"admin\"},\"logo\":{\"@id\":\"https:\/\/nicklashoffmann.de\/#\/schema\/person\/image\/\"},\"sameAs\":[\"http:\/\/nicklashoffmann.de\",\"http:\/\/youtube.com\/user\/MrNickOSir\"]}]}<\/script>\n<!-- \/ Yoast SEO plugin. -->","yoast_head_json":{"title":"Gerald - Nicklas Hoffmann","description":"Die Videoarbeit Gerald ist als dreiteilige Sitcom aufgemacht, die sich \u00fcber Humor mit Tinder, Fetischen und sexuellen Tabus auseinandersetzt.","robots":{"index":"index","follow":"follow","max-snippet":"max-snippet:-1","max-image-preview":"max-image-preview:large","max-video-preview":"max-video-preview:-1"},"canonical":"https:\/\/nicklashoffmann.de\/en\/gerald\/","og_locale":"en_GB","og_type":"article","og_title":"Gerald - Nicklas Hoffmann","og_description":"Die Videoarbeit Gerald ist als dreiteilige Sitcom aufgemacht, die sich \u00fcber Humor mit Tinder, Fetischen und sexuellen Tabus auseinandersetzt.","og_url":"https:\/\/nicklashoffmann.de\/en\/gerald\/","og_site_name":"Nicklas Hoffmann","article_modified_time":"2024-01-06T14:00:40+00:00","twitter_card":"summary_large_image","twitter_misc":{"Estimated reading time":"1 minute"},"schema":{"@context":"https:\/\/schema.org","@graph":[{"@type":"WebPage","@id":"https:\/\/nicklashoffmann.de\/gerald\/","url":"https:\/\/nicklashoffmann.de\/gerald\/","name":"Gerald - Nicklas Hoffmann","isPartOf":{"@id":"https:\/\/nicklashoffmann.de\/#website"},"datePublished":"2023-01-05T10:11:03+00:00","dateModified":"2024-01-06T14:00:40+00:00","description":"Die Videoarbeit Gerald ist als dreiteilige Sitcom aufgemacht, die sich \u00fcber Humor mit Tinder, Fetischen und sexuellen Tabus auseinandersetzt.","breadcrumb":{"@id":"https:\/\/nicklashoffmann.de\/gerald\/#breadcrumb"},"inLanguage":"en-GB","potentialAction":[{"@type":"ReadAction","target":["https:\/\/nicklashoffmann.de\/gerald\/"]}]},{"@type":"BreadcrumbList","@id":"https:\/\/nicklashoffmann.de\/gerald\/#breadcrumb","itemListElement":[{"@type":"ListItem","position":1,"name":"Home","item":"https:\/\/nicklashoffmann.de\/"},{"@type":"ListItem","position":2,"name":"Gerald"}]},{"@type":"WebSite","@id":"https:\/\/nicklashoffmann.de\/#website","url":"https:\/\/nicklashoffmann.de\/","name":"Nicklas Hoffmann","description":"Video- and Performance art","publisher":{"@id":"https:\/\/nicklashoffmann.de\/#\/schema\/person\/7ab72ea60d76fae8421e99f7df604072"},"alternateName":"nicklashoffmann","potentialAction":[{"@type":"SearchAction","target":{"@type":"EntryPoint","urlTemplate":"https:\/\/nicklashoffmann.de\/?s={search_term_string}"},"query-input":{"@type":"PropertyValueSpecification","valueRequired":true,"valueName":"search_term_string"}}],"inLanguage":"en-GB"},{"@type":["Person","Organization"],"@id":"https:\/\/nicklashoffmann.de\/#\/schema\/person\/7ab72ea60d76fae8421e99f7df604072","name":"admin","image":{"@type":"ImageObject","inLanguage":"en-GB","@id":"https:\/\/nicklashoffmann.de\/#\/schema\/person\/image\/","url":"https:\/\/nicklashoffmann.de\/wp-content\/uploads\/2023\/01\/Th_Website_Stanislaus.jpg","contentUrl":"https:\/\/nicklashoffmann.de\/wp-content\/uploads\/2023\/01\/Th_Website_Stanislaus.jpg","width":512,"height":512,"caption":"admin"},"logo":{"@id":"https:\/\/nicklashoffmann.de\/#\/schema\/person\/image\/"},"sameAs":["http:\/\/nicklashoffmann.de","http:\/\/youtube.com\/user\/MrNickOSir"]}]}},"_links":{"self":[{"href":"https:\/\/nicklashoffmann.de\/en\/wp-json\/wp\/v2\/pages\/51","targetHints":{"allow":["GET"]}}],"collection":[{"href":"https:\/\/nicklashoffmann.de\/en\/wp-json\/wp\/v2\/pages"}],"about":[{"href":"https:\/\/nicklashoffmann.de\/en\/wp-json\/wp\/v2\/types\/page"}],"author":[{"embeddable":true,"href":"https:\/\/nicklashoffmann.de\/en\/wp-json\/wp\/v2\/users\/1"}],"replies":[{"embeddable":true,"href":"https:\/\/nicklashoffmann.de\/en\/wp-json\/wp\/v2\/comments?post=51"}],"version-history":[{"count":14,"href":"https:\/\/nicklashoffmann.de\/en\/wp-json\/wp\/v2\/pages\/51\/revisions"}],"predecessor-version":[{"id":831,"href":"https:\/\/nicklashoffmann.de\/en\/wp-json\/wp\/v2\/pages\/51\/revisions\/831"}],"wp:attachment":[{"href":"https:\/\/nicklashoffmann.de\/en\/wp-json\/wp\/v2\/media?parent=51"}],"curies":[{"name":"wp","href":"https:\/\/api.w.org\/{rel}","templated":true}]}}