{"id":425,"date":"2023-06-04T12:31:01","date_gmt":"2023-06-04T12:31:01","guid":{"rendered":"https:\/\/nicklashoffmann.de\/?page_id=425"},"modified":"2024-01-06T13:46:37","modified_gmt":"2024-01-06T13:46:37","slug":"fuer-immer-kunstfigur-akt-1-der-aussenseiter","status":"publish","type":"page","link":"https:\/\/nicklashoffmann.de\/en\/fuer-immer-kunstfigur-akt-1-der-aussenseiter\/","title":{"rendered":"F\u00fcr Immer Kunstfigur \u2013 Akt 1: Der Aussenseiter"},"content":{"rendered":"<h4 class=\"wp-block-heading\">Kunstfigur-Saga: Teil 12<\/h4>\n\n\n\n<figure class=\"wp-block-embed is-type-video is-provider-youtube wp-block-embed-youtube wp-embed-aspect-16-9 wp-has-aspect-ratio\"><div class=\"wp-block-embed__wrapper\">\n<iframe loading=\"lazy\" title=\"F\u00fcr Immer Kunstfigur: Der Au\u00dfenseiter\" width=\"660\" height=\"371\" src=\"https:\/\/www.youtube.com\/embed\/F8ShilEvLR4?feature=oembed\" frameborder=\"0\" allow=\"accelerometer; autoplay; clipboard-write; encrypted-media; gyroscope; picture-in-picture; web-share\" referrerpolicy=\"strict-origin-when-cross-origin\" allowfullscreen><\/iframe>\n<\/div><\/figure>\n\n\n\n<p>Stanislaus und der Fitnesscoach \u2013 zwei Figuren aus Nicklas Hoffmanns diversen Webserien \u2013 m\u00fcssen ihre Filmsaga beenden und werden in einem endlos wei\u00dfen Raum mit ihrer Vergangenheit konfrontiert. Schlie\u00dflich offenbart sich, wer sie gefangen h\u00e4lt: der Teufel h\u00f6chstpers\u00f6nlich. Was hat das alles zu bedeuten?<\/p>\n\n\n\n<p><em>F\u00fcr Immer Kunstfigur<\/em> stellt in einem zweiteiligen Finale das Ende der <em>Kunstfigur<\/em>-Saga dar. <em>Akt 1: Der Aussenseiter<\/em> entstand in Kollaboration mit ChatGPT f\u00fcr die Ausstellung <em>Die Aussenseiterbande<\/em>, die vom 16.05.2023 bis zum 18.06.2023 in der Galerie der K\u00fcnstler*innen in M\u00fcnchen betrachtet werden konnte.<\/p>\n\n\n\n<p><strong>Zugeh\u00f6rige Performance:<\/strong> Zum Auftakt der Ausstellung lie\u00df die wiederkehrende Figur Stanislaus mit einem Ouija-Board und der Beihilfe der Betrachter*innen die Geister der guten Kunst ins Haus. Das Mantra lautete \u201eHallo, Hallo, Hallo gute Kunst\u201c<em>.<\/em><\/p>\n\n\n\n<figure class=\"wp-block-image size-large\"><img loading=\"lazy\" decoding=\"async\" width=\"1024\" height=\"683\" src=\"https:\/\/nicklashoffmann.de\/wp-content\/uploads\/2024\/01\/Hallo-2048x1365-1-1024x683.jpg\" alt=\"\" class=\"wp-image-884\" srcset=\"https:\/\/nicklashoffmann.de\/wp-content\/uploads\/2024\/01\/Hallo-2048x1365-1-1024x683.jpg 1024w, https:\/\/nicklashoffmann.de\/wp-content\/uploads\/2024\/01\/Hallo-2048x1365-1-300x200.jpg 300w, https:\/\/nicklashoffmann.de\/wp-content\/uploads\/2024\/01\/Hallo-2048x1365-1-768x512.jpg 768w, https:\/\/nicklashoffmann.de\/wp-content\/uploads\/2024\/01\/Hallo-2048x1365-1-1536x1024.jpg 1536w, https:\/\/nicklashoffmann.de\/wp-content\/uploads\/2024\/01\/Hallo-2048x1365-1.jpg 2048w\" sizes=\"auto, (max-width: 1024px) 100vw, 1024px\" \/><\/figure>\n\n\n\n<h4 class=\"wp-block-heading\">Einzelheiten<\/h4>\n\n\n\n<figure class=\"wp-block-table is-style-stripes\"><table><tbody><tr><td>Entstehungsjahr<\/td><td>2023<\/td><\/tr><tr><td>Material<\/td><td>Video (25 Minuten), verkleidete Gips-Skulptur mit Telefon, 85qm roter Messeteppich + Performance<\/td><\/tr><tr><td>K\u00fcnstler<\/td><td>Nicklas Hoffmann<\/td><\/tr><tr><td>Wurde ausgestellt in<\/td><td><em>Die Aussenseiterbande<\/em> in der Galerie der K\u00fcnstler*innen in M\u00fcnchen (2023)<\/td><\/tr><\/tbody><\/table><\/figure>","protected":false},"excerpt":{"rendered":"<p>Kunstfigur-Saga: Teil 12 Stanislaus und der Fitnesscoach \u2013 zwei Figuren aus Nicklas Hoffmanns diversen Webserien \u2013 m\u00fcssen ihre Filmsaga beenden und werden in einem endlos wei\u00dfen Raum mit ihrer Vergangenheit konfrontiert. Schlie\u00dflich offenbart sich, wer sie gefangen h\u00e4lt: der Teufel h\u00f6chstpers\u00f6nlich. Was hat das alles zu bedeuten? F\u00fcr Immer Kunstfigur stellt in einem zweiteiligen Finale &hellip; <a href=\"https:\/\/nicklashoffmann.de\/en\/fuer-immer-kunstfigur-akt-1-der-aussenseiter\/\" class=\"more-link\">Continue reading <span class=\"screen-reader-text\">F\u00fcr Immer Kunstfigur \u2013 Akt 1: Der Aussenseiter<\/span><\/a><\/p>","protected":false},"author":1,"featured_media":0,"parent":0,"menu_order":0,"comment_status":"closed","ping_status":"closed","template":"","meta":{"footnotes":""},"class_list":["post-425","page","type-page","status-publish","hentry"],"yoast_head":"<!-- This site is optimized with the Yoast SEO plugin v26.6 - https:\/\/yoast.com\/wordpress\/plugins\/seo\/ -->\n<title>F\u00fcr Immer Kunstfigur \u2013 Akt 1: Der Aussenseiter - Nicklas Hoffmann<\/title>\n<meta name=\"description\" content=\"Stanislaus und der Fitnesscoach m\u00fcssen ihre Filmsaga beenden und werden in einem endlos wei\u00dfen Raum mit ihrer Vergangenheit konfrontiert.\" \/>\n<meta name=\"robots\" content=\"index, follow, max-snippet:-1, max-image-preview:large, max-video-preview:-1\" \/>\n<link rel=\"canonical\" href=\"https:\/\/nicklashoffmann.de\/en\/fuer-immer-kunstfigur-akt-1-der-aussenseiter\/\" \/>\n<meta property=\"og:locale\" content=\"en_GB\" \/>\n<meta property=\"og:type\" content=\"article\" \/>\n<meta property=\"og:title\" content=\"F\u00fcr Immer Kunstfigur \u2013 Akt 1: Der Aussenseiter - Nicklas Hoffmann\" \/>\n<meta property=\"og:description\" content=\"Stanislaus und der Fitnesscoach m\u00fcssen ihre Filmsaga beenden und werden in einem endlos wei\u00dfen Raum mit ihrer Vergangenheit konfrontiert.\" \/>\n<meta property=\"og:url\" content=\"https:\/\/nicklashoffmann.de\/en\/fuer-immer-kunstfigur-akt-1-der-aussenseiter\/\" \/>\n<meta property=\"og:site_name\" content=\"Nicklas Hoffmann\" \/>\n<meta property=\"article:modified_time\" content=\"2024-01-06T13:46:37+00:00\" \/>\n<meta property=\"og:image\" content=\"https:\/\/nicklashoffmann.de\/wp-content\/uploads\/2024\/01\/Hallo-2048x1365-1-1024x683.jpg\" \/>\n<meta name=\"twitter:card\" content=\"summary_large_image\" \/>\n<meta name=\"twitter:label1\" content=\"Estimated reading time\" \/>\n\t<meta name=\"twitter:data1\" content=\"2 minutes\" \/>\n<script type=\"application\/ld+json\" class=\"yoast-schema-graph\">{\"@context\":\"https:\/\/schema.org\",\"@graph\":[{\"@type\":\"WebPage\",\"@id\":\"https:\/\/nicklashoffmann.de\/fuer-immer-kunstfigur-akt-1-der-aussenseiter\/\",\"url\":\"https:\/\/nicklashoffmann.de\/fuer-immer-kunstfigur-akt-1-der-aussenseiter\/\",\"name\":\"F\u00fcr Immer Kunstfigur \u2013 Akt 1: Der Aussenseiter - Nicklas Hoffmann\",\"isPartOf\":{\"@id\":\"https:\/\/nicklashoffmann.de\/#website\"},\"primaryImageOfPage\":{\"@id\":\"https:\/\/nicklashoffmann.de\/fuer-immer-kunstfigur-akt-1-der-aussenseiter\/#primaryimage\"},\"image\":{\"@id\":\"https:\/\/nicklashoffmann.de\/fuer-immer-kunstfigur-akt-1-der-aussenseiter\/#primaryimage\"},\"thumbnailUrl\":\"https:\/\/nicklashoffmann.de\/wp-content\/uploads\/2024\/01\/Hallo-2048x1365-1-1024x683.jpg\",\"datePublished\":\"2023-06-04T12:31:01+00:00\",\"dateModified\":\"2024-01-06T13:46:37+00:00\",\"description\":\"Stanislaus und der Fitnesscoach m\u00fcssen ihre Filmsaga beenden und werden in einem endlos wei\u00dfen Raum mit ihrer Vergangenheit konfrontiert.\",\"breadcrumb\":{\"@id\":\"https:\/\/nicklashoffmann.de\/fuer-immer-kunstfigur-akt-1-der-aussenseiter\/#breadcrumb\"},\"inLanguage\":\"en-GB\",\"potentialAction\":[{\"@type\":\"ReadAction\",\"target\":[\"https:\/\/nicklashoffmann.de\/fuer-immer-kunstfigur-akt-1-der-aussenseiter\/\"]}]},{\"@type\":\"ImageObject\",\"inLanguage\":\"en-GB\",\"@id\":\"https:\/\/nicklashoffmann.de\/fuer-immer-kunstfigur-akt-1-der-aussenseiter\/#primaryimage\",\"url\":\"https:\/\/nicklashoffmann.de\/wp-content\/uploads\/2024\/01\/Hallo-2048x1365-1-1024x683.jpg\",\"contentUrl\":\"https:\/\/nicklashoffmann.de\/wp-content\/uploads\/2024\/01\/Hallo-2048x1365-1-1024x683.jpg\"},{\"@type\":\"BreadcrumbList\",\"@id\":\"https:\/\/nicklashoffmann.de\/fuer-immer-kunstfigur-akt-1-der-aussenseiter\/#breadcrumb\",\"itemListElement\":[{\"@type\":\"ListItem\",\"position\":1,\"name\":\"Home\",\"item\":\"https:\/\/nicklashoffmann.de\/\"},{\"@type\":\"ListItem\",\"position\":2,\"name\":\"F\u00fcr Immer Kunstfigur \u2013 Akt 1: Der Aussenseiter\"}]},{\"@type\":\"WebSite\",\"@id\":\"https:\/\/nicklashoffmann.de\/#website\",\"url\":\"https:\/\/nicklashoffmann.de\/\",\"name\":\"Nicklas Hoffmann\",\"description\":\"Video- und Performancekunst\",\"publisher\":{\"@id\":\"https:\/\/nicklashoffmann.de\/#\/schema\/person\/7ab72ea60d76fae8421e99f7df604072\"},\"alternateName\":\"nicklashoffmann\",\"potentialAction\":[{\"@type\":\"SearchAction\",\"target\":{\"@type\":\"EntryPoint\",\"urlTemplate\":\"https:\/\/nicklashoffmann.de\/?s={search_term_string}\"},\"query-input\":{\"@type\":\"PropertyValueSpecification\",\"valueRequired\":true,\"valueName\":\"search_term_string\"}}],\"inLanguage\":\"en-GB\"},{\"@type\":[\"Person\",\"Organization\"],\"@id\":\"https:\/\/nicklashoffmann.de\/#\/schema\/person\/7ab72ea60d76fae8421e99f7df604072\",\"name\":\"admin\",\"image\":{\"@type\":\"ImageObject\",\"inLanguage\":\"en-GB\",\"@id\":\"https:\/\/nicklashoffmann.de\/#\/schema\/person\/image\/\",\"url\":\"https:\/\/nicklashoffmann.de\/wp-content\/uploads\/2023\/01\/Th_Website_Stanislaus.jpg\",\"contentUrl\":\"https:\/\/nicklashoffmann.de\/wp-content\/uploads\/2023\/01\/Th_Website_Stanislaus.jpg\",\"width\":512,\"height\":512,\"caption\":\"admin\"},\"logo\":{\"@id\":\"https:\/\/nicklashoffmann.de\/#\/schema\/person\/image\/\"},\"sameAs\":[\"http:\/\/nicklashoffmann.de\",\"http:\/\/youtube.com\/user\/MrNickOSir\"]}]}<\/script>\n<!-- \/ Yoast SEO plugin. -->","yoast_head_json":{"title":"F\u00fcr Immer Kunstfigur \u2013 Akt 1: Der Aussenseiter - Nicklas Hoffmann","description":"Stanislaus und der Fitnesscoach m\u00fcssen ihre Filmsaga beenden und werden in einem endlos wei\u00dfen Raum mit ihrer Vergangenheit konfrontiert.","robots":{"index":"index","follow":"follow","max-snippet":"max-snippet:-1","max-image-preview":"max-image-preview:large","max-video-preview":"max-video-preview:-1"},"canonical":"https:\/\/nicklashoffmann.de\/en\/fuer-immer-kunstfigur-akt-1-der-aussenseiter\/","og_locale":"en_GB","og_type":"article","og_title":"F\u00fcr Immer Kunstfigur \u2013 Akt 1: Der Aussenseiter - Nicklas Hoffmann","og_description":"Stanislaus und der Fitnesscoach m\u00fcssen ihre Filmsaga beenden und werden in einem endlos wei\u00dfen Raum mit ihrer Vergangenheit konfrontiert.","og_url":"https:\/\/nicklashoffmann.de\/en\/fuer-immer-kunstfigur-akt-1-der-aussenseiter\/","og_site_name":"Nicklas Hoffmann","article_modified_time":"2024-01-06T13:46:37+00:00","og_image":[{"url":"https:\/\/nicklashoffmann.de\/wp-content\/uploads\/2024\/01\/Hallo-2048x1365-1-1024x683.jpg","type":"","width":"","height":""}],"twitter_card":"summary_large_image","twitter_misc":{"Estimated reading time":"2 minutes"},"schema":{"@context":"https:\/\/schema.org","@graph":[{"@type":"WebPage","@id":"https:\/\/nicklashoffmann.de\/fuer-immer-kunstfigur-akt-1-der-aussenseiter\/","url":"https:\/\/nicklashoffmann.de\/fuer-immer-kunstfigur-akt-1-der-aussenseiter\/","name":"F\u00fcr Immer Kunstfigur \u2013 Akt 1: Der Aussenseiter - Nicklas Hoffmann","isPartOf":{"@id":"https:\/\/nicklashoffmann.de\/#website"},"primaryImageOfPage":{"@id":"https:\/\/nicklashoffmann.de\/fuer-immer-kunstfigur-akt-1-der-aussenseiter\/#primaryimage"},"image":{"@id":"https:\/\/nicklashoffmann.de\/fuer-immer-kunstfigur-akt-1-der-aussenseiter\/#primaryimage"},"thumbnailUrl":"https:\/\/nicklashoffmann.de\/wp-content\/uploads\/2024\/01\/Hallo-2048x1365-1-1024x683.jpg","datePublished":"2023-06-04T12:31:01+00:00","dateModified":"2024-01-06T13:46:37+00:00","description":"Stanislaus und der Fitnesscoach m\u00fcssen ihre Filmsaga beenden und werden in einem endlos wei\u00dfen Raum mit ihrer Vergangenheit konfrontiert.","breadcrumb":{"@id":"https:\/\/nicklashoffmann.de\/fuer-immer-kunstfigur-akt-1-der-aussenseiter\/#breadcrumb"},"inLanguage":"en-GB","potentialAction":[{"@type":"ReadAction","target":["https:\/\/nicklashoffmann.de\/fuer-immer-kunstfigur-akt-1-der-aussenseiter\/"]}]},{"@type":"ImageObject","inLanguage":"en-GB","@id":"https:\/\/nicklashoffmann.de\/fuer-immer-kunstfigur-akt-1-der-aussenseiter\/#primaryimage","url":"https:\/\/nicklashoffmann.de\/wp-content\/uploads\/2024\/01\/Hallo-2048x1365-1-1024x683.jpg","contentUrl":"https:\/\/nicklashoffmann.de\/wp-content\/uploads\/2024\/01\/Hallo-2048x1365-1-1024x683.jpg"},{"@type":"BreadcrumbList","@id":"https:\/\/nicklashoffmann.de\/fuer-immer-kunstfigur-akt-1-der-aussenseiter\/#breadcrumb","itemListElement":[{"@type":"ListItem","position":1,"name":"Home","item":"https:\/\/nicklashoffmann.de\/"},{"@type":"ListItem","position":2,"name":"F\u00fcr Immer Kunstfigur \u2013 Akt 1: Der Aussenseiter"}]},{"@type":"WebSite","@id":"https:\/\/nicklashoffmann.de\/#website","url":"https:\/\/nicklashoffmann.de\/","name":"Nicklas Hoffmann","description":"Video- and Performance art","publisher":{"@id":"https:\/\/nicklashoffmann.de\/#\/schema\/person\/7ab72ea60d76fae8421e99f7df604072"},"alternateName":"nicklashoffmann","potentialAction":[{"@type":"SearchAction","target":{"@type":"EntryPoint","urlTemplate":"https:\/\/nicklashoffmann.de\/?s={search_term_string}"},"query-input":{"@type":"PropertyValueSpecification","valueRequired":true,"valueName":"search_term_string"}}],"inLanguage":"en-GB"},{"@type":["Person","Organization"],"@id":"https:\/\/nicklashoffmann.de\/#\/schema\/person\/7ab72ea60d76fae8421e99f7df604072","name":"admin","image":{"@type":"ImageObject","inLanguage":"en-GB","@id":"https:\/\/nicklashoffmann.de\/#\/schema\/person\/image\/","url":"https:\/\/nicklashoffmann.de\/wp-content\/uploads\/2023\/01\/Th_Website_Stanislaus.jpg","contentUrl":"https:\/\/nicklashoffmann.de\/wp-content\/uploads\/2023\/01\/Th_Website_Stanislaus.jpg","width":512,"height":512,"caption":"admin"},"logo":{"@id":"https:\/\/nicklashoffmann.de\/#\/schema\/person\/image\/"},"sameAs":["http:\/\/nicklashoffmann.de","http:\/\/youtube.com\/user\/MrNickOSir"]}]}},"_links":{"self":[{"href":"https:\/\/nicklashoffmann.de\/en\/wp-json\/wp\/v2\/pages\/425","targetHints":{"allow":["GET"]}}],"collection":[{"href":"https:\/\/nicklashoffmann.de\/en\/wp-json\/wp\/v2\/pages"}],"about":[{"href":"https:\/\/nicklashoffmann.de\/en\/wp-json\/wp\/v2\/types\/page"}],"author":[{"embeddable":true,"href":"https:\/\/nicklashoffmann.de\/en\/wp-json\/wp\/v2\/users\/1"}],"replies":[{"embeddable":true,"href":"https:\/\/nicklashoffmann.de\/en\/wp-json\/wp\/v2\/comments?post=425"}],"version-history":[{"count":19,"href":"https:\/\/nicklashoffmann.de\/en\/wp-json\/wp\/v2\/pages\/425\/revisions"}],"predecessor-version":[{"id":885,"href":"https:\/\/nicklashoffmann.de\/en\/wp-json\/wp\/v2\/pages\/425\/revisions\/885"}],"wp:attachment":[{"href":"https:\/\/nicklashoffmann.de\/en\/wp-json\/wp\/v2\/media?parent=425"}],"curies":[{"name":"wp","href":"https:\/\/api.w.org\/{rel}","templated":true}]}}