{"id":398,"date":"2023-02-20T20:51:42","date_gmt":"2023-02-20T20:51:42","guid":{"rendered":"https:\/\/nicklashoffmann.de\/?page_id=398"},"modified":"2024-11-12T02:14:19","modified_gmt":"2024-11-12T02:14:19","slug":"platzhalter","status":"publish","type":"page","link":"https:\/\/nicklashoffmann.de\/en\/platzhalter\/","title":{"rendered":"Platzhalter"},"content":{"rendered":"<h4 class=\"wp-block-heading\">Kunstfigur-Saga: Teil 10<\/h4>\n\n\n\n<figure class=\"wp-block-image size-large\"><img loading=\"lazy\" decoding=\"async\" width=\"1024\" height=\"576\" src=\"https:\/\/nicklashoffmann.de\/wp-content\/uploads\/2024\/11\/Thumbnail_Platzhalter_3-1024x576.png\" alt=\"\" class=\"wp-image-1108\" srcset=\"https:\/\/nicklashoffmann.de\/wp-content\/uploads\/2024\/11\/Thumbnail_Platzhalter_3-1024x576.png 1024w, https:\/\/nicklashoffmann.de\/wp-content\/uploads\/2024\/11\/Thumbnail_Platzhalter_3-300x169.png 300w, https:\/\/nicklashoffmann.de\/wp-content\/uploads\/2024\/11\/Thumbnail_Platzhalter_3-768x432.png 768w, https:\/\/nicklashoffmann.de\/wp-content\/uploads\/2024\/11\/Thumbnail_Platzhalter_3-1536x864.png 1536w, https:\/\/nicklashoffmann.de\/wp-content\/uploads\/2024\/11\/Thumbnail_Platzhalter_3.png 1920w\" sizes=\"auto, (max-width: 1024px) 100vw, 1024px\" \/><\/figure>\n\n\n\n<div style=\"height:30px\" aria-hidden=\"true\" class=\"wp-block-spacer\"><\/div>\n\n\n\n<div class=\"wp-block-columns is-layout-flex wp-container-core-columns-is-layout-1 wp-block-columns-is-layout-flex\">\n<div class=\"wp-block-column is-layout-flow wp-block-column-is-layout-flow\">\n<figure class=\"wp-block-image size-large\"><img loading=\"lazy\" decoding=\"async\" width=\"1024\" height=\"576\" src=\"https:\/\/nicklashoffmann.de\/wp-content\/uploads\/2024\/11\/Platzhalter_Lampe-1024x576.png\" alt=\"\" class=\"wp-image-1112\" srcset=\"https:\/\/nicklashoffmann.de\/wp-content\/uploads\/2024\/11\/Platzhalter_Lampe-1024x576.png 1024w, https:\/\/nicklashoffmann.de\/wp-content\/uploads\/2024\/11\/Platzhalter_Lampe-300x169.png 300w, https:\/\/nicklashoffmann.de\/wp-content\/uploads\/2024\/11\/Platzhalter_Lampe-768x432.png 768w, https:\/\/nicklashoffmann.de\/wp-content\/uploads\/2024\/11\/Platzhalter_Lampe-1536x864.png 1536w, https:\/\/nicklashoffmann.de\/wp-content\/uploads\/2024\/11\/Platzhalter_Lampe.png 1600w\" sizes=\"auto, (max-width: 1024px) 100vw, 1024px\" \/><\/figure>\n\n\n\n<figure class=\"wp-block-audio\"><audio controls src=\"https:\/\/nicklashoffmann.de\/wp-content\/uploads\/2024\/11\/Lampe.mp3\"><\/audio><\/figure>\n\n\n\n<p>Platzhalter: Lampe<\/p>\n<\/div>\n\n\n\n<div class=\"wp-block-column is-layout-flow wp-block-column-is-layout-flow\">\n<figure class=\"wp-block-image size-large\"><img loading=\"lazy\" decoding=\"async\" width=\"1024\" height=\"576\" src=\"https:\/\/nicklashoffmann.de\/wp-content\/uploads\/2024\/11\/Platzhalter_Apfel-1024x576.png\" alt=\"\" class=\"wp-image-1111\" srcset=\"https:\/\/nicklashoffmann.de\/wp-content\/uploads\/2024\/11\/Platzhalter_Apfel-1024x576.png 1024w, https:\/\/nicklashoffmann.de\/wp-content\/uploads\/2024\/11\/Platzhalter_Apfel-300x169.png 300w, https:\/\/nicklashoffmann.de\/wp-content\/uploads\/2024\/11\/Platzhalter_Apfel-768x432.png 768w, https:\/\/nicklashoffmann.de\/wp-content\/uploads\/2024\/11\/Platzhalter_Apfel-1536x864.png 1536w, https:\/\/nicklashoffmann.de\/wp-content\/uploads\/2024\/11\/Platzhalter_Apfel.png 1600w\" sizes=\"auto, (max-width: 1024px) 100vw, 1024px\" \/><\/figure>\n\n\n\n<figure class=\"wp-block-audio\"><audio controls src=\"https:\/\/nicklashoffmann.de\/wp-content\/uploads\/2024\/11\/Apfel.mp3\"><\/audio><\/figure>\n\n\n\n<p>Platzhalter: Apfel<\/p>\n<\/div>\n\n\n\n<div class=\"wp-block-column is-layout-flow wp-block-column-is-layout-flow\">\n<figure class=\"wp-block-image size-large\"><img loading=\"lazy\" decoding=\"async\" width=\"1024\" height=\"576\" src=\"https:\/\/nicklashoffmann.de\/wp-content\/uploads\/2024\/11\/Platzhalter_Klo-1024x576.png\" alt=\"\" class=\"wp-image-1113\" srcset=\"https:\/\/nicklashoffmann.de\/wp-content\/uploads\/2024\/11\/Platzhalter_Klo-1024x576.png 1024w, https:\/\/nicklashoffmann.de\/wp-content\/uploads\/2024\/11\/Platzhalter_Klo-300x169.png 300w, https:\/\/nicklashoffmann.de\/wp-content\/uploads\/2024\/11\/Platzhalter_Klo-768x432.png 768w, https:\/\/nicklashoffmann.de\/wp-content\/uploads\/2024\/11\/Platzhalter_Klo-1536x864.png 1536w, https:\/\/nicklashoffmann.de\/wp-content\/uploads\/2024\/11\/Platzhalter_Klo.png 1600w\" sizes=\"auto, (max-width: 1024px) 100vw, 1024px\" \/><\/figure>\n\n\n\n<figure class=\"wp-block-audio\"><audio controls src=\"https:\/\/nicklashoffmann.de\/wp-content\/uploads\/2024\/11\/Klo.mp3\"><\/audio><\/figure>\n\n\n\n<p>Platzhalter: Klo<\/p>\n<\/div>\n<\/div>\n\n\n\n<p>Diverse M\u00f6bel \u2013 ausrangierte Fundst\u00fccke \u2013 ergeben kombiniert eine Kulisse, die wohnlich anmutet. Ein Arrangement aus Platzhaltern. Sie sind schwarz gef\u00e4rbt und mit bunten Buchstaben versehen. Auf den zweiten Blick ist die erloschen anmutende Kulisse jedoch mit Leben gef\u00fcllt, da die M\u00f6belst\u00fccke in scheinbar heiteren Songs und Animationen \u00fcber integrierte Displays ihre Geschichten erz\u00e4hlen. Doch es bleibt nicht nur fr\u00f6hlich &#8230;&nbsp;<\/p>\n\n\n\n<p>Was erleben M\u00f6belst\u00fccke? Diese Arbeit entstand f\u00fcr die Solo-Ausstellung <em>Platzhalter<\/em>, die vom 14.02.2023 bis zum 19.02.2023 in der AkademieGalerie in M\u00fcnchen betrachtet werden konnte.<\/p>\n\n\n\n<p><strong>Zugeh\u00f6rige Performances:<\/strong> Die Galerie befindet sich in einem U-Bahn-Zwischengeschoss und erm\u00f6glicht den Austausch mit dem U-Bahn-Laufpublikum. Dieses wurde in t\u00e4glich wechselnden Live-Performances der wiederkehrenden Charaktere Hoffmanns in den Ausstellungsraum einbezogen.<\/p>\n\n\n\n<h4 class=\"wp-block-heading\">Einzelheiten<\/h4>\n\n\n\n<figure class=\"wp-block-table is-style-stripes\"><table><tbody><tr><td>Entstehungsjahr<\/td><td>2023<\/td><\/tr><tr><td>Material<\/td><td>Installation mit pr\u00e4parierten M\u00f6belst\u00fccken mit schwarzem Lack-Anstrich und bunten Klebebuchstaben, 4 Videos (1 Minuten, 2 Minuten, 3 Minuten und 8 Minuten) + 6 Performances<\/td><\/tr><tr><td>K\u00fcnstler<\/td><td>Nicklas Hoffmann<\/td><\/tr><tr><td>Wurde ausgestellt in<\/td><td><em>Platzhalter<\/em> in der AkademieGalerie in M\u00fcnchen (2023)<\/td><\/tr><\/tbody><\/table><\/figure>","protected":false},"excerpt":{"rendered":"<p>Kunstfigur-Saga: Teil 10 Platzhalter: Lampe Platzhalter: Apfel Platzhalter: Klo Diverse M\u00f6bel \u2013 ausrangierte Fundst\u00fccke \u2013 ergeben kombiniert eine Kulisse, die wohnlich anmutet. Ein Arrangement aus Platzhaltern. Sie sind schwarz gef\u00e4rbt und mit bunten Buchstaben versehen. Auf den zweiten Blick ist die erloschen anmutende Kulisse jedoch mit Leben gef\u00fcllt, da die M\u00f6belst\u00fccke in scheinbar heiteren Songs &hellip; <a href=\"https:\/\/nicklashoffmann.de\/en\/platzhalter\/\" class=\"more-link\">Continue reading <span class=\"screen-reader-text\">Platzhalter<\/span><\/a><\/p>","protected":false},"author":1,"featured_media":0,"parent":0,"menu_order":0,"comment_status":"closed","ping_status":"closed","template":"","meta":{"footnotes":""},"class_list":["post-398","page","type-page","status-publish","hentry"],"yoast_head":"<!-- This site is optimized with the Yoast SEO plugin v26.6 - https:\/\/yoast.com\/wordpress\/plugins\/seo\/ -->\n<title>Platzhalter - Nicklas Hoffmann<\/title>\n<meta name=\"description\" content=\"Diverse M\u00f6bel \u2013 schwarz gef\u00e4rbt und mit bunten Buchstaben versehen \u2013 ergeben kombiniert ein Arrangement aus Platzhaltern.\" \/>\n<meta name=\"robots\" content=\"index, follow, max-snippet:-1, max-image-preview:large, max-video-preview:-1\" \/>\n<link rel=\"canonical\" href=\"https:\/\/nicklashoffmann.de\/en\/platzhalter\/\" \/>\n<meta property=\"og:locale\" content=\"en_GB\" \/>\n<meta property=\"og:type\" content=\"article\" \/>\n<meta property=\"og:title\" content=\"Platzhalter - Nicklas Hoffmann\" \/>\n<meta property=\"og:description\" content=\"Diverse M\u00f6bel \u2013 schwarz gef\u00e4rbt und mit bunten Buchstaben versehen \u2013 ergeben kombiniert ein Arrangement aus Platzhaltern.\" \/>\n<meta property=\"og:url\" content=\"https:\/\/nicklashoffmann.de\/en\/platzhalter\/\" \/>\n<meta property=\"og:site_name\" content=\"Nicklas Hoffmann\" \/>\n<meta property=\"article:modified_time\" content=\"2024-11-12T02:14:19+00:00\" \/>\n<meta property=\"og:image\" content=\"https:\/\/nicklashoffmann.de\/wp-content\/uploads\/2024\/11\/Thumbnail_Platzhalter_3.png\" \/>\n\t<meta property=\"og:image:width\" content=\"1920\" \/>\n\t<meta property=\"og:image:height\" content=\"1080\" \/>\n\t<meta property=\"og:image:type\" content=\"image\/png\" \/>\n<meta name=\"twitter:card\" content=\"summary_large_image\" \/>\n<meta name=\"twitter:label1\" content=\"Estimated reading time\" \/>\n\t<meta name=\"twitter:data1\" content=\"2 minutes\" \/>\n<script type=\"application\/ld+json\" class=\"yoast-schema-graph\">{\"@context\":\"https:\/\/schema.org\",\"@graph\":[{\"@type\":\"WebPage\",\"@id\":\"https:\/\/nicklashoffmann.de\/platzhalter\/\",\"url\":\"https:\/\/nicklashoffmann.de\/platzhalter\/\",\"name\":\"Platzhalter - Nicklas Hoffmann\",\"isPartOf\":{\"@id\":\"https:\/\/nicklashoffmann.de\/#website\"},\"primaryImageOfPage\":{\"@id\":\"https:\/\/nicklashoffmann.de\/platzhalter\/#primaryimage\"},\"image\":{\"@id\":\"https:\/\/nicklashoffmann.de\/platzhalter\/#primaryimage\"},\"thumbnailUrl\":\"https:\/\/nicklashoffmann.de\/wp-content\/uploads\/2024\/11\/Thumbnail_Platzhalter_3-1024x576.png\",\"datePublished\":\"2023-02-20T20:51:42+00:00\",\"dateModified\":\"2024-11-12T02:14:19+00:00\",\"description\":\"Diverse M\u00f6bel \u2013 schwarz gef\u00e4rbt und mit bunten Buchstaben versehen \u2013 ergeben kombiniert ein Arrangement aus Platzhaltern.\",\"breadcrumb\":{\"@id\":\"https:\/\/nicklashoffmann.de\/platzhalter\/#breadcrumb\"},\"inLanguage\":\"en-GB\",\"potentialAction\":[{\"@type\":\"ReadAction\",\"target\":[\"https:\/\/nicklashoffmann.de\/platzhalter\/\"]}]},{\"@type\":\"ImageObject\",\"inLanguage\":\"en-GB\",\"@id\":\"https:\/\/nicklashoffmann.de\/platzhalter\/#primaryimage\",\"url\":\"https:\/\/nicklashoffmann.de\/wp-content\/uploads\/2024\/11\/Thumbnail_Platzhalter_3-1024x576.png\",\"contentUrl\":\"https:\/\/nicklashoffmann.de\/wp-content\/uploads\/2024\/11\/Thumbnail_Platzhalter_3-1024x576.png\"},{\"@type\":\"BreadcrumbList\",\"@id\":\"https:\/\/nicklashoffmann.de\/platzhalter\/#breadcrumb\",\"itemListElement\":[{\"@type\":\"ListItem\",\"position\":1,\"name\":\"Home\",\"item\":\"https:\/\/nicklashoffmann.de\/\"},{\"@type\":\"ListItem\",\"position\":2,\"name\":\"Platzhalter\"}]},{\"@type\":\"WebSite\",\"@id\":\"https:\/\/nicklashoffmann.de\/#website\",\"url\":\"https:\/\/nicklashoffmann.de\/\",\"name\":\"Nicklas Hoffmann\",\"description\":\"Video- und Performancekunst\",\"publisher\":{\"@id\":\"https:\/\/nicklashoffmann.de\/#\/schema\/person\/7ab72ea60d76fae8421e99f7df604072\"},\"alternateName\":\"nicklashoffmann\",\"potentialAction\":[{\"@type\":\"SearchAction\",\"target\":{\"@type\":\"EntryPoint\",\"urlTemplate\":\"https:\/\/nicklashoffmann.de\/?s={search_term_string}\"},\"query-input\":{\"@type\":\"PropertyValueSpecification\",\"valueRequired\":true,\"valueName\":\"search_term_string\"}}],\"inLanguage\":\"en-GB\"},{\"@type\":[\"Person\",\"Organization\"],\"@id\":\"https:\/\/nicklashoffmann.de\/#\/schema\/person\/7ab72ea60d76fae8421e99f7df604072\",\"name\":\"admin\",\"image\":{\"@type\":\"ImageObject\",\"inLanguage\":\"en-GB\",\"@id\":\"https:\/\/nicklashoffmann.de\/#\/schema\/person\/image\/\",\"url\":\"https:\/\/nicklashoffmann.de\/wp-content\/uploads\/2023\/01\/Th_Website_Stanislaus.jpg\",\"contentUrl\":\"https:\/\/nicklashoffmann.de\/wp-content\/uploads\/2023\/01\/Th_Website_Stanislaus.jpg\",\"width\":512,\"height\":512,\"caption\":\"admin\"},\"logo\":{\"@id\":\"https:\/\/nicklashoffmann.de\/#\/schema\/person\/image\/\"},\"sameAs\":[\"http:\/\/nicklashoffmann.de\",\"http:\/\/youtube.com\/user\/MrNickOSir\"]}]}<\/script>\n<!-- \/ Yoast SEO plugin. -->","yoast_head_json":{"title":"Platzhalter - Nicklas Hoffmann","description":"Diverse M\u00f6bel \u2013 schwarz gef\u00e4rbt und mit bunten Buchstaben versehen \u2013 ergeben kombiniert ein Arrangement aus Platzhaltern.","robots":{"index":"index","follow":"follow","max-snippet":"max-snippet:-1","max-image-preview":"max-image-preview:large","max-video-preview":"max-video-preview:-1"},"canonical":"https:\/\/nicklashoffmann.de\/en\/platzhalter\/","og_locale":"en_GB","og_type":"article","og_title":"Platzhalter - Nicklas Hoffmann","og_description":"Diverse M\u00f6bel \u2013 schwarz gef\u00e4rbt und mit bunten Buchstaben versehen \u2013 ergeben kombiniert ein Arrangement aus Platzhaltern.","og_url":"https:\/\/nicklashoffmann.de\/en\/platzhalter\/","og_site_name":"Nicklas Hoffmann","article_modified_time":"2024-11-12T02:14:19+00:00","og_image":[{"width":1920,"height":1080,"url":"https:\/\/nicklashoffmann.de\/wp-content\/uploads\/2024\/11\/Thumbnail_Platzhalter_3.png","type":"image\/png"}],"twitter_card":"summary_large_image","twitter_misc":{"Estimated reading time":"2 minutes"},"schema":{"@context":"https:\/\/schema.org","@graph":[{"@type":"WebPage","@id":"https:\/\/nicklashoffmann.de\/platzhalter\/","url":"https:\/\/nicklashoffmann.de\/platzhalter\/","name":"Platzhalter - Nicklas Hoffmann","isPartOf":{"@id":"https:\/\/nicklashoffmann.de\/#website"},"primaryImageOfPage":{"@id":"https:\/\/nicklashoffmann.de\/platzhalter\/#primaryimage"},"image":{"@id":"https:\/\/nicklashoffmann.de\/platzhalter\/#primaryimage"},"thumbnailUrl":"https:\/\/nicklashoffmann.de\/wp-content\/uploads\/2024\/11\/Thumbnail_Platzhalter_3-1024x576.png","datePublished":"2023-02-20T20:51:42+00:00","dateModified":"2024-11-12T02:14:19+00:00","description":"Diverse M\u00f6bel \u2013 schwarz gef\u00e4rbt und mit bunten Buchstaben versehen \u2013 ergeben kombiniert ein Arrangement aus Platzhaltern.","breadcrumb":{"@id":"https:\/\/nicklashoffmann.de\/platzhalter\/#breadcrumb"},"inLanguage":"en-GB","potentialAction":[{"@type":"ReadAction","target":["https:\/\/nicklashoffmann.de\/platzhalter\/"]}]},{"@type":"ImageObject","inLanguage":"en-GB","@id":"https:\/\/nicklashoffmann.de\/platzhalter\/#primaryimage","url":"https:\/\/nicklashoffmann.de\/wp-content\/uploads\/2024\/11\/Thumbnail_Platzhalter_3-1024x576.png","contentUrl":"https:\/\/nicklashoffmann.de\/wp-content\/uploads\/2024\/11\/Thumbnail_Platzhalter_3-1024x576.png"},{"@type":"BreadcrumbList","@id":"https:\/\/nicklashoffmann.de\/platzhalter\/#breadcrumb","itemListElement":[{"@type":"ListItem","position":1,"name":"Home","item":"https:\/\/nicklashoffmann.de\/"},{"@type":"ListItem","position":2,"name":"Platzhalter"}]},{"@type":"WebSite","@id":"https:\/\/nicklashoffmann.de\/#website","url":"https:\/\/nicklashoffmann.de\/","name":"Nicklas Hoffmann","description":"Video- and Performance art","publisher":{"@id":"https:\/\/nicklashoffmann.de\/#\/schema\/person\/7ab72ea60d76fae8421e99f7df604072"},"alternateName":"nicklashoffmann","potentialAction":[{"@type":"SearchAction","target":{"@type":"EntryPoint","urlTemplate":"https:\/\/nicklashoffmann.de\/?s={search_term_string}"},"query-input":{"@type":"PropertyValueSpecification","valueRequired":true,"valueName":"search_term_string"}}],"inLanguage":"en-GB"},{"@type":["Person","Organization"],"@id":"https:\/\/nicklashoffmann.de\/#\/schema\/person\/7ab72ea60d76fae8421e99f7df604072","name":"admin","image":{"@type":"ImageObject","inLanguage":"en-GB","@id":"https:\/\/nicklashoffmann.de\/#\/schema\/person\/image\/","url":"https:\/\/nicklashoffmann.de\/wp-content\/uploads\/2023\/01\/Th_Website_Stanislaus.jpg","contentUrl":"https:\/\/nicklashoffmann.de\/wp-content\/uploads\/2023\/01\/Th_Website_Stanislaus.jpg","width":512,"height":512,"caption":"admin"},"logo":{"@id":"https:\/\/nicklashoffmann.de\/#\/schema\/person\/image\/"},"sameAs":["http:\/\/nicklashoffmann.de","http:\/\/youtube.com\/user\/MrNickOSir"]}]}},"_links":{"self":[{"href":"https:\/\/nicklashoffmann.de\/en\/wp-json\/wp\/v2\/pages\/398","targetHints":{"allow":["GET"]}}],"collection":[{"href":"https:\/\/nicklashoffmann.de\/en\/wp-json\/wp\/v2\/pages"}],"about":[{"href":"https:\/\/nicklashoffmann.de\/en\/wp-json\/wp\/v2\/types\/page"}],"author":[{"embeddable":true,"href":"https:\/\/nicklashoffmann.de\/en\/wp-json\/wp\/v2\/users\/1"}],"replies":[{"embeddable":true,"href":"https:\/\/nicklashoffmann.de\/en\/wp-json\/wp\/v2\/comments?post=398"}],"version-history":[{"count":13,"href":"https:\/\/nicklashoffmann.de\/en\/wp-json\/wp\/v2\/pages\/398\/revisions"}],"predecessor-version":[{"id":1117,"href":"https:\/\/nicklashoffmann.de\/en\/wp-json\/wp\/v2\/pages\/398\/revisions\/1117"}],"wp:attachment":[{"href":"https:\/\/nicklashoffmann.de\/en\/wp-json\/wp\/v2\/media?parent=398"}],"curies":[{"name":"wp","href":"https:\/\/api.w.org\/{rel}","templated":true}]}}