{"id":28,"date":"2023-01-05T09:56:15","date_gmt":"2023-01-05T09:56:15","guid":{"rendered":"http:\/\/nicklashoffmann.de\/?page_id=28"},"modified":"2024-11-12T01:14:37","modified_gmt":"2024-11-12T01:14:37","slug":"kunstfigur-saga","status":"publish","type":"page","link":"https:\/\/nicklashoffmann.de\/en\/kunstfigur-saga\/","title":{"rendered":"Art Character saga"},"content":{"rendered":"<div class=\"wp-block-columns is-layout-flex wp-container-core-columns-is-layout-1 wp-block-columns-is-layout-flex\">\n<div class=\"wp-block-column is-layout-flow wp-block-column-is-layout-flow\">\n<figure class=\"wp-block-image size-large\"><a href=\"https:\/\/nicklashoffmann.de\/en\/nicklas-hoffmann-kunstfigur\/\"><img loading=\"lazy\" decoding=\"async\" width=\"1024\" height=\"576\" src=\"http:\/\/nicklashoffmann.de\/wp-content\/uploads\/2023\/01\/Th_NH_Kunstfigur-1024x576.jpg\" alt=\"Nicklas Hoffmann: Kunstfigur\" class=\"wp-image-29\" srcset=\"https:\/\/nicklashoffmann.de\/wp-content\/uploads\/2023\/01\/Th_NH_Kunstfigur-1024x576.jpg 1024w, https:\/\/nicklashoffmann.de\/wp-content\/uploads\/2023\/01\/Th_NH_Kunstfigur-300x169.jpg 300w, https:\/\/nicklashoffmann.de\/wp-content\/uploads\/2023\/01\/Th_NH_Kunstfigur-768x432.jpg 768w, https:\/\/nicklashoffmann.de\/wp-content\/uploads\/2023\/01\/Th_NH_Kunstfigur-1536x864.jpg 1536w, https:\/\/nicklashoffmann.de\/wp-content\/uploads\/2023\/01\/Th_NH_Kunstfigur.jpg 1920w\" sizes=\"auto, (max-width: 1024px) 100vw, 1024px\" \/><\/a><\/figure>\n\n\n\n<p style=\"font-size:15px\"><a data-type=\"page\" data-id=\"90\" href=\"http:\/\/nicklashoffmann.de\/en\/nicklas-hoffmann-kunstfigur\/\"><strong>Nicklas Hoffmann: Kunstfigur<\/strong><br><\/a>Video, 2020<\/p>\n<\/div>\n\n\n\n<div class=\"wp-block-column is-layout-flow wp-block-column-is-layout-flow\">\n<figure class=\"wp-block-image size-large\"><a href=\"https:\/\/nicklashoffmann.de\/en\/storys-aus-der-quarantaene\/\"><img loading=\"lazy\" decoding=\"async\" width=\"1024\" height=\"576\" src=\"http:\/\/nicklashoffmann.de\/wp-content\/uploads\/2023\/01\/Th_Storys_aus_der_Q-1024x576.jpg\" alt=\"Storys aus der Quarant\u00e4ne\" class=\"wp-image-30\" srcset=\"https:\/\/nicklashoffmann.de\/wp-content\/uploads\/2023\/01\/Th_Storys_aus_der_Q-1024x576.jpg 1024w, https:\/\/nicklashoffmann.de\/wp-content\/uploads\/2023\/01\/Th_Storys_aus_der_Q-300x169.jpg 300w, https:\/\/nicklashoffmann.de\/wp-content\/uploads\/2023\/01\/Th_Storys_aus_der_Q-768x432.jpg 768w, https:\/\/nicklashoffmann.de\/wp-content\/uploads\/2023\/01\/Th_Storys_aus_der_Q-1536x864.jpg 1536w, https:\/\/nicklashoffmann.de\/wp-content\/uploads\/2023\/01\/Th_Storys_aus_der_Q.jpg 1920w\" sizes=\"auto, (max-width: 1024px) 100vw, 1024px\" \/><\/a><\/figure>\n\n\n\n<p style=\"font-size:15px\"><strong><a data-type=\"page\" data-id=\"141\" href=\"http:\/\/nicklashoffmann.de\/en\/storys-aus-der-quarantaene\/\">Storys aus der Quarant\u00e4ne<br><\/a><\/strong>Video, 2021<\/p>\n<\/div>\n\n\n\n<div class=\"wp-block-column is-layout-flow wp-block-column-is-layout-flow\">\n<figure class=\"wp-block-image size-large\"><a href=\"https:\/\/nicklashoffmann.de\/en\/storys-aus-der-quarantaene-zweite-welle\/\"><img loading=\"lazy\" decoding=\"async\" width=\"1024\" height=\"576\" src=\"http:\/\/nicklashoffmann.de\/wp-content\/uploads\/2023\/01\/Th_Storys_aus_der_Q_2-1024x576.jpg\" alt=\"Storys aus der Quarant\u00e4ne: Zweite Welle\" class=\"wp-image-31\" srcset=\"https:\/\/nicklashoffmann.de\/wp-content\/uploads\/2023\/01\/Th_Storys_aus_der_Q_2-1024x576.jpg 1024w, https:\/\/nicklashoffmann.de\/wp-content\/uploads\/2023\/01\/Th_Storys_aus_der_Q_2-300x169.jpg 300w, https:\/\/nicklashoffmann.de\/wp-content\/uploads\/2023\/01\/Th_Storys_aus_der_Q_2-768x432.jpg 768w, https:\/\/nicklashoffmann.de\/wp-content\/uploads\/2023\/01\/Th_Storys_aus_der_Q_2-1536x864.jpg 1536w, https:\/\/nicklashoffmann.de\/wp-content\/uploads\/2023\/01\/Th_Storys_aus_der_Q_2.jpg 1920w\" sizes=\"auto, (max-width: 1024px) 100vw, 1024px\" \/><\/a><\/figure>\n\n\n\n<p style=\"font-size:15px\"><strong><a href=\"http:\/\/nicklashoffmann.de\/en\/storys-aus-der-quarantaene-zweite-welle\/\" data-type=\"page\" data-id=\"156\">Storys aus der Quarant\u00e4ne: Zweite Welle<br><\/a><\/strong>Video, 2021<\/p>\n<\/div>\n<\/div>\n\n\n\n<div class=\"wp-block-columns is-layout-flex wp-container-core-columns-is-layout-2 wp-block-columns-is-layout-flex\">\n<div class=\"wp-block-column is-layout-flow wp-block-column-is-layout-flow\">\n<figure class=\"wp-block-image size-full\"><a href=\"https:\/\/nicklashoffmann.de\/en\/videoportraits\/\"><img loading=\"lazy\" decoding=\"async\" width=\"480\" height=\"271\" src=\"http:\/\/nicklashoffmann.de\/wp-content\/uploads\/2023\/01\/Th_Videoportraits.jpg\" alt=\"Videoportraits\" class=\"wp-image-43\" srcset=\"https:\/\/nicklashoffmann.de\/wp-content\/uploads\/2023\/01\/Th_Videoportraits.jpg 480w, https:\/\/nicklashoffmann.de\/wp-content\/uploads\/2023\/01\/Th_Videoportraits-300x169.jpg 300w\" sizes=\"auto, (max-width: 480px) 100vw, 480px\" \/><\/a><\/figure>\n\n\n\n<p style=\"font-size:15px\"><a href=\"http:\/\/nicklashoffmann.de\/en\/videoportraits\/\" data-type=\"page\" data-id=\"161\"><strong>Videoportraits<\/strong><br><\/a>6 Videos, 2021<\/p>\n<\/div>\n\n\n\n<div class=\"wp-block-column is-layout-flow wp-block-column-is-layout-flow\">\n<figure class=\"wp-block-image size-large\"><a href=\"https:\/\/nicklashoffmann.de\/en\/the-ride-signal\/\"><img loading=\"lazy\" decoding=\"async\" width=\"1024\" height=\"576\" src=\"http:\/\/nicklashoffmann.de\/wp-content\/uploads\/2023\/01\/Th_The_Ride-1024x576.jpg\" alt=\"The Ride (Signal!)\" class=\"wp-image-34\" srcset=\"https:\/\/nicklashoffmann.de\/wp-content\/uploads\/2023\/01\/Th_The_Ride-1024x576.jpg 1024w, https:\/\/nicklashoffmann.de\/wp-content\/uploads\/2023\/01\/Th_The_Ride-300x169.jpg 300w, https:\/\/nicklashoffmann.de\/wp-content\/uploads\/2023\/01\/Th_The_Ride-768x432.jpg 768w, https:\/\/nicklashoffmann.de\/wp-content\/uploads\/2023\/01\/Th_The_Ride-1536x864.jpg 1536w, https:\/\/nicklashoffmann.de\/wp-content\/uploads\/2023\/01\/Th_The_Ride.jpg 1920w\" sizes=\"auto, (max-width: 1024px) 100vw, 1024px\" \/><\/a><\/figure>\n\n\n\n<p style=\"font-size:15px\"><strong><a href=\"http:\/\/nicklashoffmann.de\/en\/the-ride-signal\/\" data-type=\"page\" data-id=\"172\">The Ride (Signal!)<br><\/a><\/strong>Video, 2022<\/p>\n<\/div>\n\n\n\n<div class=\"wp-block-column is-layout-flow wp-block-column-is-layout-flow\">\n<figure class=\"wp-block-image size-large\"><a href=\"https:\/\/nicklashoffmann.de\/en\/frueh-kommen-und-danach-noch-gucken-wollen\/\"><img loading=\"lazy\" decoding=\"async\" width=\"1024\" height=\"576\" src=\"http:\/\/nicklashoffmann.de\/wp-content\/uploads\/2023\/01\/Th_FKUDNGW-1024x576.jpg\" alt=\"Fr\u00fch kommen und danach noch gucken wollen\" class=\"wp-image-33\" srcset=\"https:\/\/nicklashoffmann.de\/wp-content\/uploads\/2023\/01\/Th_FKUDNGW-1024x576.jpg 1024w, https:\/\/nicklashoffmann.de\/wp-content\/uploads\/2023\/01\/Th_FKUDNGW-300x169.jpg 300w, https:\/\/nicklashoffmann.de\/wp-content\/uploads\/2023\/01\/Th_FKUDNGW-768x432.jpg 768w, https:\/\/nicklashoffmann.de\/wp-content\/uploads\/2023\/01\/Th_FKUDNGW-1536x864.jpg 1536w, https:\/\/nicklashoffmann.de\/wp-content\/uploads\/2023\/01\/Th_FKUDNGW.jpg 1920w\" sizes=\"auto, (max-width: 1024px) 100vw, 1024px\" \/><\/a><\/figure>\n\n\n\n<p style=\"font-size:15px\"><a data-type=\"page\" data-id=\"179\" href=\"http:\/\/nicklashoffmann.de\/en\/frueh-kommen-und-danach-noch-gucken-wollen\/\"><strong>Fr\u00fch kommen und danach noch gucken wollen<\/strong><br><\/a>Video, Skulptur, 2022<\/p>\n<\/div>\n<\/div>\n\n\n\n<div class=\"wp-block-columns is-layout-flex wp-container-core-columns-is-layout-3 wp-block-columns-is-layout-flex\">\n<div class=\"wp-block-column is-layout-flow wp-block-column-is-layout-flow\">\n<figure class=\"wp-block-image size-full\"><a href=\"https:\/\/nicklashoffmann.de\/en\/kauft-mein-merch\/\"><img loading=\"lazy\" decoding=\"async\" width=\"1920\" height=\"1080\" src=\"https:\/\/nicklashoffmann.de\/wp-content\/uploads\/2024\/11\/Thumbnail_Kauft_mein_Merch.png\" alt=\"\" class=\"wp-image-1090\" srcset=\"https:\/\/nicklashoffmann.de\/wp-content\/uploads\/2024\/11\/Thumbnail_Kauft_mein_Merch.png 1920w, https:\/\/nicklashoffmann.de\/wp-content\/uploads\/2024\/11\/Thumbnail_Kauft_mein_Merch-300x169.png 300w, https:\/\/nicklashoffmann.de\/wp-content\/uploads\/2024\/11\/Thumbnail_Kauft_mein_Merch-1024x576.png 1024w, https:\/\/nicklashoffmann.de\/wp-content\/uploads\/2024\/11\/Thumbnail_Kauft_mein_Merch-768x432.png 768w, https:\/\/nicklashoffmann.de\/wp-content\/uploads\/2024\/11\/Thumbnail_Kauft_mein_Merch-1536x864.png 1536w\" sizes=\"auto, (max-width: 1920px) 100vw, 1920px\" \/><\/a><\/figure>\n\n\n\n<p style=\"font-size:15px\"><strong><a data-type=\"page\" href=\"http:\/\/nicklashoffmann.de\/en\/kauft-mein-merch\/\">Kauft mein Merch!<br><\/a><\/strong>Actionfiguren, Plakate, CD, Aufsteller, Sticker, 2022<\/p>\n<\/div>\n\n\n\n<div class=\"wp-block-column is-layout-flow wp-block-column-is-layout-flow\">\n<figure class=\"wp-block-image size-full\"><a href=\"https:\/\/nicklashoffmann.de\/en\/a-prequel-story-hupsi-ich-wurde-gefangen-genommen\/\"><img loading=\"lazy\" decoding=\"async\" width=\"481\" height=\"271\" src=\"http:\/\/nicklashoffmann.de\/wp-content\/uploads\/2023\/01\/Th_Prequel_Story.jpg\" alt=\"A Prequel Story: Hupsi \u2013 ich wurde gefangen genommen\" class=\"wp-image-40\" srcset=\"https:\/\/nicklashoffmann.de\/wp-content\/uploads\/2023\/01\/Th_Prequel_Story.jpg 481w, https:\/\/nicklashoffmann.de\/wp-content\/uploads\/2023\/01\/Th_Prequel_Story-300x169.jpg 300w\" sizes=\"auto, (max-width: 481px) 100vw, 481px\" \/><\/a><\/figure>\n\n\n\n<p style=\"font-size:15px\"><strong><a href=\"http:\/\/nicklashoffmann.de\/en\/a-prequel-story-hupsi-ich-wurde-gefangen-genommen\/\" data-type=\"page\" data-id=\"197\">A Prequel Story: Hupsi \u2013 ich wurde gefangen genommen<br><\/a><\/strong>Video + Performance, 2022<\/p>\n<\/div>\n\n\n\n<div class=\"wp-block-column is-layout-flow wp-block-column-is-layout-flow\">\n<figure class=\"wp-block-image size-large\"><a href=\"https:\/\/nicklashoffmann.de\/en\/story-end-kunstfigur\/\"><img loading=\"lazy\" decoding=\"async\" width=\"1024\" height=\"576\" src=\"https:\/\/nicklashoffmann.de\/wp-content\/uploads\/2023\/01\/Th_Story_End_Kunstfigur_2-1024x576.jpg\" alt=\"Story End: Kunstfigur\" class=\"wp-image-278\" srcset=\"https:\/\/nicklashoffmann.de\/wp-content\/uploads\/2023\/01\/Th_Story_End_Kunstfigur_2-1024x576.jpg 1024w, https:\/\/nicklashoffmann.de\/wp-content\/uploads\/2023\/01\/Th_Story_End_Kunstfigur_2-300x169.jpg 300w, https:\/\/nicklashoffmann.de\/wp-content\/uploads\/2023\/01\/Th_Story_End_Kunstfigur_2-768x432.jpg 768w, https:\/\/nicklashoffmann.de\/wp-content\/uploads\/2023\/01\/Th_Story_End_Kunstfigur_2-1536x864.jpg 1536w, https:\/\/nicklashoffmann.de\/wp-content\/uploads\/2023\/01\/Th_Story_End_Kunstfigur_2.jpg 1920w\" sizes=\"auto, (max-width: 1024px) 100vw, 1024px\" \/><\/a><\/figure>\n\n\n\n<p style=\"font-size:15px\"><strong><a data-type=\"page\" data-id=\"202\" href=\"http:\/\/nicklashoffmann.de\/en\/story-end-kunstfigur\/\">Story End: Kunstfigur<br><\/a><\/strong>Video + Performance, 2022<\/p>\n<\/div>\n<\/div>\n\n\n\n<div class=\"wp-block-columns is-layout-flex wp-container-core-columns-is-layout-4 wp-block-columns-is-layout-flex\">\n<div class=\"wp-block-column is-layout-flow wp-block-column-is-layout-flow\">\n<figure class=\"wp-block-image size-large\"><a href=\"https:\/\/nicklashoffmann.de\/en\/platzhalter\/\"><img loading=\"lazy\" decoding=\"async\" width=\"1024\" height=\"576\" src=\"https:\/\/nicklashoffmann.de\/wp-content\/uploads\/2024\/11\/Thumbnail_Platzhalter_3-1024x576.png\" alt=\"\" class=\"wp-image-1108\" srcset=\"https:\/\/nicklashoffmann.de\/wp-content\/uploads\/2024\/11\/Thumbnail_Platzhalter_3-1024x576.png 1024w, https:\/\/nicklashoffmann.de\/wp-content\/uploads\/2024\/11\/Thumbnail_Platzhalter_3-300x169.png 300w, https:\/\/nicklashoffmann.de\/wp-content\/uploads\/2024\/11\/Thumbnail_Platzhalter_3-768x432.png 768w, https:\/\/nicklashoffmann.de\/wp-content\/uploads\/2024\/11\/Thumbnail_Platzhalter_3-1536x864.png 1536w, https:\/\/nicklashoffmann.de\/wp-content\/uploads\/2024\/11\/Thumbnail_Platzhalter_3.png 1920w\" sizes=\"auto, (max-width: 1024px) 100vw, 1024px\" \/><\/a><\/figure>\n\n\n\n<p style=\"font-size:15px\"><strong><a href=\"http:\/\/nicklashoffmann.de\/en\/platzhalter\/\">Platzhalter<br><\/a><\/strong>Pr\u00e4parierte M\u00f6belst\u00fccke, 4 Videos + 6 Performances, 2023<\/p>\n<\/div>\n\n\n\n<div class=\"wp-block-column is-layout-flow wp-block-column-is-layout-flow\">\n<figure class=\"wp-block-image size-large\"><a href=\"https:\/\/nicklashoffmann.de\/en\/ismaning-radio\/\"><img loading=\"lazy\" decoding=\"async\" width=\"1024\" height=\"576\" src=\"https:\/\/nicklashoffmann.de\/wp-content\/uploads\/2023\/02\/Platzhalter_Thumbnail-1024x576.png\" alt=\"Ismaning Radio\" class=\"wp-image-411\" srcset=\"https:\/\/nicklashoffmann.de\/wp-content\/uploads\/2023\/02\/Platzhalter_Thumbnail-1024x576.png 1024w, https:\/\/nicklashoffmann.de\/wp-content\/uploads\/2023\/02\/Platzhalter_Thumbnail-300x169.png 300w, https:\/\/nicklashoffmann.de\/wp-content\/uploads\/2023\/02\/Platzhalter_Thumbnail-768x432.png 768w, https:\/\/nicklashoffmann.de\/wp-content\/uploads\/2023\/02\/Platzhalter_Thumbnail-1536x864.png 1536w, https:\/\/nicklashoffmann.de\/wp-content\/uploads\/2023\/02\/Platzhalter_Thumbnail.png 1920w\" sizes=\"auto, (max-width: 1024px) 100vw, 1024px\" \/><\/a><\/figure>\n\n\n\n<p style=\"font-size:15px\"><a href=\"https:\/\/nicklashoffmann.de\/en\/ismaning-radio\/\"><strong>Ismaning Radio<\/strong><br><\/a>H\u00f6rspiel + Performance, 2023<\/p>\n<\/div>\n\n\n\n<div class=\"wp-block-column is-layout-flow wp-block-column-is-layout-flow\">\n<figure class=\"wp-block-image size-large\"><a href=\"https:\/\/nicklashoffmann.de\/en\/fuer-immer-kunstfigur-akt-1-der-aussenseiter\/\"><img loading=\"lazy\" decoding=\"async\" width=\"1024\" height=\"576\" src=\"https:\/\/nicklashoffmann.de\/wp-content\/uploads\/2023\/02\/Platzhalter_Thumbnail-1024x576.png\" alt=\"F\u00fcr Immer Kunstfigur \u2013 Akt 1: Der Aussenseiter\" class=\"wp-image-411\" srcset=\"https:\/\/nicklashoffmann.de\/wp-content\/uploads\/2023\/02\/Platzhalter_Thumbnail-1024x576.png 1024w, https:\/\/nicklashoffmann.de\/wp-content\/uploads\/2023\/02\/Platzhalter_Thumbnail-300x169.png 300w, https:\/\/nicklashoffmann.de\/wp-content\/uploads\/2023\/02\/Platzhalter_Thumbnail-768x432.png 768w, https:\/\/nicklashoffmann.de\/wp-content\/uploads\/2023\/02\/Platzhalter_Thumbnail-1536x864.png 1536w, https:\/\/nicklashoffmann.de\/wp-content\/uploads\/2023\/02\/Platzhalter_Thumbnail.png 1920w\" sizes=\"auto, (max-width: 1024px) 100vw, 1024px\" \/><\/a><\/figure>\n\n\n\n<p style=\"font-size:15px\"><strong><a href=\"https:\/\/nicklashoffmann.de\/en\/fuer-immer-kunstfigur-akt-1-der-aussenseiter\/\">F\u00fcr Immer Kunstfigur \u2013 Akt 1: Der Aussenseiter<br><\/a><\/strong>Video, Skulptur, Teppich + Performance 2023<\/p>\n<\/div>\n<\/div>\n\n\n\n<div class=\"wp-block-columns is-layout-flex wp-container-core-columns-is-layout-5 wp-block-columns-is-layout-flex\">\n<div class=\"wp-block-column is-layout-flow wp-block-column-is-layout-flow\">\n<figure class=\"wp-block-image size-large\"><a href=\"https:\/\/nicklashoffmann.de\/en\/fuer-immer-kunstfigur-akt-2-der-insider\/\"><img loading=\"lazy\" decoding=\"async\" width=\"1024\" height=\"576\" src=\"https:\/\/nicklashoffmann.de\/wp-content\/uploads\/2023\/02\/Platzhalter_Thumbnail-1024x576.png\" alt=\"F\u00fcr Immer Kunstfigur \u2013 Akt 2: Der Insider\" class=\"wp-image-411\" srcset=\"https:\/\/nicklashoffmann.de\/wp-content\/uploads\/2023\/02\/Platzhalter_Thumbnail-1024x576.png 1024w, https:\/\/nicklashoffmann.de\/wp-content\/uploads\/2023\/02\/Platzhalter_Thumbnail-300x169.png 300w, https:\/\/nicklashoffmann.de\/wp-content\/uploads\/2023\/02\/Platzhalter_Thumbnail-768x432.png 768w, https:\/\/nicklashoffmann.de\/wp-content\/uploads\/2023\/02\/Platzhalter_Thumbnail-1536x864.png 1536w, https:\/\/nicklashoffmann.de\/wp-content\/uploads\/2023\/02\/Platzhalter_Thumbnail.png 1920w\" sizes=\"auto, (max-width: 1024px) 100vw, 1024px\" \/><\/a><\/figure>\n\n\n\n<p style=\"font-size:15px\"><strong><a href=\"https:\/\/nicklashoffmann.de\/en\/fuer-immer-kunstfigur-akt-2-der-insider\/\">F\u00fcr Immer Kunstfigur \u2013 Akt 2: Der Insider<br><\/a><\/strong>Video, Teppich, 2023<\/p>\n<\/div>\n\n\n\n<div class=\"wp-block-column is-layout-flow wp-block-column-is-layout-flow\">\n<p style=\"font-size:15px\"><\/p>\n<\/div>\n\n\n\n<div class=\"wp-block-column is-layout-flow wp-block-column-is-layout-flow\">\n<p style=\"font-size:15px\"><\/p>\n<\/div>\n<\/div>","protected":false},"excerpt":{"rendered":"<p>Nicklas Hoffmann: KunstfigurVideo, 2020 Storys aus der Quarant\u00e4neVideo, 2021 Storys aus der Quarant\u00e4ne: Zweite WelleVideo, 2021 Videoportraits6 Videos, 2021 The Ride (Signal!)Video, 2022 Fr\u00fch kommen und danach noch gucken wollenVideo, Skulptur, 2022 Kauft mein Merch!Actionfiguren, Plakate, CD, Aufsteller, Sticker, 2022 A Prequel Story: Hupsi \u2013 ich wurde gefangen genommenVideo + Performance, 2022 Story End: KunstfigurVideo &hellip; <a href=\"https:\/\/nicklashoffmann.de\/en\/kunstfigur-saga\/\" class=\"more-link\">Continue reading <span class=\"screen-reader-text\">Art Character saga<\/span><\/a><\/p>","protected":false},"author":1,"featured_media":0,"parent":0,"menu_order":0,"comment_status":"closed","ping_status":"closed","template":"","meta":{"footnotes":""},"class_list":["post-28","page","type-page","status-publish","hentry"],"yoast_head":"<!-- This site is optimized with the Yoast SEO plugin v26.6 - https:\/\/yoast.com\/wordpress\/plugins\/seo\/ -->\n<title>Kunstfigur-Saga - Nicklas Hoffmann<\/title>\n<meta name=\"description\" content=\"Video- und Performance-Arbeiten des K\u00fcnstlers Nicklas Hoffmann. Im Fokus: die Kunstfigur-Saga mit Arbeiten aus den Jahren 2020\u20132023.\" \/>\n<meta name=\"robots\" content=\"index, follow, max-snippet:-1, max-image-preview:large, max-video-preview:-1\" \/>\n<link rel=\"canonical\" href=\"https:\/\/nicklashoffmann.de\/en\/kunstfigur-saga\/\" \/>\n<meta property=\"og:locale\" content=\"en_GB\" \/>\n<meta property=\"og:type\" content=\"article\" \/>\n<meta property=\"og:title\" content=\"Kunstfigur-Saga - Nicklas Hoffmann\" \/>\n<meta property=\"og:description\" content=\"Video- und Performance-Arbeiten des K\u00fcnstlers Nicklas Hoffmann. Im Fokus: die Kunstfigur-Saga mit Arbeiten aus den Jahren 2020\u20132023.\" \/>\n<meta property=\"og:url\" content=\"https:\/\/nicklashoffmann.de\/en\/kunstfigur-saga\/\" \/>\n<meta property=\"og:site_name\" content=\"Nicklas Hoffmann\" \/>\n<meta property=\"article:modified_time\" content=\"2024-11-12T01:14:37+00:00\" \/>\n<meta property=\"og:image\" content=\"http:\/\/nicklashoffmann.de\/wp-content\/uploads\/2023\/01\/Th_NH_Kunstfigur-1024x576.jpg\" \/>\n<meta name=\"twitter:card\" content=\"summary_large_image\" \/>\n<meta name=\"twitter:label1\" content=\"Estimated reading time\" \/>\n\t<meta name=\"twitter:data1\" content=\"4 minutes\" \/>\n<script type=\"application\/ld+json\" class=\"yoast-schema-graph\">{\"@context\":\"https:\/\/schema.org\",\"@graph\":[{\"@type\":\"WebPage\",\"@id\":\"https:\/\/nicklashoffmann.de\/kunstfigur-saga\/\",\"url\":\"https:\/\/nicklashoffmann.de\/kunstfigur-saga\/\",\"name\":\"Kunstfigur-Saga - Nicklas Hoffmann\",\"isPartOf\":{\"@id\":\"https:\/\/nicklashoffmann.de\/#website\"},\"primaryImageOfPage\":{\"@id\":\"https:\/\/nicklashoffmann.de\/kunstfigur-saga\/#primaryimage\"},\"image\":{\"@id\":\"https:\/\/nicklashoffmann.de\/kunstfigur-saga\/#primaryimage\"},\"thumbnailUrl\":\"http:\/\/nicklashoffmann.de\/wp-content\/uploads\/2023\/01\/Th_NH_Kunstfigur-1024x576.jpg\",\"datePublished\":\"2023-01-05T09:56:15+00:00\",\"dateModified\":\"2024-11-12T01:14:37+00:00\",\"description\":\"Video- und Performance-Arbeiten des K\u00fcnstlers Nicklas Hoffmann. Im Fokus: die Kunstfigur-Saga mit Arbeiten aus den Jahren 2020\u20132023.\",\"breadcrumb\":{\"@id\":\"https:\/\/nicklashoffmann.de\/kunstfigur-saga\/#breadcrumb\"},\"inLanguage\":\"en-GB\",\"potentialAction\":[{\"@type\":\"ReadAction\",\"target\":[\"https:\/\/nicklashoffmann.de\/kunstfigur-saga\/\"]}]},{\"@type\":\"ImageObject\",\"inLanguage\":\"en-GB\",\"@id\":\"https:\/\/nicklashoffmann.de\/kunstfigur-saga\/#primaryimage\",\"url\":\"http:\/\/nicklashoffmann.de\/wp-content\/uploads\/2023\/01\/Th_NH_Kunstfigur-1024x576.jpg\",\"contentUrl\":\"http:\/\/nicklashoffmann.de\/wp-content\/uploads\/2023\/01\/Th_NH_Kunstfigur-1024x576.jpg\"},{\"@type\":\"BreadcrumbList\",\"@id\":\"https:\/\/nicklashoffmann.de\/kunstfigur-saga\/#breadcrumb\",\"itemListElement\":[{\"@type\":\"ListItem\",\"position\":1,\"name\":\"Home\",\"item\":\"https:\/\/nicklashoffmann.de\/\"},{\"@type\":\"ListItem\",\"position\":2,\"name\":\"Kunstfigur-Saga\"}]},{\"@type\":\"WebSite\",\"@id\":\"https:\/\/nicklashoffmann.de\/#website\",\"url\":\"https:\/\/nicklashoffmann.de\/\",\"name\":\"Nicklas Hoffmann\",\"description\":\"Video- und Performancekunst\",\"publisher\":{\"@id\":\"https:\/\/nicklashoffmann.de\/#\/schema\/person\/7ab72ea60d76fae8421e99f7df604072\"},\"alternateName\":\"nicklashoffmann\",\"potentialAction\":[{\"@type\":\"SearchAction\",\"target\":{\"@type\":\"EntryPoint\",\"urlTemplate\":\"https:\/\/nicklashoffmann.de\/?s={search_term_string}\"},\"query-input\":{\"@type\":\"PropertyValueSpecification\",\"valueRequired\":true,\"valueName\":\"search_term_string\"}}],\"inLanguage\":\"en-GB\"},{\"@type\":[\"Person\",\"Organization\"],\"@id\":\"https:\/\/nicklashoffmann.de\/#\/schema\/person\/7ab72ea60d76fae8421e99f7df604072\",\"name\":\"admin\",\"image\":{\"@type\":\"ImageObject\",\"inLanguage\":\"en-GB\",\"@id\":\"https:\/\/nicklashoffmann.de\/#\/schema\/person\/image\/\",\"url\":\"https:\/\/nicklashoffmann.de\/wp-content\/uploads\/2023\/01\/Th_Website_Stanislaus.jpg\",\"contentUrl\":\"https:\/\/nicklashoffmann.de\/wp-content\/uploads\/2023\/01\/Th_Website_Stanislaus.jpg\",\"width\":512,\"height\":512,\"caption\":\"admin\"},\"logo\":{\"@id\":\"https:\/\/nicklashoffmann.de\/#\/schema\/person\/image\/\"},\"sameAs\":[\"http:\/\/nicklashoffmann.de\",\"http:\/\/youtube.com\/user\/MrNickOSir\"]}]}<\/script>\n<!-- \/ Yoast SEO plugin. -->","yoast_head_json":{"title":"Kunstfigur-Saga - Nicklas Hoffmann","description":"Video- und Performance-Arbeiten des K\u00fcnstlers Nicklas Hoffmann. Im Fokus: die Kunstfigur-Saga mit Arbeiten aus den Jahren 2020\u20132023.","robots":{"index":"index","follow":"follow","max-snippet":"max-snippet:-1","max-image-preview":"max-image-preview:large","max-video-preview":"max-video-preview:-1"},"canonical":"https:\/\/nicklashoffmann.de\/en\/kunstfigur-saga\/","og_locale":"en_GB","og_type":"article","og_title":"Kunstfigur-Saga - Nicklas Hoffmann","og_description":"Video- und Performance-Arbeiten des K\u00fcnstlers Nicklas Hoffmann. Im Fokus: die Kunstfigur-Saga mit Arbeiten aus den Jahren 2020\u20132023.","og_url":"https:\/\/nicklashoffmann.de\/en\/kunstfigur-saga\/","og_site_name":"Nicklas Hoffmann","article_modified_time":"2024-11-12T01:14:37+00:00","og_image":[{"url":"http:\/\/nicklashoffmann.de\/wp-content\/uploads\/2023\/01\/Th_NH_Kunstfigur-1024x576.jpg","type":"","width":"","height":""}],"twitter_card":"summary_large_image","twitter_misc":{"Estimated reading time":"4 minutes"},"schema":{"@context":"https:\/\/schema.org","@graph":[{"@type":"WebPage","@id":"https:\/\/nicklashoffmann.de\/kunstfigur-saga\/","url":"https:\/\/nicklashoffmann.de\/kunstfigur-saga\/","name":"Kunstfigur-Saga - Nicklas Hoffmann","isPartOf":{"@id":"https:\/\/nicklashoffmann.de\/#website"},"primaryImageOfPage":{"@id":"https:\/\/nicklashoffmann.de\/kunstfigur-saga\/#primaryimage"},"image":{"@id":"https:\/\/nicklashoffmann.de\/kunstfigur-saga\/#primaryimage"},"thumbnailUrl":"http:\/\/nicklashoffmann.de\/wp-content\/uploads\/2023\/01\/Th_NH_Kunstfigur-1024x576.jpg","datePublished":"2023-01-05T09:56:15+00:00","dateModified":"2024-11-12T01:14:37+00:00","description":"Video- und Performance-Arbeiten des K\u00fcnstlers Nicklas Hoffmann. Im Fokus: die Kunstfigur-Saga mit Arbeiten aus den Jahren 2020\u20132023.","breadcrumb":{"@id":"https:\/\/nicklashoffmann.de\/kunstfigur-saga\/#breadcrumb"},"inLanguage":"en-GB","potentialAction":[{"@type":"ReadAction","target":["https:\/\/nicklashoffmann.de\/kunstfigur-saga\/"]}]},{"@type":"ImageObject","inLanguage":"en-GB","@id":"https:\/\/nicklashoffmann.de\/kunstfigur-saga\/#primaryimage","url":"http:\/\/nicklashoffmann.de\/wp-content\/uploads\/2023\/01\/Th_NH_Kunstfigur-1024x576.jpg","contentUrl":"http:\/\/nicklashoffmann.de\/wp-content\/uploads\/2023\/01\/Th_NH_Kunstfigur-1024x576.jpg"},{"@type":"BreadcrumbList","@id":"https:\/\/nicklashoffmann.de\/kunstfigur-saga\/#breadcrumb","itemListElement":[{"@type":"ListItem","position":1,"name":"Home","item":"https:\/\/nicklashoffmann.de\/"},{"@type":"ListItem","position":2,"name":"Kunstfigur-Saga"}]},{"@type":"WebSite","@id":"https:\/\/nicklashoffmann.de\/#website","url":"https:\/\/nicklashoffmann.de\/","name":"Nicklas Hoffmann","description":"Video- and Performance art","publisher":{"@id":"https:\/\/nicklashoffmann.de\/#\/schema\/person\/7ab72ea60d76fae8421e99f7df604072"},"alternateName":"nicklashoffmann","potentialAction":[{"@type":"SearchAction","target":{"@type":"EntryPoint","urlTemplate":"https:\/\/nicklashoffmann.de\/?s={search_term_string}"},"query-input":{"@type":"PropertyValueSpecification","valueRequired":true,"valueName":"search_term_string"}}],"inLanguage":"en-GB"},{"@type":["Person","Organization"],"@id":"https:\/\/nicklashoffmann.de\/#\/schema\/person\/7ab72ea60d76fae8421e99f7df604072","name":"admin","image":{"@type":"ImageObject","inLanguage":"en-GB","@id":"https:\/\/nicklashoffmann.de\/#\/schema\/person\/image\/","url":"https:\/\/nicklashoffmann.de\/wp-content\/uploads\/2023\/01\/Th_Website_Stanislaus.jpg","contentUrl":"https:\/\/nicklashoffmann.de\/wp-content\/uploads\/2023\/01\/Th_Website_Stanislaus.jpg","width":512,"height":512,"caption":"admin"},"logo":{"@id":"https:\/\/nicklashoffmann.de\/#\/schema\/person\/image\/"},"sameAs":["http:\/\/nicklashoffmann.de","http:\/\/youtube.com\/user\/MrNickOSir"]}]}},"_links":{"self":[{"href":"https:\/\/nicklashoffmann.de\/en\/wp-json\/wp\/v2\/pages\/28","targetHints":{"allow":["GET"]}}],"collection":[{"href":"https:\/\/nicklashoffmann.de\/en\/wp-json\/wp\/v2\/pages"}],"about":[{"href":"https:\/\/nicklashoffmann.de\/en\/wp-json\/wp\/v2\/types\/page"}],"author":[{"embeddable":true,"href":"https:\/\/nicklashoffmann.de\/en\/wp-json\/wp\/v2\/users\/1"}],"replies":[{"embeddable":true,"href":"https:\/\/nicklashoffmann.de\/en\/wp-json\/wp\/v2\/comments?post=28"}],"version-history":[{"count":54,"href":"https:\/\/nicklashoffmann.de\/en\/wp-json\/wp\/v2\/pages\/28\/revisions"}],"predecessor-version":[{"id":1110,"href":"https:\/\/nicklashoffmann.de\/en\/wp-json\/wp\/v2\/pages\/28\/revisions\/1110"}],"wp:attachment":[{"href":"https:\/\/nicklashoffmann.de\/en\/wp-json\/wp\/v2\/media?parent=28"}],"curies":[{"name":"wp","href":"https:\/\/api.w.org\/{rel}","templated":true}]}}