{"id":21,"date":"2023-01-05T09:14:17","date_gmt":"2023-01-05T09:14:17","guid":{"rendered":"http:\/\/nicklashoffmann.de\/?page_id=21"},"modified":"2026-05-13T23:42:41","modified_gmt":"2026-05-13T23:42:41","slug":"vita","status":"publish","type":"page","link":"https:\/\/nicklashoffmann.de\/en\/","title":{"rendered":"About"},"content":{"rendered":"<figure class=\"wp-block-video\"><video controls loop poster=\"https:\/\/nicklashoffmann.de\/wp-content\/uploads\/2026\/05\/Standbild.jpg\" src=\"https:\/\/nicklashoffmann.de\/wp-content\/uploads\/2026\/05\/HarryHarryWeggli.mp4\" playsinline><\/video><figcaption class=\"wp-element-caption\">Nicklas Hoffmann ist ein Video\u2013 und Performancek\u00fcnstler. Hier zu sehen in der Rolle \u201eHarry Weggli\u201c.<\/figcaption><\/figure>\n\n\n\n<h2 class=\"wp-block-heading\">News<\/h2>\n\n\n\n<p><em>A Harry Situation saga<\/em> wird vom 05.05. \u2013 28.06.2026 auf der <em>Tacker 2026 \/ Preselection<\/em> Ausstellung in der Galerie der K\u00fcnstler*innen in M\u00fcnchen zu sehen sein.<\/p>\n\n\n\n<div class=\"wp-block-buttons is-layout-flex wp-block-buttons-is-layout-flex\">\n<div class=\"wp-block-button\"><a class=\"wp-block-button__link wp-element-button\" href=\"https:\/\/bbk-muc-obb.de\/event\/tacker-2026-preselection-2\/\" target=\"_blank\" rel=\"noreferrer noopener\">See more<\/a><\/div>\n<\/div>\n\n\n\n<div style=\"height:50px\" aria-hidden=\"true\" class=\"wp-block-spacer\"><\/div>\n\n\n\n<p><em>A Harry Situation saga<\/em> wird am 14.06. an den <em>StudioLabDays Summer<\/em> sowie vom 20.06. \u2013 21.06. an der <em>Werkschau <\/em>der Hochschule Luzern \u2013 Design Film Kunst zu sehen sein.<\/p>\n\n\n\n<div class=\"wp-block-buttons is-layout-flex wp-block-buttons-is-layout-flex\">\n<div class=\"wp-block-button\"><a class=\"wp-block-button__link wp-element-button\" href=\"https:\/\/hub.hslu.ch\/design-film-kunst\/werkschau\/?sourceurl=\/werkschau\" target=\"_blank\" rel=\"noreferrer noopener\">See more<\/a><\/div>\n<\/div>\n\n\n\n<h2 class=\"wp-block-heading\">Vorgestelltes Video<\/h2>\n\n\n\n<figure class=\"wp-block-embed is-type-video is-provider-youtube wp-block-embed-youtube wp-embed-aspect-16-9 wp-has-aspect-ratio\"><div class=\"wp-block-embed__wrapper\">\n<iframe loading=\"lazy\" title=\"Imagefilm: Nicklas Hoffmann\" width=\"660\" height=\"371\" src=\"https:\/\/www.youtube.com\/embed\/hgOY1tk237A?feature=oembed\" frameborder=\"0\" allow=\"accelerometer; autoplay; clipboard-write; encrypted-media; gyroscope; picture-in-picture; web-share\" referrerpolicy=\"strict-origin-when-cross-origin\" allowfullscreen><\/iframe>\n<\/div><\/figure>\n\n\n\n<div class=\"wp-block-buttons is-layout-flex wp-block-buttons-is-layout-flex\">\n<div class=\"wp-block-button\"><a class=\"wp-block-button__link wp-element-button\" href=\"https:\/\/nicklashoffmann.de\/en\/a-harry-situation\/\">See more<\/a><\/div>\n<\/div>\n\n\n\n<h2 class=\"wp-block-heading\">CV<\/h2>\n\n\n\n<figure class=\"wp-block-table is-style-stripes\"><table><tbody><tr><td><i>2023\u20132026<\/i><\/td><td colspan=\"4\">Master of Arts: Critical Image Practices at the Lucerne University<\/td><\/tr><tr><td><i>2016\u20132023<\/i><\/td><td colspan=\"4\">Studium: Kunstp\u00e4dagogik an der Akademie der Bildenden K\u00fcnste M\u00fcnchen<\/td><\/tr><tr><td><i>2014\u20132016<\/i><\/td><td colspan=\"4\">Ausbildung: Mediengestalter in M\u00fcnchen<\/td><\/tr><tr><td><i>1995<\/i><\/td><td colspan=\"4\">Born in Rosenheim<\/td><\/tr><\/tbody><\/table><\/figure>\n\n\n\n<h2 class=\"wp-block-heading\">Stipendien, Preise, Artist Residencys<\/h2>\n\n\n\n<figure class=\"wp-block-table is-style-stripes\"><table><tbody><tr><td><i>2026<\/i><\/td><td colspan=\"4\">Artist Residency: Dogo Haha in Lichtensteig<\/td><\/tr><tr><td><i>2024<\/i><\/td><td colspan=\"4\">Kunstvermittler-Praktikum: Biennale di Venezia (Schweizer Pavillon)<\/td><\/tr><tr><td><i>2024<\/i><\/td><td colspan=\"4\">Audience prize: Culture Hackathon at the Museumsquartier in Berne<\/td><\/tr><tr><td><i>2022<\/i><\/td><td colspan=\"4\">Stipendium: Bayern Innovativ<\/td><\/tr><\/tbody><\/table><\/figure>\n\n\n\n<h2 class=\"wp-block-heading\">Exhibitions<\/h2>\n\n\n\n<figure class=\"wp-block-table is-style-stripes\"><table><tbody><tr><td><i>2026<\/i><\/td><td colspan=\"4\"><i>Tacker 2026 \/ Preselection<\/i> in der Galerie der K\u00fcnstler*innen in M\u00fcnchen;<br><i>StudioLabDays Summer<\/i> in der Hochschule Luzern \u2013 Design Film Kunst;<br><i>Werkschau<\/i> in der Hochschule Luzern \u2013 Design Film Kunst<\/td><\/tr><tr><td><i>2025<\/i><\/td><td colspan=\"4\"><i>ACT Performance Festival of the Swiss Art Universities<\/i> in der Hochschule Luzern \u2013 Design Film Kunst;<br><i>StudioLabDays Summer<\/i> in der Hochschule Luzern \u2013 Design Film Kunst<\/td><\/tr><tr><td><i>2024<\/i><\/td><td colspan=\"4\"><i>Seen with the ear, heard with the eye<\/i> in der Hochschule Luzern \u2013 Musik;<br><i>StudioLabDays Summer<\/i> in der Hochschule Luzern \u2013 Design Film Kunst;<br><i>A Letter from a Friend<\/i> at Bacio Gallery in Bern<\/td><\/tr><tr><td><i>2023<\/i><\/td><td colspan=\"4\" class=\"translation-block\"><i>Platzhalter<\/i> \u2013 AkademieGalerie in Munich;<br><i>Die Aussenseiterbande<\/i> \u2013 Galerie der K\u00fcnstler*innen in Munich;<br><i>Das Hotel ein Traum<\/i> \u2013 Kurhaus in Berg\u00fcn;<br>Annual exhibition at the Academy of Fine Arts Munich;<br><i>Glitch und Reproduktion<\/i> \u2013 Castle Pavillon in Ismaning;<br>Exam exhibition at the Academy of Fine Arts Munich;<br><i>Artfestival 2023<\/i> \u2013 Mattenhof Resort in Interlaken;<br><i>Da war der Wurm drinnen<\/i> \u2013 B\u00fccher-Brocky in Lucerne<\/td><\/tr><tr><td><i>2022<\/i><\/td><td colspan=\"4\" class=\"translation-block\"><i>irren<\/i> \u2013 Pasinger Fabrik in Munich;<br>Award ceremony The Missing Link \u2013 Helferei Grossm\u00fcnster in Zurich;<br>Annual exhibition at the Academy of Fine Arts Munich;<br><i>10 Minutes Older<\/i> \u2013 Ringtheater in Amberg<\/td><\/tr><tr><td><i>2021<\/i><\/td><td colspan=\"4\">Annual exhibition at the Academy of Fine Arts Munich<\/td><\/tr><tr><td><i>2020<\/i><\/td><td colspan=\"4\">Annual exhibition at the Academy of Fine Arts Munich (online)<\/td><\/tr><tr><td><i>2019<\/i><\/td><td colspan=\"4\" class=\"translation-block\"><i>K\u00fcnstlerMixTape Vol. 2<\/i> \u2013 Huber Seiler Haus in Rosenheim;<br>Annual exhibition at the Academy of Fine Arts Munich;<br>Award ceremony Karl &amp; Faber Price \u2013 Luitpoldblock in Munich<\/td><\/tr><tr><td><i>2018<\/i><\/td><td colspan=\"4\" class=\"translation-block\"><i>IMMER GR\u00dcN<\/i> \u2013 Weytterturm in Straubing;<br>Annual exhibition at the Academy of Fine Arts Munich<\/td><\/tr><\/tbody><\/table><\/figure>\n\n\n\n<div class=\"wp-block-columns is-layout-flex wp-container-core-columns-is-layout-1 wp-block-columns-is-layout-flex\">\n<div class=\"wp-block-column is-layout-flow wp-block-column-is-layout-flow\">\n<div class=\"wp-block-buttons is-layout-flex wp-block-buttons-is-layout-flex\">\n<div class=\"wp-block-button\"><a class=\"wp-block-button__link wp-element-button\" href=\"https:\/\/nicklashoffmann.de\/en\/impressum\/\" target=\"_blank\" rel=\"noreferrer noopener\">Imprint<\/a><\/div>\n<\/div>\n<\/div>\n\n\n\n<div class=\"wp-block-column is-layout-flow wp-block-column-is-layout-flow\">\n<div class=\"wp-block-buttons is-layout-flex wp-block-buttons-is-layout-flex\">\n<div class=\"wp-block-button\"><a class=\"wp-block-button__link wp-element-button\" href=\"https:\/\/nicklashoffmann.de\/en\/datenschutz\/\" target=\"_blank\" rel=\"noreferrer noopener\">Privacy policy<\/a><\/div>\n<\/div>\n<\/div>\n\n\n\n<div class=\"wp-block-column is-layout-flow wp-block-column-is-layout-flow\"><\/div>\n<\/div>","protected":false},"excerpt":{"rendered":"<p>Aktuelles A Harry Situation wird vom 05.05. \u2013 28.06.2026 auf der Tacker 2026 \/ Preselection Ausstellung in der Galerie der K\u00fcnstler*innen in M\u00fcnchen zu sehen sein. A Harry Situation wird am 14.06. an den StudioLabDays Summer sowie vom 20.06. \u2013 21.06. an der Werkschau der Hochschule Luzern \u2013 Design Film Kunst zu sehen sein. Vorgestelltes &hellip; <a href=\"https:\/\/nicklashoffmann.de\/en\/\" class=\"more-link\">Continue reading <span class=\"screen-reader-text\">About<\/span><\/a><\/p>","protected":false},"author":1,"featured_media":0,"parent":0,"menu_order":0,"comment_status":"closed","ping_status":"closed","template":"","meta":{"footnotes":""},"class_list":["post-21","page","type-page","status-publish","hentry"],"yoast_head":"<!-- This site is optimized with the Yoast SEO plugin v26.6 - https:\/\/yoast.com\/wordpress\/plugins\/seo\/ -->\n<title>Vita - Nicklas Hoffmann<\/title>\n<meta name=\"description\" content=\"Nicklas Hoffmann besch\u00e4ftigt sich in seinen Video- und Performance-Arbeiten mit Humor, Popkultur, LGBTQ Themen und dem K\u00fcnstlersein.\" \/>\n<meta name=\"robots\" content=\"index, follow, max-snippet:-1, max-image-preview:large, max-video-preview:-1\" \/>\n<link rel=\"canonical\" href=\"https:\/\/nicklashoffmann.de\/en\/\" \/>\n<meta property=\"og:locale\" content=\"en_GB\" \/>\n<meta property=\"og:type\" content=\"article\" \/>\n<meta property=\"og:title\" content=\"Vita - Nicklas Hoffmann\" \/>\n<meta property=\"og:description\" content=\"Nicklas Hoffmann besch\u00e4ftigt sich in seinen Video- und Performance-Arbeiten mit Humor, Popkultur, LGBTQ Themen und dem K\u00fcnstlersein.\" \/>\n<meta property=\"og:url\" content=\"https:\/\/nicklashoffmann.de\/en\/\" \/>\n<meta property=\"og:site_name\" content=\"Nicklas Hoffmann\" \/>\n<meta property=\"article:modified_time\" content=\"2026-05-13T23:42:41+00:00\" \/>\n<meta name=\"twitter:card\" content=\"summary_large_image\" \/>\n<meta name=\"twitter:label1\" content=\"Estimated reading time\" \/>\n\t<meta name=\"twitter:data1\" content=\"3 minutes\" \/>\n<script type=\"application\/ld+json\" class=\"yoast-schema-graph\">{\"@context\":\"https:\/\/schema.org\",\"@graph\":[{\"@type\":\"WebPage\",\"@id\":\"https:\/\/nicklashoffmann.de\/\",\"url\":\"https:\/\/nicklashoffmann.de\/\",\"name\":\"Vita - Nicklas Hoffmann\",\"isPartOf\":{\"@id\":\"https:\/\/nicklashoffmann.de\/#website\"},\"datePublished\":\"2023-01-05T09:14:17+00:00\",\"dateModified\":\"2026-05-13T23:42:41+00:00\",\"description\":\"Nicklas Hoffmann besch\u00e4ftigt sich in seinen Video- und Performance-Arbeiten mit Humor, Popkultur, LGBTQ Themen und dem K\u00fcnstlersein.\",\"breadcrumb\":{\"@id\":\"https:\/\/nicklashoffmann.de\/#breadcrumb\"},\"inLanguage\":\"en-GB\",\"potentialAction\":[{\"@type\":\"ReadAction\",\"target\":[\"https:\/\/nicklashoffmann.de\/\"]}]},{\"@type\":\"BreadcrumbList\",\"@id\":\"https:\/\/nicklashoffmann.de\/#breadcrumb\",\"itemListElement\":[{\"@type\":\"ListItem\",\"position\":1,\"name\":\"Home\",\"item\":\"https:\/\/nicklashoffmann.de\/\"},{\"@type\":\"ListItem\",\"position\":2,\"name\":\"Vita\"}]},{\"@type\":\"WebSite\",\"@id\":\"https:\/\/nicklashoffmann.de\/#website\",\"url\":\"https:\/\/nicklashoffmann.de\/\",\"name\":\"Nicklas Hoffmann\",\"description\":\"Video- und Performancekunst\",\"publisher\":{\"@id\":\"https:\/\/nicklashoffmann.de\/#\/schema\/person\/7ab72ea60d76fae8421e99f7df604072\"},\"alternateName\":\"nicklashoffmann\",\"potentialAction\":[{\"@type\":\"SearchAction\",\"target\":{\"@type\":\"EntryPoint\",\"urlTemplate\":\"https:\/\/nicklashoffmann.de\/?s={search_term_string}\"},\"query-input\":{\"@type\":\"PropertyValueSpecification\",\"valueRequired\":true,\"valueName\":\"search_term_string\"}}],\"inLanguage\":\"en-GB\"},{\"@type\":[\"Person\",\"Organization\"],\"@id\":\"https:\/\/nicklashoffmann.de\/#\/schema\/person\/7ab72ea60d76fae8421e99f7df604072\",\"name\":\"admin\",\"image\":{\"@type\":\"ImageObject\",\"inLanguage\":\"en-GB\",\"@id\":\"https:\/\/nicklashoffmann.de\/#\/schema\/person\/image\/\",\"url\":\"https:\/\/nicklashoffmann.de\/wp-content\/uploads\/2023\/01\/Th_Website_Stanislaus.jpg\",\"contentUrl\":\"https:\/\/nicklashoffmann.de\/wp-content\/uploads\/2023\/01\/Th_Website_Stanislaus.jpg\",\"width\":512,\"height\":512,\"caption\":\"admin\"},\"logo\":{\"@id\":\"https:\/\/nicklashoffmann.de\/#\/schema\/person\/image\/\"},\"sameAs\":[\"http:\/\/nicklashoffmann.de\",\"http:\/\/youtube.com\/user\/MrNickOSir\"]}]}<\/script>\n<!-- \/ Yoast SEO plugin. -->","yoast_head_json":{"title":"Vita - Nicklas Hoffmann","description":"Nicklas Hoffmann besch\u00e4ftigt sich in seinen Video- und Performance-Arbeiten mit Humor, Popkultur, LGBTQ Themen und dem K\u00fcnstlersein.","robots":{"index":"index","follow":"follow","max-snippet":"max-snippet:-1","max-image-preview":"max-image-preview:large","max-video-preview":"max-video-preview:-1"},"canonical":"https:\/\/nicklashoffmann.de\/en\/","og_locale":"en_GB","og_type":"article","og_title":"Vita - Nicklas Hoffmann","og_description":"Nicklas Hoffmann besch\u00e4ftigt sich in seinen Video- und Performance-Arbeiten mit Humor, Popkultur, LGBTQ Themen und dem K\u00fcnstlersein.","og_url":"https:\/\/nicklashoffmann.de\/en\/","og_site_name":"Nicklas Hoffmann","article_modified_time":"2026-05-13T23:42:41+00:00","twitter_card":"summary_large_image","twitter_misc":{"Estimated reading time":"3 minutes"},"schema":{"@context":"https:\/\/schema.org","@graph":[{"@type":"WebPage","@id":"https:\/\/nicklashoffmann.de\/","url":"https:\/\/nicklashoffmann.de\/","name":"Vita - Nicklas Hoffmann","isPartOf":{"@id":"https:\/\/nicklashoffmann.de\/#website"},"datePublished":"2023-01-05T09:14:17+00:00","dateModified":"2026-05-13T23:42:41+00:00","description":"Nicklas Hoffmann besch\u00e4ftigt sich in seinen Video- und Performance-Arbeiten mit Humor, Popkultur, LGBTQ Themen und dem K\u00fcnstlersein.","breadcrumb":{"@id":"https:\/\/nicklashoffmann.de\/#breadcrumb"},"inLanguage":"en-GB","potentialAction":[{"@type":"ReadAction","target":["https:\/\/nicklashoffmann.de\/"]}]},{"@type":"BreadcrumbList","@id":"https:\/\/nicklashoffmann.de\/#breadcrumb","itemListElement":[{"@type":"ListItem","position":1,"name":"Home","item":"https:\/\/nicklashoffmann.de\/"},{"@type":"ListItem","position":2,"name":"Vita"}]},{"@type":"WebSite","@id":"https:\/\/nicklashoffmann.de\/#website","url":"https:\/\/nicklashoffmann.de\/","name":"Nicklas Hoffmann","description":"Video- and Performance art","publisher":{"@id":"https:\/\/nicklashoffmann.de\/#\/schema\/person\/7ab72ea60d76fae8421e99f7df604072"},"alternateName":"nicklashoffmann","potentialAction":[{"@type":"SearchAction","target":{"@type":"EntryPoint","urlTemplate":"https:\/\/nicklashoffmann.de\/?s={search_term_string}"},"query-input":{"@type":"PropertyValueSpecification","valueRequired":true,"valueName":"search_term_string"}}],"inLanguage":"en-GB"},{"@type":["Person","Organization"],"@id":"https:\/\/nicklashoffmann.de\/#\/schema\/person\/7ab72ea60d76fae8421e99f7df604072","name":"admin","image":{"@type":"ImageObject","inLanguage":"en-GB","@id":"https:\/\/nicklashoffmann.de\/#\/schema\/person\/image\/","url":"https:\/\/nicklashoffmann.de\/wp-content\/uploads\/2023\/01\/Th_Website_Stanislaus.jpg","contentUrl":"https:\/\/nicklashoffmann.de\/wp-content\/uploads\/2023\/01\/Th_Website_Stanislaus.jpg","width":512,"height":512,"caption":"admin"},"logo":{"@id":"https:\/\/nicklashoffmann.de\/#\/schema\/person\/image\/"},"sameAs":["http:\/\/nicklashoffmann.de","http:\/\/youtube.com\/user\/MrNickOSir"]}]}},"_links":{"self":[{"href":"https:\/\/nicklashoffmann.de\/en\/wp-json\/wp\/v2\/pages\/21","targetHints":{"allow":["GET"]}}],"collection":[{"href":"https:\/\/nicklashoffmann.de\/en\/wp-json\/wp\/v2\/pages"}],"about":[{"href":"https:\/\/nicklashoffmann.de\/en\/wp-json\/wp\/v2\/types\/page"}],"author":[{"embeddable":true,"href":"https:\/\/nicklashoffmann.de\/en\/wp-json\/wp\/v2\/users\/1"}],"replies":[{"embeddable":true,"href":"https:\/\/nicklashoffmann.de\/en\/wp-json\/wp\/v2\/comments?post=21"}],"version-history":[{"count":180,"href":"https:\/\/nicklashoffmann.de\/en\/wp-json\/wp\/v2\/pages\/21\/revisions"}],"predecessor-version":[{"id":1337,"href":"https:\/\/nicklashoffmann.de\/en\/wp-json\/wp\/v2\/pages\/21\/revisions\/1337"}],"wp:attachment":[{"href":"https:\/\/nicklashoffmann.de\/en\/wp-json\/wp\/v2\/media?parent=21"}],"curies":[{"name":"wp","href":"https:\/\/api.w.org\/{rel}","templated":true}]}}