{"id":197,"date":"2023-01-06T02:59:06","date_gmt":"2023-01-06T02:59:06","guid":{"rendered":"http:\/\/nicklashoffmann.de\/?page_id=197"},"modified":"2024-01-06T13:09:46","modified_gmt":"2024-01-06T13:09:46","slug":"a-prequel-story-hupsi-ich-wurde-gefangen-genommen","status":"publish","type":"page","link":"https:\/\/nicklashoffmann.de\/en\/a-prequel-story-hupsi-ich-wurde-gefangen-genommen\/","title":{"rendered":"A Prequel Story: Hupsi \u2013 ich wurde gefangen genommen"},"content":{"rendered":"<h4 class=\"wp-block-heading\">Kunstfigur-Saga: Teil 8<\/h4>\n\n\n\n<figure class=\"wp-block-embed is-type-video is-provider-youtube wp-block-embed-youtube wp-embed-aspect-16-9 wp-has-aspect-ratio\"><div class=\"wp-block-embed__wrapper\">\n<iframe loading=\"lazy\" title=\"A Prequel Story: Hupsi \u2013 ich wurde gefangen genommen\" width=\"660\" height=\"371\" src=\"https:\/\/www.youtube.com\/embed\/52TeQWWg1gM?feature=oembed\" frameborder=\"0\" allow=\"accelerometer; autoplay; clipboard-write; encrypted-media; gyroscope; picture-in-picture; web-share\" referrerpolicy=\"strict-origin-when-cross-origin\" allowfullscreen><\/iframe>\n<\/div><\/figure>\n\n\n\n<p>Was auf den ersten Blick wie eine Geiselnahme aussieht, entpuppt sich als die Vorgeschichte aller wiederkehrender Charaktere aus Nicklas Hoffmanns Webserien rund um die Fl\u00f6ten-Band \u201eDie frommen Buben\u201c und ihre schlimmsten Erzfeindinnen \u201eTwo and a Half Chicks\u201c. Zudem geht es um Pubert\u00e4t, Schikane, das Sommerfest und die erste Liebe.<\/p>\n\n\n\n<p>Eine Parodie auf Teenagerfilme wie etwa <em>High School Musical<\/em> oder <em>Clueless<\/em>.<\/p>\n\n\n\n<p><strong>Zugeh\u00f6rige Performance:<\/strong> Der Blinder Follower \u2013 eine wiederkehrende Figur \u2013 sammelte w\u00e4hrend der Urauff\u00fchrung vom Publikum die im Video angesprochenen Neun Euro L\u00f6segeld ein.<\/p>\n\n\n\n<h4 class=\"wp-block-heading\">Einzelheiten<\/h4>\n\n\n\n<figure class=\"wp-block-table is-style-stripes\"><table><tbody><tr><td>Entstehungsjahr<\/td><td>2022<\/td><\/tr><tr><td>Material<\/td><td>Video (10 Minuten) + Performance<\/td><\/tr><tr><td>K\u00fcnstler<\/td><td>Nicklas Hoffmann<\/td><\/tr><\/tbody><\/table><\/figure>","protected":false},"excerpt":{"rendered":"<p>Kunstfigur-Saga: Teil 8 Was auf den ersten Blick wie eine Geiselnahme aussieht, entpuppt sich als die Vorgeschichte aller wiederkehrender Charaktere aus Nicklas Hoffmanns Webserien rund um die Fl\u00f6ten-Band \u201eDie frommen Buben\u201c und ihre schlimmsten Erzfeindinnen \u201eTwo and a Half Chicks\u201c. Zudem geht es um Pubert\u00e4t, Schikane, das Sommerfest und die erste Liebe. Eine Parodie auf &hellip; <a href=\"https:\/\/nicklashoffmann.de\/en\/a-prequel-story-hupsi-ich-wurde-gefangen-genommen\/\" class=\"more-link\">Continue reading <span class=\"screen-reader-text\">A Prequel Story: Hupsi \u2013 ich wurde gefangen genommen<\/span><\/a><\/p>","protected":false},"author":1,"featured_media":0,"parent":0,"menu_order":0,"comment_status":"closed","ping_status":"closed","template":"","meta":{"footnotes":""},"class_list":["post-197","page","type-page","status-publish","hentry"],"yoast_head":"<!-- This site is optimized with the Yoast SEO plugin v26.6 - https:\/\/yoast.com\/wordpress\/plugins\/seo\/ -->\n<title>A Prequel Story: Hupsi \u2013 ich wurde gefangen genommen - Nicklas Hoffmann<\/title>\n<meta name=\"description\" content=\"&quot;A Prequel Story: Hupsi \u2013 ich wurde gefangen genommen&quot; ist die Vorgeschichte aller wiederkehrender Charaktere aus Nicklas Hoffmanns Webserien.\" \/>\n<meta name=\"robots\" content=\"index, follow, max-snippet:-1, max-image-preview:large, max-video-preview:-1\" \/>\n<link rel=\"canonical\" href=\"https:\/\/nicklashoffmann.de\/en\/a-prequel-story-hupsi-ich-wurde-gefangen-genommen\/\" \/>\n<meta property=\"og:locale\" content=\"en_GB\" \/>\n<meta property=\"og:type\" content=\"article\" \/>\n<meta property=\"og:title\" content=\"A Prequel Story: Hupsi \u2013 ich wurde gefangen genommen - Nicklas Hoffmann\" \/>\n<meta property=\"og:description\" content=\"&quot;A Prequel Story: Hupsi \u2013 ich wurde gefangen genommen&quot; ist die Vorgeschichte aller wiederkehrender Charaktere aus Nicklas Hoffmanns Webserien.\" \/>\n<meta property=\"og:url\" content=\"https:\/\/nicklashoffmann.de\/en\/a-prequel-story-hupsi-ich-wurde-gefangen-genommen\/\" \/>\n<meta property=\"og:site_name\" content=\"Nicklas Hoffmann\" \/>\n<meta property=\"article:modified_time\" content=\"2024-01-06T13:09:46+00:00\" \/>\n<meta name=\"twitter:card\" content=\"summary_large_image\" \/>\n<meta name=\"twitter:label1\" content=\"Estimated reading time\" \/>\n\t<meta name=\"twitter:data1\" content=\"1 minute\" \/>\n<script type=\"application\/ld+json\" class=\"yoast-schema-graph\">{\"@context\":\"https:\/\/schema.org\",\"@graph\":[{\"@type\":\"WebPage\",\"@id\":\"https:\/\/nicklashoffmann.de\/a-prequel-story-hupsi-ich-wurde-gefangen-genommen\/\",\"url\":\"https:\/\/nicklashoffmann.de\/a-prequel-story-hupsi-ich-wurde-gefangen-genommen\/\",\"name\":\"A Prequel Story: Hupsi \u2013 ich wurde gefangen genommen - Nicklas Hoffmann\",\"isPartOf\":{\"@id\":\"https:\/\/nicklashoffmann.de\/#website\"},\"datePublished\":\"2023-01-06T02:59:06+00:00\",\"dateModified\":\"2024-01-06T13:09:46+00:00\",\"description\":\"\\\"A Prequel Story: Hupsi \u2013 ich wurde gefangen genommen\\\" ist die Vorgeschichte aller wiederkehrender Charaktere aus Nicklas Hoffmanns Webserien.\",\"breadcrumb\":{\"@id\":\"https:\/\/nicklashoffmann.de\/a-prequel-story-hupsi-ich-wurde-gefangen-genommen\/#breadcrumb\"},\"inLanguage\":\"en-GB\",\"potentialAction\":[{\"@type\":\"ReadAction\",\"target\":[\"https:\/\/nicklashoffmann.de\/a-prequel-story-hupsi-ich-wurde-gefangen-genommen\/\"]}]},{\"@type\":\"BreadcrumbList\",\"@id\":\"https:\/\/nicklashoffmann.de\/a-prequel-story-hupsi-ich-wurde-gefangen-genommen\/#breadcrumb\",\"itemListElement\":[{\"@type\":\"ListItem\",\"position\":1,\"name\":\"Home\",\"item\":\"https:\/\/nicklashoffmann.de\/\"},{\"@type\":\"ListItem\",\"position\":2,\"name\":\"A Prequel Story: Hupsi \u2013 ich wurde gefangen genommen\"}]},{\"@type\":\"WebSite\",\"@id\":\"https:\/\/nicklashoffmann.de\/#website\",\"url\":\"https:\/\/nicklashoffmann.de\/\",\"name\":\"Nicklas Hoffmann\",\"description\":\"Video- und Performancekunst\",\"publisher\":{\"@id\":\"https:\/\/nicklashoffmann.de\/#\/schema\/person\/7ab72ea60d76fae8421e99f7df604072\"},\"alternateName\":\"nicklashoffmann\",\"potentialAction\":[{\"@type\":\"SearchAction\",\"target\":{\"@type\":\"EntryPoint\",\"urlTemplate\":\"https:\/\/nicklashoffmann.de\/?s={search_term_string}\"},\"query-input\":{\"@type\":\"PropertyValueSpecification\",\"valueRequired\":true,\"valueName\":\"search_term_string\"}}],\"inLanguage\":\"en-GB\"},{\"@type\":[\"Person\",\"Organization\"],\"@id\":\"https:\/\/nicklashoffmann.de\/#\/schema\/person\/7ab72ea60d76fae8421e99f7df604072\",\"name\":\"admin\",\"image\":{\"@type\":\"ImageObject\",\"inLanguage\":\"en-GB\",\"@id\":\"https:\/\/nicklashoffmann.de\/#\/schema\/person\/image\/\",\"url\":\"https:\/\/nicklashoffmann.de\/wp-content\/uploads\/2023\/01\/Th_Website_Stanislaus.jpg\",\"contentUrl\":\"https:\/\/nicklashoffmann.de\/wp-content\/uploads\/2023\/01\/Th_Website_Stanislaus.jpg\",\"width\":512,\"height\":512,\"caption\":\"admin\"},\"logo\":{\"@id\":\"https:\/\/nicklashoffmann.de\/#\/schema\/person\/image\/\"},\"sameAs\":[\"http:\/\/nicklashoffmann.de\",\"http:\/\/youtube.com\/user\/MrNickOSir\"]}]}<\/script>\n<!-- \/ Yoast SEO plugin. -->","yoast_head_json":{"title":"A Prequel Story: Hupsi \u2013 ich wurde gefangen genommen - Nicklas Hoffmann","description":"\"A Prequel Story: Hupsi \u2013 ich wurde gefangen genommen\" ist die Vorgeschichte aller wiederkehrender Charaktere aus Nicklas Hoffmanns Webserien.","robots":{"index":"index","follow":"follow","max-snippet":"max-snippet:-1","max-image-preview":"max-image-preview:large","max-video-preview":"max-video-preview:-1"},"canonical":"https:\/\/nicklashoffmann.de\/en\/a-prequel-story-hupsi-ich-wurde-gefangen-genommen\/","og_locale":"en_GB","og_type":"article","og_title":"A Prequel Story: Hupsi \u2013 ich wurde gefangen genommen - Nicklas Hoffmann","og_description":"\"A Prequel Story: Hupsi \u2013 ich wurde gefangen genommen\" ist die Vorgeschichte aller wiederkehrender Charaktere aus Nicklas Hoffmanns Webserien.","og_url":"https:\/\/nicklashoffmann.de\/en\/a-prequel-story-hupsi-ich-wurde-gefangen-genommen\/","og_site_name":"Nicklas Hoffmann","article_modified_time":"2024-01-06T13:09:46+00:00","twitter_card":"summary_large_image","twitter_misc":{"Estimated reading time":"1 minute"},"schema":{"@context":"https:\/\/schema.org","@graph":[{"@type":"WebPage","@id":"https:\/\/nicklashoffmann.de\/a-prequel-story-hupsi-ich-wurde-gefangen-genommen\/","url":"https:\/\/nicklashoffmann.de\/a-prequel-story-hupsi-ich-wurde-gefangen-genommen\/","name":"A Prequel Story: Hupsi \u2013 ich wurde gefangen genommen - Nicklas Hoffmann","isPartOf":{"@id":"https:\/\/nicklashoffmann.de\/#website"},"datePublished":"2023-01-06T02:59:06+00:00","dateModified":"2024-01-06T13:09:46+00:00","description":"\"A Prequel Story: Hupsi \u2013 ich wurde gefangen genommen\" ist die Vorgeschichte aller wiederkehrender Charaktere aus Nicklas Hoffmanns Webserien.","breadcrumb":{"@id":"https:\/\/nicklashoffmann.de\/a-prequel-story-hupsi-ich-wurde-gefangen-genommen\/#breadcrumb"},"inLanguage":"en-GB","potentialAction":[{"@type":"ReadAction","target":["https:\/\/nicklashoffmann.de\/a-prequel-story-hupsi-ich-wurde-gefangen-genommen\/"]}]},{"@type":"BreadcrumbList","@id":"https:\/\/nicklashoffmann.de\/a-prequel-story-hupsi-ich-wurde-gefangen-genommen\/#breadcrumb","itemListElement":[{"@type":"ListItem","position":1,"name":"Home","item":"https:\/\/nicklashoffmann.de\/"},{"@type":"ListItem","position":2,"name":"A Prequel Story: Hupsi \u2013 ich wurde gefangen genommen"}]},{"@type":"WebSite","@id":"https:\/\/nicklashoffmann.de\/#website","url":"https:\/\/nicklashoffmann.de\/","name":"Nicklas Hoffmann","description":"Video- and Performance art","publisher":{"@id":"https:\/\/nicklashoffmann.de\/#\/schema\/person\/7ab72ea60d76fae8421e99f7df604072"},"alternateName":"nicklashoffmann","potentialAction":[{"@type":"SearchAction","target":{"@type":"EntryPoint","urlTemplate":"https:\/\/nicklashoffmann.de\/?s={search_term_string}"},"query-input":{"@type":"PropertyValueSpecification","valueRequired":true,"valueName":"search_term_string"}}],"inLanguage":"en-GB"},{"@type":["Person","Organization"],"@id":"https:\/\/nicklashoffmann.de\/#\/schema\/person\/7ab72ea60d76fae8421e99f7df604072","name":"admin","image":{"@type":"ImageObject","inLanguage":"en-GB","@id":"https:\/\/nicklashoffmann.de\/#\/schema\/person\/image\/","url":"https:\/\/nicklashoffmann.de\/wp-content\/uploads\/2023\/01\/Th_Website_Stanislaus.jpg","contentUrl":"https:\/\/nicklashoffmann.de\/wp-content\/uploads\/2023\/01\/Th_Website_Stanislaus.jpg","width":512,"height":512,"caption":"admin"},"logo":{"@id":"https:\/\/nicklashoffmann.de\/#\/schema\/person\/image\/"},"sameAs":["http:\/\/nicklashoffmann.de","http:\/\/youtube.com\/user\/MrNickOSir"]}]}},"_links":{"self":[{"href":"https:\/\/nicklashoffmann.de\/en\/wp-json\/wp\/v2\/pages\/197","targetHints":{"allow":["GET"]}}],"collection":[{"href":"https:\/\/nicklashoffmann.de\/en\/wp-json\/wp\/v2\/pages"}],"about":[{"href":"https:\/\/nicklashoffmann.de\/en\/wp-json\/wp\/v2\/types\/page"}],"author":[{"embeddable":true,"href":"https:\/\/nicklashoffmann.de\/en\/wp-json\/wp\/v2\/users\/1"}],"replies":[{"embeddable":true,"href":"https:\/\/nicklashoffmann.de\/en\/wp-json\/wp\/v2\/comments?post=197"}],"version-history":[{"count":6,"href":"https:\/\/nicklashoffmann.de\/en\/wp-json\/wp\/v2\/pages\/197\/revisions"}],"predecessor-version":[{"id":814,"href":"https:\/\/nicklashoffmann.de\/en\/wp-json\/wp\/v2\/pages\/197\/revisions\/814"}],"wp:attachment":[{"href":"https:\/\/nicklashoffmann.de\/en\/wp-json\/wp\/v2\/media?parent=197"}],"curies":[{"name":"wp","href":"https:\/\/api.w.org\/{rel}","templated":true}]}}