{"id":186,"date":"2023-01-06T02:34:57","date_gmt":"2023-01-06T02:34:57","guid":{"rendered":"http:\/\/nicklashoffmann.de\/?page_id=186"},"modified":"2024-11-11T23:30:00","modified_gmt":"2024-11-11T23:30:00","slug":"kauft-mein-merch","status":"publish","type":"page","link":"https:\/\/nicklashoffmann.de\/en\/kauft-mein-merch\/","title":{"rendered":"Kauft mein Merch!"},"content":{"rendered":"<h4 class=\"wp-block-heading\">Kunstfigur-Saga: Teil 7<\/h4>\n\n\n\n<div class=\"wp-block-columns is-layout-flex wp-container-core-columns-is-layout-1 wp-block-columns-is-layout-flex\">\n<div class=\"wp-block-column is-layout-flow wp-block-column-is-layout-flow\">\n<figure class=\"wp-block-image size-full\"><img loading=\"lazy\" decoding=\"async\" width=\"700\" height=\"980\" src=\"https:\/\/nicklashoffmann.de\/wp-content\/uploads\/2023\/11\/Actionfigur_Stanislaus.png\" alt=\"\" class=\"wp-image-684\" srcset=\"https:\/\/nicklashoffmann.de\/wp-content\/uploads\/2023\/11\/Actionfigur_Stanislaus.png 700w, https:\/\/nicklashoffmann.de\/wp-content\/uploads\/2023\/11\/Actionfigur_Stanislaus-214x300.png 214w\" sizes=\"auto, (max-width: 700px) 100vw, 700px\" \/><\/figure>\n\n\n\n<p class=\"has-text-align-center\"><strong>Stanislaus<\/strong><br>Actionfigur<\/p>\n<\/div>\n\n\n\n<div class=\"wp-block-column is-layout-flow wp-block-column-is-layout-flow\">\n<figure class=\"wp-block-image size-full\"><img loading=\"lazy\" decoding=\"async\" width=\"700\" height=\"980\" src=\"https:\/\/nicklashoffmann.de\/wp-content\/uploads\/2023\/11\/Actionfigur_Risingstar.png\" alt=\"\" class=\"wp-image-686\" srcset=\"https:\/\/nicklashoffmann.de\/wp-content\/uploads\/2023\/11\/Actionfigur_Risingstar.png 700w, https:\/\/nicklashoffmann.de\/wp-content\/uploads\/2023\/11\/Actionfigur_Risingstar-214x300.png 214w\" sizes=\"auto, (max-width: 700px) 100vw, 700px\" \/><\/figure>\n\n\n\n<p class=\"has-text-align-center\"><strong>Risingstar<\/strong><br>Actionfigur<\/p>\n<\/div>\n\n\n\n<div class=\"wp-block-column is-layout-flow wp-block-column-is-layout-flow\">\n<figure class=\"wp-block-image size-full\"><img loading=\"lazy\" decoding=\"async\" width=\"700\" height=\"980\" src=\"https:\/\/nicklashoffmann.de\/wp-content\/uploads\/2023\/11\/Actionfigur_WhatsAppKoenig.png\" alt=\"\" class=\"wp-image-687\" srcset=\"https:\/\/nicklashoffmann.de\/wp-content\/uploads\/2023\/11\/Actionfigur_WhatsAppKoenig.png 700w, https:\/\/nicklashoffmann.de\/wp-content\/uploads\/2023\/11\/Actionfigur_WhatsAppKoenig-214x300.png 214w\" sizes=\"auto, (max-width: 700px) 100vw, 700px\" \/><\/figure>\n\n\n\n<p class=\"has-text-align-center\"><strong>WhatsApp K\u00f6nig<\/strong><br>Actionfigur<\/p>\n<\/div>\n<\/div>\n\n\n\n<div class=\"wp-block-columns is-layout-flex wp-container-core-columns-is-layout-2 wp-block-columns-is-layout-flex\">\n<div class=\"wp-block-column is-layout-flow wp-block-column-is-layout-flow\">\n<figure class=\"wp-block-image size-full\"><img loading=\"lazy\" decoding=\"async\" width=\"700\" height=\"980\" src=\"https:\/\/nicklashoffmann.de\/wp-content\/uploads\/2023\/11\/Actionfigur_AlterLuestling.png\" alt=\"\" class=\"wp-image-688\" srcset=\"https:\/\/nicklashoffmann.de\/wp-content\/uploads\/2023\/11\/Actionfigur_AlterLuestling.png 700w, https:\/\/nicklashoffmann.de\/wp-content\/uploads\/2023\/11\/Actionfigur_AlterLuestling-214x300.png 214w\" sizes=\"auto, (max-width: 700px) 100vw, 700px\" \/><\/figure>\n\n\n\n<p class=\"has-text-align-center\"><strong>Alter L\u00fcstling<\/strong><br>Actionfigur<\/p>\n<\/div>\n\n\n\n<div class=\"wp-block-column is-layout-flow wp-block-column-is-layout-flow\">\n<figure class=\"wp-block-image size-full\"><img loading=\"lazy\" decoding=\"async\" width=\"700\" height=\"980\" src=\"https:\/\/nicklashoffmann.de\/wp-content\/uploads\/2023\/11\/Actionfigur_Fitnesscoach.png\" alt=\"\" class=\"wp-image-689\" srcset=\"https:\/\/nicklashoffmann.de\/wp-content\/uploads\/2023\/11\/Actionfigur_Fitnesscoach.png 700w, https:\/\/nicklashoffmann.de\/wp-content\/uploads\/2023\/11\/Actionfigur_Fitnesscoach-214x300.png 214w\" sizes=\"auto, (max-width: 700px) 100vw, 700px\" \/><\/figure>\n\n\n\n<p class=\"has-text-align-center\"><strong>Fitnesscoach<\/strong><br>Actionfigur<\/p>\n<\/div>\n\n\n\n<div class=\"wp-block-column is-layout-flow wp-block-column-is-layout-flow\">\n<figure class=\"wp-block-image size-full\"><img loading=\"lazy\" decoding=\"async\" width=\"700\" height=\"980\" src=\"https:\/\/nicklashoffmann.de\/wp-content\/uploads\/2023\/11\/Actionfigur_HipHoperMrNickOSir.png\" alt=\"\" class=\"wp-image-690\" srcset=\"https:\/\/nicklashoffmann.de\/wp-content\/uploads\/2023\/11\/Actionfigur_HipHoperMrNickOSir.png 700w, https:\/\/nicklashoffmann.de\/wp-content\/uploads\/2023\/11\/Actionfigur_HipHoperMrNickOSir-214x300.png 214w\" sizes=\"auto, (max-width: 700px) 100vw, 700px\" \/><\/figure>\n\n\n\n<p class=\"has-text-align-center\"><strong>HipHoper MrNickOSir<\/strong><br>Actionfigur<\/p>\n<\/div>\n<\/div>\n\n\n\n<div class=\"wp-block-columns is-layout-flex wp-container-core-columns-is-layout-3 wp-block-columns-is-layout-flex\">\n<div class=\"wp-block-column is-layout-flow wp-block-column-is-layout-flow\">\n<figure class=\"wp-block-image size-full\"><img loading=\"lazy\" decoding=\"async\" width=\"700\" height=\"980\" src=\"https:\/\/nicklashoffmann.de\/wp-content\/uploads\/2023\/11\/Stickerset.png\" alt=\"\" class=\"wp-image-699\" srcset=\"https:\/\/nicklashoffmann.de\/wp-content\/uploads\/2023\/11\/Stickerset.png 700w, https:\/\/nicklashoffmann.de\/wp-content\/uploads\/2023\/11\/Stickerset-214x300.png 214w\" sizes=\"auto, (max-width: 700px) 100vw, 700px\" \/><\/figure>\n\n\n\n<p class=\"has-text-align-center\"><strong>Art Character saga<br><\/strong>Stickerset<\/p>\n<\/div>\n\n\n\n<div class=\"wp-block-column is-layout-flow wp-block-column-is-layout-flow\">\n<figure class=\"wp-block-image size-full\"><img loading=\"lazy\" decoding=\"async\" width=\"700\" height=\"980\" src=\"https:\/\/nicklashoffmann.de\/wp-content\/uploads\/2024\/11\/Papp-Stanislaus_2.png\" alt=\"\" class=\"wp-image-1093\" srcset=\"https:\/\/nicklashoffmann.de\/wp-content\/uploads\/2024\/11\/Papp-Stanislaus_2.png 700w, https:\/\/nicklashoffmann.de\/wp-content\/uploads\/2024\/11\/Papp-Stanislaus_2-214x300.png 214w\" sizes=\"auto, (max-width: 700px) 100vw, 700px\" \/><\/figure>\n\n\n\n<p class=\"has-text-align-center\"><strong>Papp-Stanislaus<br><\/strong>Papp-Aufsteller<\/p>\n<\/div>\n\n\n\n<div class=\"wp-block-column is-layout-flow wp-block-column-is-layout-flow\">\n<figure class=\"wp-block-image size-full\"><img loading=\"lazy\" decoding=\"async\" width=\"700\" height=\"980\" src=\"https:\/\/nicklashoffmann.de\/wp-content\/uploads\/2023\/11\/Musikalbum.png\" alt=\"\" class=\"wp-image-702\" srcset=\"https:\/\/nicklashoffmann.de\/wp-content\/uploads\/2023\/11\/Musikalbum.png 700w, https:\/\/nicklashoffmann.de\/wp-content\/uploads\/2023\/11\/Musikalbum-214x300.png 214w\" sizes=\"auto, (max-width: 700px) 100vw, 700px\" \/><\/figure>\n\n\n\n<p class=\"has-text-align-center\"><strong>F\u00fcr Immer Kunstfigur<br><\/strong>Musikalbum<\/p>\n<\/div>\n<\/div>\n\n\n\n<div class=\"wp-block-columns is-layout-flex wp-container-core-columns-is-layout-4 wp-block-columns-is-layout-flex\">\n<div class=\"wp-block-column is-layout-flow wp-block-column-is-layout-flow\">\n<figure class=\"wp-block-image size-full\"><img loading=\"lazy\" decoding=\"async\" width=\"1207\" height=\"1700\" src=\"https:\/\/nicklashoffmann.de\/wp-content\/uploads\/2023\/01\/Kinoplakat_Story_End_1.jpg\" alt=\"Kinoplakat Story End: Kunstfigur\" class=\"wp-image-203\" srcset=\"https:\/\/nicklashoffmann.de\/wp-content\/uploads\/2023\/01\/Kinoplakat_Story_End_1.jpg 1207w, https:\/\/nicklashoffmann.de\/wp-content\/uploads\/2023\/01\/Kinoplakat_Story_End_1-213x300.jpg 213w, https:\/\/nicklashoffmann.de\/wp-content\/uploads\/2023\/01\/Kinoplakat_Story_End_1-727x1024.jpg 727w, https:\/\/nicklashoffmann.de\/wp-content\/uploads\/2023\/01\/Kinoplakat_Story_End_1-768x1082.jpg 768w, https:\/\/nicklashoffmann.de\/wp-content\/uploads\/2023\/01\/Kinoplakat_Story_End_1-1091x1536.jpg 1091w\" sizes=\"auto, (max-width: 1207px) 100vw, 1207px\" \/><\/figure>\n\n\n\n<p class=\"has-text-align-center\"><strong>Poster Stanislaus<\/strong><br>Filmplakat<\/p>\n<\/div>\n\n\n\n<div class=\"wp-block-column is-layout-flow wp-block-column-is-layout-flow\">\n<figure class=\"wp-block-image size-full\"><img loading=\"lazy\" decoding=\"async\" width=\"1207\" height=\"1700\" src=\"https:\/\/nicklashoffmann.de\/wp-content\/uploads\/2023\/01\/Kinoplakat_Story_End_3.jpg\" alt=\"Kinoplakat Story End: Kunstfigur\" class=\"wp-image-205\" srcset=\"https:\/\/nicklashoffmann.de\/wp-content\/uploads\/2023\/01\/Kinoplakat_Story_End_3.jpg 1207w, https:\/\/nicklashoffmann.de\/wp-content\/uploads\/2023\/01\/Kinoplakat_Story_End_3-213x300.jpg 213w, https:\/\/nicklashoffmann.de\/wp-content\/uploads\/2023\/01\/Kinoplakat_Story_End_3-727x1024.jpg 727w, https:\/\/nicklashoffmann.de\/wp-content\/uploads\/2023\/01\/Kinoplakat_Story_End_3-768x1082.jpg 768w, https:\/\/nicklashoffmann.de\/wp-content\/uploads\/2023\/01\/Kinoplakat_Story_End_3-1091x1536.jpg 1091w\" sizes=\"auto, (max-width: 1207px) 100vw, 1207px\" \/><\/figure>\n\n\n\n<p class=\"has-text-align-center\"><strong>Poster MrNickOSir<\/strong><br>Filmplakat<\/p>\n<\/div>\n\n\n\n<div class=\"wp-block-column is-layout-flow wp-block-column-is-layout-flow\">\n<figure class=\"wp-block-image size-full\"><img loading=\"lazy\" decoding=\"async\" width=\"1006\" height=\"1417\" src=\"https:\/\/nicklashoffmann.de\/wp-content\/uploads\/2023\/01\/Kinoplakat_Story_End_2_FES.jpg\" alt=\"Kinoplakat Story End: Kunstfigur\" class=\"wp-image-212\" srcset=\"https:\/\/nicklashoffmann.de\/wp-content\/uploads\/2023\/01\/Kinoplakat_Story_End_2_FES.jpg 1006w, https:\/\/nicklashoffmann.de\/wp-content\/uploads\/2023\/01\/Kinoplakat_Story_End_2_FES-213x300.jpg 213w, https:\/\/nicklashoffmann.de\/wp-content\/uploads\/2023\/01\/Kinoplakat_Story_End_2_FES-727x1024.jpg 727w, https:\/\/nicklashoffmann.de\/wp-content\/uploads\/2023\/01\/Kinoplakat_Story_End_2_FES-768x1082.jpg 768w\" sizes=\"auto, (max-width: 1006px) 100vw, 1006px\" \/><\/figure>\n\n\n\n<p class=\"has-text-align-center\"><strong>Poster Fitnesscoach<\/strong><br>Filmplakat<\/p>\n<\/div>\n<\/div>\n\n\n\n<p>Eine Sammlung an Merchandise-Artikeln zu den verschiedenen Charakteren aus Nicklas Hoffmanns diversen Webserien, die diese auf eine Stufe mit gro\u00dfen Ikonen der Popkultur stellen.<\/p>\n\n\n\n<p>Sie beinhaltet einen Papp-Aufsteller von Stanislaus, Plakate zu einigen von Hoffmanns Filmen sowie einfarbige Actionfiguren von Stanislaus, Risingstar, WhatsApp K\u00f6nig, Alter L\u00fcstling, Fitnesscoach und HipHoper MrNickOSir. Ein Stickerset, welches zu den genannten Figuren auch noch den Teufel sowie den Blinden Follower abbildet und ein Musikalbum mit den Songs aus der <em>Kunstfigur<\/em>-Saga schlie\u00dfen die Sammlung ab.<\/p>\n\n\n\n<div class=\"wp-block-buttons is-layout-flex wp-block-buttons-is-layout-flex\">\n<div class=\"wp-block-button\"><a class=\"wp-block-button__link wp-element-button\" href=\"mailto:video@nicklashoffmann.de?subject=Interesse%20an%20Merchandiseartikeln&amp;body=Hallo%20Herr%20Hoffmann%2C%0D%0A%0D%0Aich%20interessiere%20mich%20f%C3%BCr%20Ihr%20Merchandise%20und%20w%C3%BCrde%20gerne%20einen%20Preis%20anfragen.%0AMein%20gew%C3%BCnschter%20Artikel%20muss%20an%20diese%20Adresse%20gesendet%20werden%3A%0D%0AWie%20kann%20ich%20bezahlen%3F%0D%0A%0D%0AMit%20freundlichen%20Gr%C3%BC%C3%9Fen\" target=\"_blank\" rel=\"noreferrer noopener\">JETZT EINEN ARTIKEL KAUFEN<\/a><\/div>\n<\/div>\n\n\n\n<h4 class=\"wp-block-heading\">Einzelheiten<\/h4>\n\n\n\n<figure class=\"wp-block-table is-style-stripes\"><table><tbody><tr><td>Entstehungsjahr<\/td><td>2022\u20132023<\/td><\/tr><tr><td>Material<\/td><td>3D Filament-Actionfiguren, Plakate, Papp-Aufsteller, Sticker, Musikalbum<\/td><\/tr><tr><td>K\u00fcnstler<\/td><td>Nicklas Hoffmann<\/td><\/tr><tr><td>Wurde ausgestellt in<\/td><td>Jahresausstellung in der AdBK M\u00fcnchen, Klasse Burger (2022);<br>Jahresausstellung in der AdBK M\u00fcnchen, Klasse Tr\u00f6ger (2023)<\/td><\/tr><\/tbody><\/table><\/figure>\n\n\n\n<p><\/p>","protected":false},"excerpt":{"rendered":"<p>Kunstfigur-Saga: Teil 7 StanislausActionfigur RisingstarActionfigur WhatsApp K\u00f6nigActionfigur Alter L\u00fcstlingActionfigur FitnesscoachActionfigur HipHoper MrNickOSirActionfigur Kunstfigur-SagaStickerset Papp-StanislausPapp-Aufsteller F\u00fcr Immer KunstfigurMusikalbum Poster StanislausFilmplakat Poster MrNickOSirFilmplakat Poster FitnesscoachFilmplakat Eine Sammlung an Merchandise-Artikeln zu den verschiedenen Charakteren aus Nicklas Hoffmanns diversen Webserien, die diese auf eine Stufe mit gro\u00dfen Ikonen der Popkultur stellen. Sie beinhaltet einen Papp-Aufsteller von Stanislaus, Plakate zu &hellip; <a href=\"https:\/\/nicklashoffmann.de\/en\/kauft-mein-merch\/\" class=\"more-link\">Continue reading <span class=\"screen-reader-text\">Kauft mein Merch!<\/span><\/a><\/p>","protected":false},"author":1,"featured_media":0,"parent":0,"menu_order":0,"comment_status":"closed","ping_status":"closed","template":"","meta":{"footnotes":""},"class_list":["post-186","page","type-page","status-publish","hentry"],"yoast_head":"<!-- This site is optimized with the Yoast SEO plugin v26.6 - https:\/\/yoast.com\/wordpress\/plugins\/seo\/ -->\n<title>Kauft mein Merch! - Nicklas Hoffmann<\/title>\n<meta name=\"description\" content=\"Merchandise zu den verschiedenen Charakteren aus der Kunstfigur-Saga, die diese auf eine Stufe mit gro\u00dfen Ikonen der Popkultur stellen.\" \/>\n<meta name=\"robots\" content=\"index, follow, max-snippet:-1, max-image-preview:large, max-video-preview:-1\" \/>\n<link rel=\"canonical\" href=\"https:\/\/nicklashoffmann.de\/en\/kauft-mein-merch\/\" \/>\n<meta property=\"og:locale\" content=\"en_GB\" \/>\n<meta property=\"og:type\" content=\"article\" \/>\n<meta property=\"og:title\" content=\"Kauft mein Merch! - Nicklas Hoffmann\" \/>\n<meta property=\"og:description\" content=\"Merchandise zu den verschiedenen Charakteren aus der Kunstfigur-Saga, die diese auf eine Stufe mit gro\u00dfen Ikonen der Popkultur stellen.\" \/>\n<meta property=\"og:url\" content=\"https:\/\/nicklashoffmann.de\/en\/kauft-mein-merch\/\" \/>\n<meta property=\"og:site_name\" content=\"Nicklas Hoffmann\" \/>\n<meta property=\"article:modified_time\" content=\"2024-11-11T23:30:00+00:00\" \/>\n<meta property=\"og:image\" content=\"https:\/\/nicklashoffmann.de\/wp-content\/uploads\/2023\/11\/Actionfigur_Stanislaus.png\" \/>\n\t<meta property=\"og:image:width\" content=\"700\" \/>\n\t<meta property=\"og:image:height\" content=\"980\" \/>\n\t<meta property=\"og:image:type\" content=\"image\/png\" \/>\n<meta name=\"twitter:card\" content=\"summary_large_image\" \/>\n<meta name=\"twitter:label1\" content=\"Estimated reading time\" \/>\n\t<meta name=\"twitter:data1\" content=\"4 minutes\" \/>\n<script type=\"application\/ld+json\" class=\"yoast-schema-graph\">{\"@context\":\"https:\/\/schema.org\",\"@graph\":[{\"@type\":\"WebPage\",\"@id\":\"https:\/\/nicklashoffmann.de\/kauft-mein-merch\/\",\"url\":\"https:\/\/nicklashoffmann.de\/kauft-mein-merch\/\",\"name\":\"Kauft mein Merch! - Nicklas Hoffmann\",\"isPartOf\":{\"@id\":\"https:\/\/nicklashoffmann.de\/#website\"},\"primaryImageOfPage\":{\"@id\":\"https:\/\/nicklashoffmann.de\/kauft-mein-merch\/#primaryimage\"},\"image\":{\"@id\":\"https:\/\/nicklashoffmann.de\/kauft-mein-merch\/#primaryimage\"},\"thumbnailUrl\":\"https:\/\/nicklashoffmann.de\/wp-content\/uploads\/2023\/11\/Actionfigur_Stanislaus.png\",\"datePublished\":\"2023-01-06T02:34:57+00:00\",\"dateModified\":\"2024-11-11T23:30:00+00:00\",\"description\":\"Merchandise zu den verschiedenen Charakteren aus der Kunstfigur-Saga, die diese auf eine Stufe mit gro\u00dfen Ikonen der Popkultur stellen.\",\"breadcrumb\":{\"@id\":\"https:\/\/nicklashoffmann.de\/kauft-mein-merch\/#breadcrumb\"},\"inLanguage\":\"en-GB\",\"potentialAction\":[{\"@type\":\"ReadAction\",\"target\":[\"https:\/\/nicklashoffmann.de\/kauft-mein-merch\/\"]}]},{\"@type\":\"ImageObject\",\"inLanguage\":\"en-GB\",\"@id\":\"https:\/\/nicklashoffmann.de\/kauft-mein-merch\/#primaryimage\",\"url\":\"https:\/\/nicklashoffmann.de\/wp-content\/uploads\/2023\/11\/Actionfigur_Stanislaus.png\",\"contentUrl\":\"https:\/\/nicklashoffmann.de\/wp-content\/uploads\/2023\/11\/Actionfigur_Stanislaus.png\"},{\"@type\":\"BreadcrumbList\",\"@id\":\"https:\/\/nicklashoffmann.de\/kauft-mein-merch\/#breadcrumb\",\"itemListElement\":[{\"@type\":\"ListItem\",\"position\":1,\"name\":\"Home\",\"item\":\"https:\/\/nicklashoffmann.de\/\"},{\"@type\":\"ListItem\",\"position\":2,\"name\":\"Kauft mein Merch!\"}]},{\"@type\":\"WebSite\",\"@id\":\"https:\/\/nicklashoffmann.de\/#website\",\"url\":\"https:\/\/nicklashoffmann.de\/\",\"name\":\"Nicklas Hoffmann\",\"description\":\"Video- und Performancekunst\",\"publisher\":{\"@id\":\"https:\/\/nicklashoffmann.de\/#\/schema\/person\/7ab72ea60d76fae8421e99f7df604072\"},\"alternateName\":\"nicklashoffmann\",\"potentialAction\":[{\"@type\":\"SearchAction\",\"target\":{\"@type\":\"EntryPoint\",\"urlTemplate\":\"https:\/\/nicklashoffmann.de\/?s={search_term_string}\"},\"query-input\":{\"@type\":\"PropertyValueSpecification\",\"valueRequired\":true,\"valueName\":\"search_term_string\"}}],\"inLanguage\":\"en-GB\"},{\"@type\":[\"Person\",\"Organization\"],\"@id\":\"https:\/\/nicklashoffmann.de\/#\/schema\/person\/7ab72ea60d76fae8421e99f7df604072\",\"name\":\"admin\",\"image\":{\"@type\":\"ImageObject\",\"inLanguage\":\"en-GB\",\"@id\":\"https:\/\/nicklashoffmann.de\/#\/schema\/person\/image\/\",\"url\":\"https:\/\/nicklashoffmann.de\/wp-content\/uploads\/2023\/01\/Th_Website_Stanislaus.jpg\",\"contentUrl\":\"https:\/\/nicklashoffmann.de\/wp-content\/uploads\/2023\/01\/Th_Website_Stanislaus.jpg\",\"width\":512,\"height\":512,\"caption\":\"admin\"},\"logo\":{\"@id\":\"https:\/\/nicklashoffmann.de\/#\/schema\/person\/image\/\"},\"sameAs\":[\"http:\/\/nicklashoffmann.de\",\"http:\/\/youtube.com\/user\/MrNickOSir\"]}]}<\/script>\n<!-- \/ Yoast SEO plugin. -->","yoast_head_json":{"title":"Kauft mein Merch! - Nicklas Hoffmann","description":"Merchandise zu den verschiedenen Charakteren aus der Kunstfigur-Saga, die diese auf eine Stufe mit gro\u00dfen Ikonen der Popkultur stellen.","robots":{"index":"index","follow":"follow","max-snippet":"max-snippet:-1","max-image-preview":"max-image-preview:large","max-video-preview":"max-video-preview:-1"},"canonical":"https:\/\/nicklashoffmann.de\/en\/kauft-mein-merch\/","og_locale":"en_GB","og_type":"article","og_title":"Kauft mein Merch! - Nicklas Hoffmann","og_description":"Merchandise zu den verschiedenen Charakteren aus der Kunstfigur-Saga, die diese auf eine Stufe mit gro\u00dfen Ikonen der Popkultur stellen.","og_url":"https:\/\/nicklashoffmann.de\/en\/kauft-mein-merch\/","og_site_name":"Nicklas Hoffmann","article_modified_time":"2024-11-11T23:30:00+00:00","og_image":[{"width":700,"height":980,"url":"https:\/\/nicklashoffmann.de\/wp-content\/uploads\/2023\/11\/Actionfigur_Stanislaus.png","type":"image\/png"}],"twitter_card":"summary_large_image","twitter_misc":{"Estimated reading time":"4 minutes"},"schema":{"@context":"https:\/\/schema.org","@graph":[{"@type":"WebPage","@id":"https:\/\/nicklashoffmann.de\/kauft-mein-merch\/","url":"https:\/\/nicklashoffmann.de\/kauft-mein-merch\/","name":"Kauft mein Merch! - Nicklas Hoffmann","isPartOf":{"@id":"https:\/\/nicklashoffmann.de\/#website"},"primaryImageOfPage":{"@id":"https:\/\/nicklashoffmann.de\/kauft-mein-merch\/#primaryimage"},"image":{"@id":"https:\/\/nicklashoffmann.de\/kauft-mein-merch\/#primaryimage"},"thumbnailUrl":"https:\/\/nicklashoffmann.de\/wp-content\/uploads\/2023\/11\/Actionfigur_Stanislaus.png","datePublished":"2023-01-06T02:34:57+00:00","dateModified":"2024-11-11T23:30:00+00:00","description":"Merchandise zu den verschiedenen Charakteren aus der Kunstfigur-Saga, die diese auf eine Stufe mit gro\u00dfen Ikonen der Popkultur stellen.","breadcrumb":{"@id":"https:\/\/nicklashoffmann.de\/kauft-mein-merch\/#breadcrumb"},"inLanguage":"en-GB","potentialAction":[{"@type":"ReadAction","target":["https:\/\/nicklashoffmann.de\/kauft-mein-merch\/"]}]},{"@type":"ImageObject","inLanguage":"en-GB","@id":"https:\/\/nicklashoffmann.de\/kauft-mein-merch\/#primaryimage","url":"https:\/\/nicklashoffmann.de\/wp-content\/uploads\/2023\/11\/Actionfigur_Stanislaus.png","contentUrl":"https:\/\/nicklashoffmann.de\/wp-content\/uploads\/2023\/11\/Actionfigur_Stanislaus.png"},{"@type":"BreadcrumbList","@id":"https:\/\/nicklashoffmann.de\/kauft-mein-merch\/#breadcrumb","itemListElement":[{"@type":"ListItem","position":1,"name":"Home","item":"https:\/\/nicklashoffmann.de\/"},{"@type":"ListItem","position":2,"name":"Kauft mein Merch!"}]},{"@type":"WebSite","@id":"https:\/\/nicklashoffmann.de\/#website","url":"https:\/\/nicklashoffmann.de\/","name":"Nicklas Hoffmann","description":"Video- and Performance art","publisher":{"@id":"https:\/\/nicklashoffmann.de\/#\/schema\/person\/7ab72ea60d76fae8421e99f7df604072"},"alternateName":"nicklashoffmann","potentialAction":[{"@type":"SearchAction","target":{"@type":"EntryPoint","urlTemplate":"https:\/\/nicklashoffmann.de\/?s={search_term_string}"},"query-input":{"@type":"PropertyValueSpecification","valueRequired":true,"valueName":"search_term_string"}}],"inLanguage":"en-GB"},{"@type":["Person","Organization"],"@id":"https:\/\/nicklashoffmann.de\/#\/schema\/person\/7ab72ea60d76fae8421e99f7df604072","name":"admin","image":{"@type":"ImageObject","inLanguage":"en-GB","@id":"https:\/\/nicklashoffmann.de\/#\/schema\/person\/image\/","url":"https:\/\/nicklashoffmann.de\/wp-content\/uploads\/2023\/01\/Th_Website_Stanislaus.jpg","contentUrl":"https:\/\/nicklashoffmann.de\/wp-content\/uploads\/2023\/01\/Th_Website_Stanislaus.jpg","width":512,"height":512,"caption":"admin"},"logo":{"@id":"https:\/\/nicklashoffmann.de\/#\/schema\/person\/image\/"},"sameAs":["http:\/\/nicklashoffmann.de","http:\/\/youtube.com\/user\/MrNickOSir"]}]}},"_links":{"self":[{"href":"https:\/\/nicklashoffmann.de\/en\/wp-json\/wp\/v2\/pages\/186","targetHints":{"allow":["GET"]}}],"collection":[{"href":"https:\/\/nicklashoffmann.de\/en\/wp-json\/wp\/v2\/pages"}],"about":[{"href":"https:\/\/nicklashoffmann.de\/en\/wp-json\/wp\/v2\/types\/page"}],"author":[{"embeddable":true,"href":"https:\/\/nicklashoffmann.de\/en\/wp-json\/wp\/v2\/users\/1"}],"replies":[{"embeddable":true,"href":"https:\/\/nicklashoffmann.de\/en\/wp-json\/wp\/v2\/comments?post=186"}],"version-history":[{"count":32,"href":"https:\/\/nicklashoffmann.de\/en\/wp-json\/wp\/v2\/pages\/186\/revisions"}],"predecessor-version":[{"id":1095,"href":"https:\/\/nicklashoffmann.de\/en\/wp-json\/wp\/v2\/pages\/186\/revisions\/1095"}],"wp:attachment":[{"href":"https:\/\/nicklashoffmann.de\/en\/wp-json\/wp\/v2\/media?parent=186"}],"curies":[{"name":"wp","href":"https:\/\/api.w.org\/{rel}","templated":true}]}}