{"id":172,"date":"2023-01-06T02:00:24","date_gmt":"2023-01-06T02:00:24","guid":{"rendered":"http:\/\/nicklashoffmann.de\/?page_id=172"},"modified":"2024-01-06T02:19:44","modified_gmt":"2024-01-06T02:19:44","slug":"the-ride-signal","status":"publish","type":"page","link":"https:\/\/nicklashoffmann.de\/en\/the-ride-signal\/","title":{"rendered":"The Ride (Signal!)"},"content":{"rendered":"<h4 class=\"wp-block-heading\">Kunstfigur-Saga: Teil 5<\/h4>\n\n\n\n<figure class=\"wp-block-embed is-type-video is-provider-youtube wp-block-embed-youtube wp-embed-aspect-16-9 wp-has-aspect-ratio\"><div class=\"wp-block-embed__wrapper\">\n<iframe loading=\"lazy\" title=\"The Ride (Signal!)\" width=\"660\" height=\"371\" src=\"https:\/\/www.youtube.com\/embed\/BUZ3r5Nhdpg?feature=oembed\" frameborder=\"0\" allow=\"accelerometer; autoplay; clipboard-write; encrypted-media; gyroscope; picture-in-picture; web-share\" referrerpolicy=\"strict-origin-when-cross-origin\" allowfullscreen><\/iframe>\n<\/div><\/figure>\n\n\n\n<p>Stanislaus, Protagonist aus der Webserie <em>Nicklas Hoffmann: Kunstfigur<\/em>, gibt Instruktionen, wie man sich im Ausstellungsraum zu verhalten hat. Was ist erlaubt, was ist verboten, wann wird es gef\u00e4hrlich?<\/p>\n\n\n\n<p><em>The Ride (Signal!)<\/em> entstand f\u00fcr die Ausstellung <em>irren<\/em>, die vom 09.02.2022 bis zum 06.03.2022 in der Pasinger Fabrik in M\u00fcnchen betrachtet werden konnte. Sie steht stellvertretend f\u00fcr die innere Gedankenwelt eines in einer Galerie h\u00e4ngenden Kunstwerks, welches alle anderen Konkurrenz-Werke alt aussehen lassen m\u00f6chte und verzweifelt um die Aufmerksamkeit des Betrachters bettelt.<\/p>\n\n\n\n<figure class=\"wp-block-table is-style-stripes\"><table class=\"has-fixed-layout\"><tbody><tr><td>Entstehungsjahr<\/td><td>2022<\/td><\/tr><tr><td>Material<\/td><td>Video (6 Minuten im Loop)<\/td><\/tr><tr><td>K\u00fcnstler<\/td><td>Nicklas Hoffmann<\/td><\/tr><tr><td>Wurde ausgestellt in<\/td><td><em>irren<\/em> in der Pasinger Fabrik in M\u00fcnchen (2022)<\/td><\/tr><\/tbody><\/table><\/figure>","protected":false},"excerpt":{"rendered":"<p>Kunstfigur-Saga: Teil 5 Stanislaus, Protagonist aus der Webserie Nicklas Hoffmann: Kunstfigur, gibt Instruktionen, wie man sich im Ausstellungsraum zu verhalten hat. Was ist erlaubt, was ist verboten, wann wird es gef\u00e4hrlich? The Ride (Signal!) entstand f\u00fcr die Ausstellung irren, die vom 09.02.2022 bis zum 06.03.2022 in der Pasinger Fabrik in M\u00fcnchen betrachtet werden konnte. Sie &hellip; <a href=\"https:\/\/nicklashoffmann.de\/en\/the-ride-signal\/\" class=\"more-link\">Continue reading <span class=\"screen-reader-text\">The Ride (Signal!)<\/span><\/a><\/p>","protected":false},"author":1,"featured_media":0,"parent":0,"menu_order":0,"comment_status":"closed","ping_status":"closed","template":"","meta":{"footnotes":""},"class_list":["post-172","page","type-page","status-publish","hentry"],"yoast_head":"<!-- This site is optimized with the Yoast SEO plugin v26.6 - https:\/\/yoast.com\/wordpress\/plugins\/seo\/ -->\n<title>The Ride (Signal!) - Nicklas Hoffmann<\/title>\n<meta name=\"description\" content=\"The Ride (Signal!) steht f\u00fcr die innere Gedankenwelt eines Kunstwerks, welches verzweifelt um die Aufmerksamkeit des Betrachters bettelt.\" \/>\n<meta name=\"robots\" content=\"index, follow, max-snippet:-1, max-image-preview:large, max-video-preview:-1\" \/>\n<link rel=\"canonical\" href=\"https:\/\/nicklashoffmann.de\/en\/the-ride-signal\/\" \/>\n<meta property=\"og:locale\" content=\"en_GB\" \/>\n<meta property=\"og:type\" content=\"article\" \/>\n<meta property=\"og:title\" content=\"The Ride (Signal!) - Nicklas Hoffmann\" \/>\n<meta property=\"og:description\" content=\"The Ride (Signal!) steht f\u00fcr die innere Gedankenwelt eines Kunstwerks, welches verzweifelt um die Aufmerksamkeit des Betrachters bettelt.\" \/>\n<meta property=\"og:url\" content=\"https:\/\/nicklashoffmann.de\/en\/the-ride-signal\/\" \/>\n<meta property=\"og:site_name\" content=\"Nicklas Hoffmann\" \/>\n<meta property=\"article:modified_time\" content=\"2024-01-06T02:19:44+00:00\" \/>\n<meta name=\"twitter:card\" content=\"summary_large_image\" \/>\n<meta name=\"twitter:label1\" content=\"Estimated reading time\" \/>\n\t<meta name=\"twitter:data1\" content=\"1 minute\" \/>\n<script type=\"application\/ld+json\" class=\"yoast-schema-graph\">{\"@context\":\"https:\/\/schema.org\",\"@graph\":[{\"@type\":\"WebPage\",\"@id\":\"https:\/\/nicklashoffmann.de\/the-ride-signal\/\",\"url\":\"https:\/\/nicklashoffmann.de\/the-ride-signal\/\",\"name\":\"The Ride (Signal!) - Nicklas Hoffmann\",\"isPartOf\":{\"@id\":\"https:\/\/nicklashoffmann.de\/#website\"},\"datePublished\":\"2023-01-06T02:00:24+00:00\",\"dateModified\":\"2024-01-06T02:19:44+00:00\",\"description\":\"The Ride (Signal!) steht f\u00fcr die innere Gedankenwelt eines Kunstwerks, welches verzweifelt um die Aufmerksamkeit des Betrachters bettelt.\",\"breadcrumb\":{\"@id\":\"https:\/\/nicklashoffmann.de\/the-ride-signal\/#breadcrumb\"},\"inLanguage\":\"en-GB\",\"potentialAction\":[{\"@type\":\"ReadAction\",\"target\":[\"https:\/\/nicklashoffmann.de\/the-ride-signal\/\"]}]},{\"@type\":\"BreadcrumbList\",\"@id\":\"https:\/\/nicklashoffmann.de\/the-ride-signal\/#breadcrumb\",\"itemListElement\":[{\"@type\":\"ListItem\",\"position\":1,\"name\":\"Home\",\"item\":\"https:\/\/nicklashoffmann.de\/\"},{\"@type\":\"ListItem\",\"position\":2,\"name\":\"The Ride (Signal!)\"}]},{\"@type\":\"WebSite\",\"@id\":\"https:\/\/nicklashoffmann.de\/#website\",\"url\":\"https:\/\/nicklashoffmann.de\/\",\"name\":\"Nicklas Hoffmann\",\"description\":\"Video- und Performancekunst\",\"publisher\":{\"@id\":\"https:\/\/nicklashoffmann.de\/#\/schema\/person\/7ab72ea60d76fae8421e99f7df604072\"},\"alternateName\":\"nicklashoffmann\",\"potentialAction\":[{\"@type\":\"SearchAction\",\"target\":{\"@type\":\"EntryPoint\",\"urlTemplate\":\"https:\/\/nicklashoffmann.de\/?s={search_term_string}\"},\"query-input\":{\"@type\":\"PropertyValueSpecification\",\"valueRequired\":true,\"valueName\":\"search_term_string\"}}],\"inLanguage\":\"en-GB\"},{\"@type\":[\"Person\",\"Organization\"],\"@id\":\"https:\/\/nicklashoffmann.de\/#\/schema\/person\/7ab72ea60d76fae8421e99f7df604072\",\"name\":\"admin\",\"image\":{\"@type\":\"ImageObject\",\"inLanguage\":\"en-GB\",\"@id\":\"https:\/\/nicklashoffmann.de\/#\/schema\/person\/image\/\",\"url\":\"https:\/\/nicklashoffmann.de\/wp-content\/uploads\/2023\/01\/Th_Website_Stanislaus.jpg\",\"contentUrl\":\"https:\/\/nicklashoffmann.de\/wp-content\/uploads\/2023\/01\/Th_Website_Stanislaus.jpg\",\"width\":512,\"height\":512,\"caption\":\"admin\"},\"logo\":{\"@id\":\"https:\/\/nicklashoffmann.de\/#\/schema\/person\/image\/\"},\"sameAs\":[\"http:\/\/nicklashoffmann.de\",\"http:\/\/youtube.com\/user\/MrNickOSir\"]}]}<\/script>\n<!-- \/ Yoast SEO plugin. -->","yoast_head_json":{"title":"The Ride (Signal!) - Nicklas Hoffmann","description":"The Ride (Signal!) steht f\u00fcr die innere Gedankenwelt eines Kunstwerks, welches verzweifelt um die Aufmerksamkeit des Betrachters bettelt.","robots":{"index":"index","follow":"follow","max-snippet":"max-snippet:-1","max-image-preview":"max-image-preview:large","max-video-preview":"max-video-preview:-1"},"canonical":"https:\/\/nicklashoffmann.de\/en\/the-ride-signal\/","og_locale":"en_GB","og_type":"article","og_title":"The Ride (Signal!) - Nicklas Hoffmann","og_description":"The Ride (Signal!) steht f\u00fcr die innere Gedankenwelt eines Kunstwerks, welches verzweifelt um die Aufmerksamkeit des Betrachters bettelt.","og_url":"https:\/\/nicklashoffmann.de\/en\/the-ride-signal\/","og_site_name":"Nicklas Hoffmann","article_modified_time":"2024-01-06T02:19:44+00:00","twitter_card":"summary_large_image","twitter_misc":{"Estimated reading time":"1 minute"},"schema":{"@context":"https:\/\/schema.org","@graph":[{"@type":"WebPage","@id":"https:\/\/nicklashoffmann.de\/the-ride-signal\/","url":"https:\/\/nicklashoffmann.de\/the-ride-signal\/","name":"The Ride (Signal!) - Nicklas Hoffmann","isPartOf":{"@id":"https:\/\/nicklashoffmann.de\/#website"},"datePublished":"2023-01-06T02:00:24+00:00","dateModified":"2024-01-06T02:19:44+00:00","description":"The Ride (Signal!) steht f\u00fcr die innere Gedankenwelt eines Kunstwerks, welches verzweifelt um die Aufmerksamkeit des Betrachters bettelt.","breadcrumb":{"@id":"https:\/\/nicklashoffmann.de\/the-ride-signal\/#breadcrumb"},"inLanguage":"en-GB","potentialAction":[{"@type":"ReadAction","target":["https:\/\/nicklashoffmann.de\/the-ride-signal\/"]}]},{"@type":"BreadcrumbList","@id":"https:\/\/nicklashoffmann.de\/the-ride-signal\/#breadcrumb","itemListElement":[{"@type":"ListItem","position":1,"name":"Home","item":"https:\/\/nicklashoffmann.de\/"},{"@type":"ListItem","position":2,"name":"The Ride (Signal!)"}]},{"@type":"WebSite","@id":"https:\/\/nicklashoffmann.de\/#website","url":"https:\/\/nicklashoffmann.de\/","name":"Nicklas Hoffmann","description":"Video- and Performance art","publisher":{"@id":"https:\/\/nicklashoffmann.de\/#\/schema\/person\/7ab72ea60d76fae8421e99f7df604072"},"alternateName":"nicklashoffmann","potentialAction":[{"@type":"SearchAction","target":{"@type":"EntryPoint","urlTemplate":"https:\/\/nicklashoffmann.de\/?s={search_term_string}"},"query-input":{"@type":"PropertyValueSpecification","valueRequired":true,"valueName":"search_term_string"}}],"inLanguage":"en-GB"},{"@type":["Person","Organization"],"@id":"https:\/\/nicklashoffmann.de\/#\/schema\/person\/7ab72ea60d76fae8421e99f7df604072","name":"admin","image":{"@type":"ImageObject","inLanguage":"en-GB","@id":"https:\/\/nicklashoffmann.de\/#\/schema\/person\/image\/","url":"https:\/\/nicklashoffmann.de\/wp-content\/uploads\/2023\/01\/Th_Website_Stanislaus.jpg","contentUrl":"https:\/\/nicklashoffmann.de\/wp-content\/uploads\/2023\/01\/Th_Website_Stanislaus.jpg","width":512,"height":512,"caption":"admin"},"logo":{"@id":"https:\/\/nicklashoffmann.de\/#\/schema\/person\/image\/"},"sameAs":["http:\/\/nicklashoffmann.de","http:\/\/youtube.com\/user\/MrNickOSir"]}]}},"_links":{"self":[{"href":"https:\/\/nicklashoffmann.de\/en\/wp-json\/wp\/v2\/pages\/172","targetHints":{"allow":["GET"]}}],"collection":[{"href":"https:\/\/nicklashoffmann.de\/en\/wp-json\/wp\/v2\/pages"}],"about":[{"href":"https:\/\/nicklashoffmann.de\/en\/wp-json\/wp\/v2\/types\/page"}],"author":[{"embeddable":true,"href":"https:\/\/nicklashoffmann.de\/en\/wp-json\/wp\/v2\/users\/1"}],"replies":[{"embeddable":true,"href":"https:\/\/nicklashoffmann.de\/en\/wp-json\/wp\/v2\/comments?post=172"}],"version-history":[{"count":4,"href":"https:\/\/nicklashoffmann.de\/en\/wp-json\/wp\/v2\/pages\/172\/revisions"}],"predecessor-version":[{"id":820,"href":"https:\/\/nicklashoffmann.de\/en\/wp-json\/wp\/v2\/pages\/172\/revisions\/820"}],"wp:attachment":[{"href":"https:\/\/nicklashoffmann.de\/en\/wp-json\/wp\/v2\/media?parent=172"}],"curies":[{"name":"wp","href":"https:\/\/api.w.org\/{rel}","templated":true}]}}