{"id":161,"date":"2023-01-06T01:44:00","date_gmt":"2023-01-06T01:44:00","guid":{"rendered":"http:\/\/nicklashoffmann.de\/?page_id=161"},"modified":"2024-01-06T11:47:54","modified_gmt":"2024-01-06T11:47:54","slug":"videoportraits","status":"publish","type":"page","link":"https:\/\/nicklashoffmann.de\/en\/videoportraits\/","title":{"rendered":"Videoportraits"},"content":{"rendered":"<h4 class=\"wp-block-heading\">Kunstfigur-Saga: Teil 4<\/h4>\n\n\n\n<div class=\"wp-block-columns is-layout-flex wp-container-core-columns-is-layout-1 wp-block-columns-is-layout-flex\">\n<div class=\"wp-block-column is-layout-flow wp-block-column-is-layout-flow\">\n<figure class=\"wp-block-video\"><video controls loop poster=\"https:\/\/nicklashoffmann.de\/wp-content\/uploads\/2023\/01\/Th_Videoportrait_Stanislaus.jpg\" src=\"https:\/\/nicklashoffmann.de\/wp-content\/uploads\/2023\/01\/Videoportrait_Stanislaus.mp4\"><\/video><\/figure>\n<\/div>\n\n\n\n<div class=\"wp-block-column is-layout-flow wp-block-column-is-layout-flow\">\n<figure class=\"wp-block-video\"><video controls loop poster=\"https:\/\/nicklashoffmann.de\/wp-content\/uploads\/2023\/01\/Th_Videoportrait_Alter_Luestling.jpg\" src=\"https:\/\/nicklashoffmann.de\/wp-content\/uploads\/2023\/01\/Videoportrait_Alter_Luestling.mp4\"><\/video><\/figure>\n<\/div>\n\n\n\n<div class=\"wp-block-column is-layout-flow wp-block-column-is-layout-flow\">\n<figure class=\"wp-block-video\"><video controls loop poster=\"https:\/\/nicklashoffmann.de\/wp-content\/uploads\/2023\/01\/Th_Videoportrait_Fitnesscoach.jpg\" src=\"https:\/\/nicklashoffmann.de\/wp-content\/uploads\/2023\/01\/Videoportrait_Fitnesscoach.mp4\"><\/video><\/figure>\n<\/div>\n<\/div>\n\n\n\n<div class=\"wp-block-columns is-layout-flex wp-container-core-columns-is-layout-2 wp-block-columns-is-layout-flex\">\n<div class=\"wp-block-column is-layout-flow wp-block-column-is-layout-flow\">\n<figure class=\"wp-block-video\"><video controls loop poster=\"https:\/\/nicklashoffmann.de\/wp-content\/uploads\/2023\/01\/Th_Videoportrait_Risingstar.jpg\" src=\"https:\/\/nicklashoffmann.de\/wp-content\/uploads\/2023\/01\/Videoportrait_Risingstar.mp4\"><\/video><\/figure>\n<\/div>\n\n\n\n<div class=\"wp-block-column is-layout-flow wp-block-column-is-layout-flow\">\n<figure class=\"wp-block-video\"><video controls loop poster=\"https:\/\/nicklashoffmann.de\/wp-content\/uploads\/2023\/01\/Th_Videoportrait_Koenig.jpg\" src=\"https:\/\/nicklashoffmann.de\/wp-content\/uploads\/2023\/01\/Videoportrait_WhatsApp_Koenig.mp4\"><\/video><\/figure>\n<\/div>\n\n\n\n<div class=\"wp-block-column is-layout-flow wp-block-column-is-layout-flow\">\n<figure class=\"wp-block-video\"><video controls loop poster=\"https:\/\/nicklashoffmann.de\/wp-content\/uploads\/2023\/01\/Th_Videoportrait_HipHoper.jpg\" src=\"https:\/\/nicklashoffmann.de\/wp-content\/uploads\/2023\/01\/Videoportrait_Hiphoper.mp4\"><\/video><\/figure>\n<\/div>\n<\/div>\n\n\n\n<p>Inspiriert durch aufgebrachte Familienmitglieder, die gerne Werke von Nicklas Hoffmann zu Dekorationszwecken aufh\u00e4ngen w\u00fcrden, was aufgrund deren digitaler Natur nicht m\u00f6glich ist, entstanden Videoportraits. Sie sollen den Charme eines Gem\u00e4ldes oder einer Fotografie einfangen, gleichzeitig aber auch mit dem Anrei\u00dfen einer Handlung spielen, ohne eine Tonspur daf\u00fcr zu ben\u00f6tigen.<\/p>\n\n\n\n<p>Die Videoportraits bilden je einen wiederkehrenden Charakter aus Nicklas Hoffmanns <em>Kunstfigur<\/em>-Saga ab. Und zwar so, wie eben diese*r Charakter sich selbst abbilden w\u00fcrde. Dabei werden teilweise Kommentare des unsichtbaren Kameramanns, der ebenfalls aus den Arbeiten bekannt ist, eingeblendet.<\/p>\n\n\n\n<figure class=\"wp-block-table is-style-stripes\"><table><tbody><tr><td>Entstehungsjahr<\/td><td>2021<\/td><\/tr><tr><td>Material<\/td><td>Videos (6 \u00d7 30 Sekunden im Loop)<\/td><\/tr><tr><td>K\u00fcnstler<\/td><td>Nicklas Hoffmann<\/td><\/tr><tr><td>Wurde ausgestellt in<\/td><td>Jahresausstellung in der AdBK M\u00fcnchen, Klasse Burger (2022)<\/td><\/tr><\/tbody><\/table><\/figure>","protected":false},"excerpt":{"rendered":"<p>Kunstfigur-Saga: Teil 4 Inspiriert durch aufgebrachte Familienmitglieder, die gerne Werke von Nicklas Hoffmann zu Dekorationszwecken aufh\u00e4ngen w\u00fcrden, was aufgrund deren digitaler Natur nicht m\u00f6glich ist, entstanden Videoportraits. Sie sollen den Charme eines Gem\u00e4ldes oder einer Fotografie einfangen, gleichzeitig aber auch mit dem Anrei\u00dfen einer Handlung spielen, ohne eine Tonspur daf\u00fcr zu ben\u00f6tigen. Die Videoportraits bilden &hellip; <a href=\"https:\/\/nicklashoffmann.de\/en\/videoportraits\/\" class=\"more-link\">Continue reading <span class=\"screen-reader-text\">Videoportraits<\/span><\/a><\/p>","protected":false},"author":1,"featured_media":0,"parent":0,"menu_order":0,"comment_status":"closed","ping_status":"closed","template":"","meta":{"footnotes":""},"class_list":["post-161","page","type-page","status-publish","hentry"],"yoast_head":"<!-- This site is optimized with the Yoast SEO plugin v26.6 - https:\/\/yoast.com\/wordpress\/plugins\/seo\/ -->\n<title>Videoportraits - Nicklas Hoffmann<\/title>\n<meta name=\"description\" content=\"Die Videoportraits bilden je einen wiederkehrenden Charakter aus Nicklas Hoffmanns Werken ab, wie diese*r sich selbst abbilden w\u00fcrde.\" \/>\n<meta name=\"robots\" content=\"index, follow, max-snippet:-1, max-image-preview:large, max-video-preview:-1\" \/>\n<link rel=\"canonical\" href=\"https:\/\/nicklashoffmann.de\/en\/videoportraits\/\" \/>\n<meta property=\"og:locale\" content=\"en_GB\" \/>\n<meta property=\"og:type\" content=\"article\" \/>\n<meta property=\"og:title\" content=\"Videoportraits - Nicklas Hoffmann\" \/>\n<meta property=\"og:description\" content=\"Die Videoportraits bilden je einen wiederkehrenden Charakter aus Nicklas Hoffmanns Werken ab, wie diese*r sich selbst abbilden w\u00fcrde.\" \/>\n<meta property=\"og:url\" content=\"https:\/\/nicklashoffmann.de\/en\/videoportraits\/\" \/>\n<meta property=\"og:site_name\" content=\"Nicklas Hoffmann\" \/>\n<meta property=\"article:modified_time\" content=\"2024-01-06T11:47:54+00:00\" \/>\n<meta name=\"twitter:card\" content=\"summary_large_image\" \/>\n<meta name=\"twitter:label1\" content=\"Estimated reading time\" \/>\n\t<meta name=\"twitter:data1\" content=\"1 minute\" \/>\n<script type=\"application\/ld+json\" class=\"yoast-schema-graph\">{\"@context\":\"https:\/\/schema.org\",\"@graph\":[{\"@type\":\"WebPage\",\"@id\":\"https:\/\/nicklashoffmann.de\/videoportraits\/\",\"url\":\"https:\/\/nicklashoffmann.de\/videoportraits\/\",\"name\":\"Videoportraits - Nicklas Hoffmann\",\"isPartOf\":{\"@id\":\"https:\/\/nicklashoffmann.de\/#website\"},\"datePublished\":\"2023-01-06T01:44:00+00:00\",\"dateModified\":\"2024-01-06T11:47:54+00:00\",\"description\":\"Die Videoportraits bilden je einen wiederkehrenden Charakter aus Nicklas Hoffmanns Werken ab, wie diese*r sich selbst abbilden w\u00fcrde.\",\"breadcrumb\":{\"@id\":\"https:\/\/nicklashoffmann.de\/videoportraits\/#breadcrumb\"},\"inLanguage\":\"en-GB\",\"potentialAction\":[{\"@type\":\"ReadAction\",\"target\":[\"https:\/\/nicklashoffmann.de\/videoportraits\/\"]}]},{\"@type\":\"BreadcrumbList\",\"@id\":\"https:\/\/nicklashoffmann.de\/videoportraits\/#breadcrumb\",\"itemListElement\":[{\"@type\":\"ListItem\",\"position\":1,\"name\":\"Home\",\"item\":\"https:\/\/nicklashoffmann.de\/\"},{\"@type\":\"ListItem\",\"position\":2,\"name\":\"Videoportraits\"}]},{\"@type\":\"WebSite\",\"@id\":\"https:\/\/nicklashoffmann.de\/#website\",\"url\":\"https:\/\/nicklashoffmann.de\/\",\"name\":\"Nicklas Hoffmann\",\"description\":\"Video- und Performancekunst\",\"publisher\":{\"@id\":\"https:\/\/nicklashoffmann.de\/#\/schema\/person\/7ab72ea60d76fae8421e99f7df604072\"},\"alternateName\":\"nicklashoffmann\",\"potentialAction\":[{\"@type\":\"SearchAction\",\"target\":{\"@type\":\"EntryPoint\",\"urlTemplate\":\"https:\/\/nicklashoffmann.de\/?s={search_term_string}\"},\"query-input\":{\"@type\":\"PropertyValueSpecification\",\"valueRequired\":true,\"valueName\":\"search_term_string\"}}],\"inLanguage\":\"en-GB\"},{\"@type\":[\"Person\",\"Organization\"],\"@id\":\"https:\/\/nicklashoffmann.de\/#\/schema\/person\/7ab72ea60d76fae8421e99f7df604072\",\"name\":\"admin\",\"image\":{\"@type\":\"ImageObject\",\"inLanguage\":\"en-GB\",\"@id\":\"https:\/\/nicklashoffmann.de\/#\/schema\/person\/image\/\",\"url\":\"https:\/\/nicklashoffmann.de\/wp-content\/uploads\/2023\/01\/Th_Website_Stanislaus.jpg\",\"contentUrl\":\"https:\/\/nicklashoffmann.de\/wp-content\/uploads\/2023\/01\/Th_Website_Stanislaus.jpg\",\"width\":512,\"height\":512,\"caption\":\"admin\"},\"logo\":{\"@id\":\"https:\/\/nicklashoffmann.de\/#\/schema\/person\/image\/\"},\"sameAs\":[\"http:\/\/nicklashoffmann.de\",\"http:\/\/youtube.com\/user\/MrNickOSir\"]}]}<\/script>\n<!-- \/ Yoast SEO plugin. -->","yoast_head_json":{"title":"Videoportraits - Nicklas Hoffmann","description":"Die Videoportraits bilden je einen wiederkehrenden Charakter aus Nicklas Hoffmanns Werken ab, wie diese*r sich selbst abbilden w\u00fcrde.","robots":{"index":"index","follow":"follow","max-snippet":"max-snippet:-1","max-image-preview":"max-image-preview:large","max-video-preview":"max-video-preview:-1"},"canonical":"https:\/\/nicklashoffmann.de\/en\/videoportraits\/","og_locale":"en_GB","og_type":"article","og_title":"Videoportraits - Nicklas Hoffmann","og_description":"Die Videoportraits bilden je einen wiederkehrenden Charakter aus Nicklas Hoffmanns Werken ab, wie diese*r sich selbst abbilden w\u00fcrde.","og_url":"https:\/\/nicklashoffmann.de\/en\/videoportraits\/","og_site_name":"Nicklas Hoffmann","article_modified_time":"2024-01-06T11:47:54+00:00","twitter_card":"summary_large_image","twitter_misc":{"Estimated reading time":"1 minute"},"schema":{"@context":"https:\/\/schema.org","@graph":[{"@type":"WebPage","@id":"https:\/\/nicklashoffmann.de\/videoportraits\/","url":"https:\/\/nicklashoffmann.de\/videoportraits\/","name":"Videoportraits - Nicklas Hoffmann","isPartOf":{"@id":"https:\/\/nicklashoffmann.de\/#website"},"datePublished":"2023-01-06T01:44:00+00:00","dateModified":"2024-01-06T11:47:54+00:00","description":"Die Videoportraits bilden je einen wiederkehrenden Charakter aus Nicklas Hoffmanns Werken ab, wie diese*r sich selbst abbilden w\u00fcrde.","breadcrumb":{"@id":"https:\/\/nicklashoffmann.de\/videoportraits\/#breadcrumb"},"inLanguage":"en-GB","potentialAction":[{"@type":"ReadAction","target":["https:\/\/nicklashoffmann.de\/videoportraits\/"]}]},{"@type":"BreadcrumbList","@id":"https:\/\/nicklashoffmann.de\/videoportraits\/#breadcrumb","itemListElement":[{"@type":"ListItem","position":1,"name":"Home","item":"https:\/\/nicklashoffmann.de\/"},{"@type":"ListItem","position":2,"name":"Videoportraits"}]},{"@type":"WebSite","@id":"https:\/\/nicklashoffmann.de\/#website","url":"https:\/\/nicklashoffmann.de\/","name":"Nicklas Hoffmann","description":"Video- and Performance art","publisher":{"@id":"https:\/\/nicklashoffmann.de\/#\/schema\/person\/7ab72ea60d76fae8421e99f7df604072"},"alternateName":"nicklashoffmann","potentialAction":[{"@type":"SearchAction","target":{"@type":"EntryPoint","urlTemplate":"https:\/\/nicklashoffmann.de\/?s={search_term_string}"},"query-input":{"@type":"PropertyValueSpecification","valueRequired":true,"valueName":"search_term_string"}}],"inLanguage":"en-GB"},{"@type":["Person","Organization"],"@id":"https:\/\/nicklashoffmann.de\/#\/schema\/person\/7ab72ea60d76fae8421e99f7df604072","name":"admin","image":{"@type":"ImageObject","inLanguage":"en-GB","@id":"https:\/\/nicklashoffmann.de\/#\/schema\/person\/image\/","url":"https:\/\/nicklashoffmann.de\/wp-content\/uploads\/2023\/01\/Th_Website_Stanislaus.jpg","contentUrl":"https:\/\/nicklashoffmann.de\/wp-content\/uploads\/2023\/01\/Th_Website_Stanislaus.jpg","width":512,"height":512,"caption":"admin"},"logo":{"@id":"https:\/\/nicklashoffmann.de\/#\/schema\/person\/image\/"},"sameAs":["http:\/\/nicklashoffmann.de","http:\/\/youtube.com\/user\/MrNickOSir"]}]}},"_links":{"self":[{"href":"https:\/\/nicklashoffmann.de\/en\/wp-json\/wp\/v2\/pages\/161","targetHints":{"allow":["GET"]}}],"collection":[{"href":"https:\/\/nicklashoffmann.de\/en\/wp-json\/wp\/v2\/pages"}],"about":[{"href":"https:\/\/nicklashoffmann.de\/en\/wp-json\/wp\/v2\/types\/page"}],"author":[{"embeddable":true,"href":"https:\/\/nicklashoffmann.de\/en\/wp-json\/wp\/v2\/users\/1"}],"replies":[{"embeddable":true,"href":"https:\/\/nicklashoffmann.de\/en\/wp-json\/wp\/v2\/comments?post=161"}],"version-history":[{"count":13,"href":"https:\/\/nicklashoffmann.de\/en\/wp-json\/wp\/v2\/pages\/161\/revisions"}],"predecessor-version":[{"id":851,"href":"https:\/\/nicklashoffmann.de\/en\/wp-json\/wp\/v2\/pages\/161\/revisions\/851"}],"wp:attachment":[{"href":"https:\/\/nicklashoffmann.de\/en\/wp-json\/wp\/v2\/media?parent=161"}],"curies":[{"name":"wp","href":"https:\/\/api.w.org\/{rel}","templated":true}]}}