{"id":156,"date":"2023-01-06T01:31:53","date_gmt":"2023-01-06T01:31:53","guid":{"rendered":"http:\/\/nicklashoffmann.de\/?page_id=156"},"modified":"2024-01-06T12:26:13","modified_gmt":"2024-01-06T12:26:13","slug":"storys-aus-der-quarantaene-zweite-welle","status":"publish","type":"page","link":"https:\/\/nicklashoffmann.de\/en\/storys-aus-der-quarantaene-zweite-welle\/","title":{"rendered":"Storys aus der Quarant\u00e4ne: Zweite Welle"},"content":{"rendered":"<h4 class=\"wp-block-heading\">Kunstfigur-Saga: Teil 3<\/h4>\n\n\n\n<figure class=\"wp-block-embed is-type-video is-provider-youtube wp-block-embed-youtube wp-embed-aspect-16-9 wp-has-aspect-ratio\"><div class=\"wp-block-embed__wrapper\">\n<iframe loading=\"lazy\" title=\"Storys aus der Quarant\u00e4ne: Zweite Welle\" width=\"660\" height=\"371\" src=\"https:\/\/www.youtube.com\/embed\/-4nuvGQDWbo?feature=oembed\" frameborder=\"0\" allow=\"accelerometer; autoplay; clipboard-write; encrypted-media; gyroscope; picture-in-picture; web-share\" referrerpolicy=\"strict-origin-when-cross-origin\" allowfullscreen><\/iframe>\n<\/div><\/figure>\n\n\n\n<p>2021: Die Quarant\u00e4ne h\u00e4lt an. Die ganze Welt befindet sich im Wartemodus. So auch TV-Moderator*in Stanislaus, der neue Folgen f\u00fcr seine Kindersendung produzieren will, aber nicht kann. Nachdem sie ihn nun mehrfach f\u00fcr Radiomoderationen, Werbegesichtsauftr\u00e4ge und Co. eingesetzt haben, lie\u00dfen seine Produzent*innen seinen Wohnraum wegen Budgetmangels in eine WG verwandeln. Sein neuer Mitbewohner ist ein pensionierter L\u00fcstling \u2013 womit Stanislaus alles andere als gl\u00fccklich ist.<\/p>\n\n\n\n<p><em>Storys aus der Quarant\u00e4ne: Zweite Welle<\/em> nimmt den Betrachter mit auf eine Reise, die sich als Wohnungssuche tarnt, aber auf dem Weg Fragen nach Teamwork, Freundschaft, Identit\u00e4t und Sexualit\u00e4t stellt. Dabei werden autobiographische Elemente des K\u00fcnstlers auf humoristisch-kritische Weise aufgearbeitet.<\/p>\n\n\n\n<h4 class=\"wp-block-heading\">Einzelheiten<\/h4>\n\n\n\n<figure class=\"wp-block-table is-style-stripes\"><table><tbody><tr><td>Entstehungsjahr<\/td><td>2021<\/td><\/tr><tr><td>Material<\/td><td>Video (36 Minuten)<\/td><\/tr><tr><td>K\u00fcnstler<\/td><td>Nicklas Hoffmann<\/td><\/tr><tr><td>Wurde ausgestellt in<\/td><td>Online-Jahresausstellung in der AdBK M\u00fcnchen, Klasse Hien (2020);<br>Preisverleihung The Missing Link in der Helferei Grossm\u00fcnster in\u00a0Z\u00fcrich (2022)<\/td><\/tr><\/tbody><\/table><\/figure>","protected":false},"excerpt":{"rendered":"<p>Kunstfigur-Saga: Teil 3 2021: Die Quarant\u00e4ne h\u00e4lt an. Die ganze Welt befindet sich im Wartemodus. So auch TV-Moderator*in Stanislaus, der neue Folgen f\u00fcr seine Kindersendung produzieren will, aber nicht kann. Nachdem sie ihn nun mehrfach f\u00fcr Radiomoderationen, Werbegesichtsauftr\u00e4ge und Co. eingesetzt haben, lie\u00dfen seine Produzent*innen seinen Wohnraum wegen Budgetmangels in eine WG verwandeln. Sein neuer &hellip; <a href=\"https:\/\/nicklashoffmann.de\/en\/storys-aus-der-quarantaene-zweite-welle\/\" class=\"more-link\">Continue reading <span class=\"screen-reader-text\">Storys aus der Quarant\u00e4ne: Zweite Welle<\/span><\/a><\/p>","protected":false},"author":1,"featured_media":0,"parent":0,"menu_order":0,"comment_status":"closed","ping_status":"closed","template":"","meta":{"footnotes":""},"class_list":["post-156","page","type-page","status-publish","hentry"],"yoast_head":"<!-- This site is optimized with the Yoast SEO plugin v26.6 - https:\/\/yoast.com\/wordpress\/plugins\/seo\/ -->\n<title>Storys aus der Quarant\u00e4ne: Zweite Welle - Nicklas Hoffmann<\/title>\n<meta name=\"description\" content=\"Dieser Film nimmt den Betrachter mit auf eine Reise, die sich als Wohnungssuche tarnt, aber auf dem Weg Fragen rund um das Leben stellt.\" \/>\n<meta name=\"robots\" content=\"index, follow, max-snippet:-1, max-image-preview:large, max-video-preview:-1\" \/>\n<link rel=\"canonical\" href=\"https:\/\/nicklashoffmann.de\/en\/storys-aus-der-quarantaene-zweite-welle\/\" \/>\n<meta property=\"og:locale\" content=\"en_GB\" \/>\n<meta property=\"og:type\" content=\"article\" \/>\n<meta property=\"og:title\" content=\"Storys aus der Quarant\u00e4ne: Zweite Welle - Nicklas Hoffmann\" \/>\n<meta property=\"og:description\" content=\"Dieser Film nimmt den Betrachter mit auf eine Reise, die sich als Wohnungssuche tarnt, aber auf dem Weg Fragen rund um das Leben stellt.\" \/>\n<meta property=\"og:url\" content=\"https:\/\/nicklashoffmann.de\/en\/storys-aus-der-quarantaene-zweite-welle\/\" \/>\n<meta property=\"og:site_name\" content=\"Nicklas Hoffmann\" \/>\n<meta property=\"article:modified_time\" content=\"2024-01-06T12:26:13+00:00\" \/>\n<meta name=\"twitter:card\" content=\"summary_large_image\" \/>\n<meta name=\"twitter:label1\" content=\"Estimated reading time\" \/>\n\t<meta name=\"twitter:data1\" content=\"1 minute\" \/>\n<script type=\"application\/ld+json\" class=\"yoast-schema-graph\">{\"@context\":\"https:\/\/schema.org\",\"@graph\":[{\"@type\":\"WebPage\",\"@id\":\"https:\/\/nicklashoffmann.de\/storys-aus-der-quarantaene-zweite-welle\/\",\"url\":\"https:\/\/nicklashoffmann.de\/storys-aus-der-quarantaene-zweite-welle\/\",\"name\":\"Storys aus der Quarant\u00e4ne: Zweite Welle - Nicklas Hoffmann\",\"isPartOf\":{\"@id\":\"https:\/\/nicklashoffmann.de\/#website\"},\"datePublished\":\"2023-01-06T01:31:53+00:00\",\"dateModified\":\"2024-01-06T12:26:13+00:00\",\"description\":\"Dieser Film nimmt den Betrachter mit auf eine Reise, die sich als Wohnungssuche tarnt, aber auf dem Weg Fragen rund um das Leben stellt.\",\"breadcrumb\":{\"@id\":\"https:\/\/nicklashoffmann.de\/storys-aus-der-quarantaene-zweite-welle\/#breadcrumb\"},\"inLanguage\":\"en-GB\",\"potentialAction\":[{\"@type\":\"ReadAction\",\"target\":[\"https:\/\/nicklashoffmann.de\/storys-aus-der-quarantaene-zweite-welle\/\"]}]},{\"@type\":\"BreadcrumbList\",\"@id\":\"https:\/\/nicklashoffmann.de\/storys-aus-der-quarantaene-zweite-welle\/#breadcrumb\",\"itemListElement\":[{\"@type\":\"ListItem\",\"position\":1,\"name\":\"Home\",\"item\":\"https:\/\/nicklashoffmann.de\/\"},{\"@type\":\"ListItem\",\"position\":2,\"name\":\"Storys aus der Quarant\u00e4ne: Zweite Welle\"}]},{\"@type\":\"WebSite\",\"@id\":\"https:\/\/nicklashoffmann.de\/#website\",\"url\":\"https:\/\/nicklashoffmann.de\/\",\"name\":\"Nicklas Hoffmann\",\"description\":\"Video- und Performancekunst\",\"publisher\":{\"@id\":\"https:\/\/nicklashoffmann.de\/#\/schema\/person\/7ab72ea60d76fae8421e99f7df604072\"},\"alternateName\":\"nicklashoffmann\",\"potentialAction\":[{\"@type\":\"SearchAction\",\"target\":{\"@type\":\"EntryPoint\",\"urlTemplate\":\"https:\/\/nicklashoffmann.de\/?s={search_term_string}\"},\"query-input\":{\"@type\":\"PropertyValueSpecification\",\"valueRequired\":true,\"valueName\":\"search_term_string\"}}],\"inLanguage\":\"en-GB\"},{\"@type\":[\"Person\",\"Organization\"],\"@id\":\"https:\/\/nicklashoffmann.de\/#\/schema\/person\/7ab72ea60d76fae8421e99f7df604072\",\"name\":\"admin\",\"image\":{\"@type\":\"ImageObject\",\"inLanguage\":\"en-GB\",\"@id\":\"https:\/\/nicklashoffmann.de\/#\/schema\/person\/image\/\",\"url\":\"https:\/\/nicklashoffmann.de\/wp-content\/uploads\/2023\/01\/Th_Website_Stanislaus.jpg\",\"contentUrl\":\"https:\/\/nicklashoffmann.de\/wp-content\/uploads\/2023\/01\/Th_Website_Stanislaus.jpg\",\"width\":512,\"height\":512,\"caption\":\"admin\"},\"logo\":{\"@id\":\"https:\/\/nicklashoffmann.de\/#\/schema\/person\/image\/\"},\"sameAs\":[\"http:\/\/nicklashoffmann.de\",\"http:\/\/youtube.com\/user\/MrNickOSir\"]}]}<\/script>\n<!-- \/ Yoast SEO plugin. -->","yoast_head_json":{"title":"Storys aus der Quarant\u00e4ne: Zweite Welle - Nicklas Hoffmann","description":"Dieser Film nimmt den Betrachter mit auf eine Reise, die sich als Wohnungssuche tarnt, aber auf dem Weg Fragen rund um das Leben stellt.","robots":{"index":"index","follow":"follow","max-snippet":"max-snippet:-1","max-image-preview":"max-image-preview:large","max-video-preview":"max-video-preview:-1"},"canonical":"https:\/\/nicklashoffmann.de\/en\/storys-aus-der-quarantaene-zweite-welle\/","og_locale":"en_GB","og_type":"article","og_title":"Storys aus der Quarant\u00e4ne: Zweite Welle - Nicklas Hoffmann","og_description":"Dieser Film nimmt den Betrachter mit auf eine Reise, die sich als Wohnungssuche tarnt, aber auf dem Weg Fragen rund um das Leben stellt.","og_url":"https:\/\/nicklashoffmann.de\/en\/storys-aus-der-quarantaene-zweite-welle\/","og_site_name":"Nicklas Hoffmann","article_modified_time":"2024-01-06T12:26:13+00:00","twitter_card":"summary_large_image","twitter_misc":{"Estimated reading time":"1 minute"},"schema":{"@context":"https:\/\/schema.org","@graph":[{"@type":"WebPage","@id":"https:\/\/nicklashoffmann.de\/storys-aus-der-quarantaene-zweite-welle\/","url":"https:\/\/nicklashoffmann.de\/storys-aus-der-quarantaene-zweite-welle\/","name":"Storys aus der Quarant\u00e4ne: Zweite Welle - Nicklas Hoffmann","isPartOf":{"@id":"https:\/\/nicklashoffmann.de\/#website"},"datePublished":"2023-01-06T01:31:53+00:00","dateModified":"2024-01-06T12:26:13+00:00","description":"Dieser Film nimmt den Betrachter mit auf eine Reise, die sich als Wohnungssuche tarnt, aber auf dem Weg Fragen rund um das Leben stellt.","breadcrumb":{"@id":"https:\/\/nicklashoffmann.de\/storys-aus-der-quarantaene-zweite-welle\/#breadcrumb"},"inLanguage":"en-GB","potentialAction":[{"@type":"ReadAction","target":["https:\/\/nicklashoffmann.de\/storys-aus-der-quarantaene-zweite-welle\/"]}]},{"@type":"BreadcrumbList","@id":"https:\/\/nicklashoffmann.de\/storys-aus-der-quarantaene-zweite-welle\/#breadcrumb","itemListElement":[{"@type":"ListItem","position":1,"name":"Home","item":"https:\/\/nicklashoffmann.de\/"},{"@type":"ListItem","position":2,"name":"Storys aus der Quarant\u00e4ne: Zweite Welle"}]},{"@type":"WebSite","@id":"https:\/\/nicklashoffmann.de\/#website","url":"https:\/\/nicklashoffmann.de\/","name":"Nicklas Hoffmann","description":"Video- and Performance art","publisher":{"@id":"https:\/\/nicklashoffmann.de\/#\/schema\/person\/7ab72ea60d76fae8421e99f7df604072"},"alternateName":"nicklashoffmann","potentialAction":[{"@type":"SearchAction","target":{"@type":"EntryPoint","urlTemplate":"https:\/\/nicklashoffmann.de\/?s={search_term_string}"},"query-input":{"@type":"PropertyValueSpecification","valueRequired":true,"valueName":"search_term_string"}}],"inLanguage":"en-GB"},{"@type":["Person","Organization"],"@id":"https:\/\/nicklashoffmann.de\/#\/schema\/person\/7ab72ea60d76fae8421e99f7df604072","name":"admin","image":{"@type":"ImageObject","inLanguage":"en-GB","@id":"https:\/\/nicklashoffmann.de\/#\/schema\/person\/image\/","url":"https:\/\/nicklashoffmann.de\/wp-content\/uploads\/2023\/01\/Th_Website_Stanislaus.jpg","contentUrl":"https:\/\/nicklashoffmann.de\/wp-content\/uploads\/2023\/01\/Th_Website_Stanislaus.jpg","width":512,"height":512,"caption":"admin"},"logo":{"@id":"https:\/\/nicklashoffmann.de\/#\/schema\/person\/image\/"},"sameAs":["http:\/\/nicklashoffmann.de","http:\/\/youtube.com\/user\/MrNickOSir"]}]}},"_links":{"self":[{"href":"https:\/\/nicklashoffmann.de\/en\/wp-json\/wp\/v2\/pages\/156","targetHints":{"allow":["GET"]}}],"collection":[{"href":"https:\/\/nicklashoffmann.de\/en\/wp-json\/wp\/v2\/pages"}],"about":[{"href":"https:\/\/nicklashoffmann.de\/en\/wp-json\/wp\/v2\/types\/page"}],"author":[{"embeddable":true,"href":"https:\/\/nicklashoffmann.de\/en\/wp-json\/wp\/v2\/users\/1"}],"replies":[{"embeddable":true,"href":"https:\/\/nicklashoffmann.de\/en\/wp-json\/wp\/v2\/comments?post=156"}],"version-history":[{"count":5,"href":"https:\/\/nicklashoffmann.de\/en\/wp-json\/wp\/v2\/pages\/156\/revisions"}],"predecessor-version":[{"id":852,"href":"https:\/\/nicklashoffmann.de\/en\/wp-json\/wp\/v2\/pages\/156\/revisions\/852"}],"wp:attachment":[{"href":"https:\/\/nicklashoffmann.de\/en\/wp-json\/wp\/v2\/media?parent=156"}],"curies":[{"name":"wp","href":"https:\/\/api.w.org\/{rel}","templated":true}]}}