{"id":1283,"date":"2026-05-03T22:19:40","date_gmt":"2026-05-03T22:19:40","guid":{"rendered":"https:\/\/nicklashoffmann.de\/?page_id=1283"},"modified":"2026-05-04T11:40:41","modified_gmt":"2026-05-04T11:40:41","slug":"a-harry-situation-2","status":"publish","type":"page","link":"https:\/\/nicklashoffmann.de\/en\/a-harry-situation-2\/","title":{"rendered":"A Harry Situation saga"},"content":{"rendered":"<h4 class=\"wp-block-heading\">A Harry Situation-Saga: Teil 1<\/h4>\n\n\n\n<figure class=\"wp-block-image size-large\"><img loading=\"lazy\" decoding=\"async\" width=\"1024\" height=\"576\" src=\"https:\/\/nicklashoffmann.de\/wp-content\/uploads\/2026\/05\/Tacker_Ausstellungsansicht-1024x576.png\" alt=\"\" class=\"wp-image-1303\" srcset=\"https:\/\/nicklashoffmann.de\/wp-content\/uploads\/2026\/05\/Tacker_Ausstellungsansicht-1024x576.png 1024w, https:\/\/nicklashoffmann.de\/wp-content\/uploads\/2026\/05\/Tacker_Ausstellungsansicht-300x169.png 300w, https:\/\/nicklashoffmann.de\/wp-content\/uploads\/2026\/05\/Tacker_Ausstellungsansicht-768x432.png 768w, https:\/\/nicklashoffmann.de\/wp-content\/uploads\/2026\/05\/Tacker_Ausstellungsansicht-1536x864.png 1536w, https:\/\/nicklashoffmann.de\/wp-content\/uploads\/2026\/05\/Tacker_Ausstellungsansicht-18x10.png 18w, https:\/\/nicklashoffmann.de\/wp-content\/uploads\/2026\/05\/Tacker_Ausstellungsansicht.png 1920w\" sizes=\"auto, (max-width: 1024px) 100vw, 1024px\" \/><\/figure>\n\n\n\n<p>Interaktives Theater: Das OnlyFans-Model Harry Weggli muss sich in einer dystopischen Zukunft zwischen dem haarigen, queeren B\u00e4renk\u00f6nigreich und dem glatten, heteronormativen Fischk\u00f6niginnenreich entscheiden. Hilf ihm dabei!<\/p>\n\n\n\n<p>Ausgehend von allt\u00e4glichen T\u00fccken, Stereotypen und Problemen in der Gay-Community, einer Haartransplantation am eigenen Leibe und der Beobachtung, dass K\u00f6rperhaar-Affinit\u00e4ten und Body Standards im Gay-Dating ganz anders funktionieren als im Hetero-Dating, entstand <em>A Harry Situation saga<\/em> als satirisch-humorvoller Kommentar dazu, der nicht davor zur\u00fcckschreckt, grotesk, cringe und camp zu sein.<\/p>\n\n\n\n<h4 class=\"wp-block-heading\">Einzelheiten<\/h4>\n\n\n\n<figure class=\"wp-block-table is-style-stripes\"><table class=\"has-fixed-layout\"><tbody><tr><td>Entstehungsjahr<\/td><td>2026<\/td><\/tr><tr><td>Material<\/td><td>Video (17 Minuten) + B\u00fchnenbild-Elemente + Performance<\/td><\/tr><tr><td>K\u00fcnstler<\/td><td>Nicklas Hoffmann<\/td><\/tr><tr><td>Wurde ausgestellt in<\/td><td><em>Tacker 2026 \/ Preselection<\/em>&nbsp;in der Galerie der K\u00fcnstler*innen in M\u00fcnchen (2026)<\/td><\/tr><\/tbody><\/table><\/figure>\n\n\n\n<p><\/p>","protected":false},"excerpt":{"rendered":"<p>A Harry Situation-Saga: Teil 1 Interaktives Theater: Das OnlyFans-Model Harry Weggli muss sich in einer dystopischen Zukunft zwischen dem haarigen, queeren B\u00e4renk\u00f6nigreich und dem glatten, heteronormativen Fischk\u00f6niginnenreich entscheiden. Hilf ihm dabei! Ausgehend von allt\u00e4glichen T\u00fccken, Stereotypen und Problemen in der Gay-Community, einer Haartransplantation am eigenen Leibe und der Beobachtung, dass K\u00f6rperhaar-Affinit\u00e4ten und Body Standards im &hellip; <a href=\"https:\/\/nicklashoffmann.de\/en\/a-harry-situation-2\/\" class=\"more-link\">Continue reading <span class=\"screen-reader-text\">A Harry Situation saga<\/span><\/a><\/p>","protected":false},"author":1,"featured_media":0,"parent":0,"menu_order":0,"comment_status":"closed","ping_status":"closed","template":"","meta":{"footnotes":""},"class_list":["post-1283","page","type-page","status-publish","hentry"],"yoast_head":"<!-- This site is optimized with the Yoast SEO plugin v26.6 - https:\/\/yoast.com\/wordpress\/plugins\/seo\/ -->\n<title>A Harry Situation - Nicklas Hoffmann<\/title>\n<meta name=\"description\" content=\"OnlyFans-Model Harry Weggli muss sich in einer dystopischen Zukunft zwischen dem B\u00e4renk\u00f6nigreich und dem Fischk\u00f6niginnenreich entscheiden.\" \/>\n<meta name=\"robots\" content=\"index, follow, max-snippet:-1, max-image-preview:large, max-video-preview:-1\" \/>\n<link rel=\"canonical\" href=\"https:\/\/nicklashoffmann.de\/en\/a-harry-situation-2\/\" \/>\n<meta property=\"og:locale\" content=\"en_GB\" \/>\n<meta property=\"og:type\" content=\"article\" \/>\n<meta property=\"og:title\" content=\"A Harry Situation - Nicklas Hoffmann\" \/>\n<meta property=\"og:description\" content=\"OnlyFans-Model Harry Weggli muss sich in einer dystopischen Zukunft zwischen dem B\u00e4renk\u00f6nigreich und dem Fischk\u00f6niginnenreich entscheiden.\" \/>\n<meta property=\"og:url\" content=\"https:\/\/nicklashoffmann.de\/en\/a-harry-situation-2\/\" \/>\n<meta property=\"og:site_name\" content=\"Nicklas Hoffmann\" \/>\n<meta property=\"article:modified_time\" content=\"2026-05-04T11:40:41+00:00\" \/>\n<meta property=\"og:image\" content=\"https:\/\/nicklashoffmann.de\/wp-content\/uploads\/2026\/05\/Tacker_Ausstellungsansicht-1024x576.png\" \/>\n\t<meta property=\"og:image:width\" content=\"1024\" \/>\n\t<meta property=\"og:image:height\" content=\"576\" \/>\n\t<meta property=\"og:image:type\" content=\"image\/png\" \/>\n<meta name=\"twitter:card\" content=\"summary_large_image\" \/>\n<meta name=\"twitter:label1\" content=\"Estimated reading time\" \/>\n\t<meta name=\"twitter:data1\" content=\"1 minute\" \/>\n<script type=\"application\/ld+json\" class=\"yoast-schema-graph\">{\"@context\":\"https:\/\/schema.org\",\"@graph\":[{\"@type\":\"WebPage\",\"@id\":\"https:\/\/nicklashoffmann.de\/a-harry-situation-2\/\",\"url\":\"https:\/\/nicklashoffmann.de\/a-harry-situation-2\/\",\"name\":\"A Harry Situation - Nicklas Hoffmann\",\"isPartOf\":{\"@id\":\"https:\/\/nicklashoffmann.de\/#website\"},\"primaryImageOfPage\":{\"@id\":\"https:\/\/nicklashoffmann.de\/a-harry-situation-2\/#primaryimage\"},\"image\":{\"@id\":\"https:\/\/nicklashoffmann.de\/a-harry-situation-2\/#primaryimage\"},\"thumbnailUrl\":\"https:\/\/nicklashoffmann.de\/wp-content\/uploads\/2026\/05\/Tacker_Ausstellungsansicht-1024x576.png\",\"datePublished\":\"2026-05-03T22:19:40+00:00\",\"dateModified\":\"2026-05-04T11:40:41+00:00\",\"description\":\"OnlyFans-Model Harry Weggli muss sich in einer dystopischen Zukunft zwischen dem B\u00e4renk\u00f6nigreich und dem Fischk\u00f6niginnenreich entscheiden.\",\"breadcrumb\":{\"@id\":\"https:\/\/nicklashoffmann.de\/a-harry-situation-2\/#breadcrumb\"},\"inLanguage\":\"en-GB\",\"potentialAction\":[{\"@type\":\"ReadAction\",\"target\":[\"https:\/\/nicklashoffmann.de\/a-harry-situation-2\/\"]}]},{\"@type\":\"ImageObject\",\"inLanguage\":\"en-GB\",\"@id\":\"https:\/\/nicklashoffmann.de\/a-harry-situation-2\/#primaryimage\",\"url\":\"https:\/\/nicklashoffmann.de\/wp-content\/uploads\/2026\/05\/Tacker_Ausstellungsansicht-1024x576.png\",\"contentUrl\":\"https:\/\/nicklashoffmann.de\/wp-content\/uploads\/2026\/05\/Tacker_Ausstellungsansicht-1024x576.png\"},{\"@type\":\"BreadcrumbList\",\"@id\":\"https:\/\/nicklashoffmann.de\/a-harry-situation-2\/#breadcrumb\",\"itemListElement\":[{\"@type\":\"ListItem\",\"position\":1,\"name\":\"Home\",\"item\":\"https:\/\/nicklashoffmann.de\/\"},{\"@type\":\"ListItem\",\"position\":2,\"name\":\"A Harry Situation\"}]},{\"@type\":\"WebSite\",\"@id\":\"https:\/\/nicklashoffmann.de\/#website\",\"url\":\"https:\/\/nicklashoffmann.de\/\",\"name\":\"Nicklas Hoffmann\",\"description\":\"Video- und Performancekunst\",\"publisher\":{\"@id\":\"https:\/\/nicklashoffmann.de\/#\/schema\/person\/7ab72ea60d76fae8421e99f7df604072\"},\"alternateName\":\"nicklashoffmann\",\"potentialAction\":[{\"@type\":\"SearchAction\",\"target\":{\"@type\":\"EntryPoint\",\"urlTemplate\":\"https:\/\/nicklashoffmann.de\/?s={search_term_string}\"},\"query-input\":{\"@type\":\"PropertyValueSpecification\",\"valueRequired\":true,\"valueName\":\"search_term_string\"}}],\"inLanguage\":\"en-GB\"},{\"@type\":[\"Person\",\"Organization\"],\"@id\":\"https:\/\/nicklashoffmann.de\/#\/schema\/person\/7ab72ea60d76fae8421e99f7df604072\",\"name\":\"admin\",\"image\":{\"@type\":\"ImageObject\",\"inLanguage\":\"en-GB\",\"@id\":\"https:\/\/nicklashoffmann.de\/#\/schema\/person\/image\/\",\"url\":\"https:\/\/nicklashoffmann.de\/wp-content\/uploads\/2023\/01\/Th_Website_Stanislaus.jpg\",\"contentUrl\":\"https:\/\/nicklashoffmann.de\/wp-content\/uploads\/2023\/01\/Th_Website_Stanislaus.jpg\",\"width\":512,\"height\":512,\"caption\":\"admin\"},\"logo\":{\"@id\":\"https:\/\/nicklashoffmann.de\/#\/schema\/person\/image\/\"},\"sameAs\":[\"http:\/\/nicklashoffmann.de\",\"http:\/\/youtube.com\/user\/MrNickOSir\"]}]}<\/script>\n<!-- \/ Yoast SEO plugin. -->","yoast_head_json":{"title":"A Harry Situation - Nicklas Hoffmann","description":"OnlyFans-Model Harry Weggli muss sich in einer dystopischen Zukunft zwischen dem B\u00e4renk\u00f6nigreich und dem Fischk\u00f6niginnenreich entscheiden.","robots":{"index":"index","follow":"follow","max-snippet":"max-snippet:-1","max-image-preview":"max-image-preview:large","max-video-preview":"max-video-preview:-1"},"canonical":"https:\/\/nicklashoffmann.de\/en\/a-harry-situation-2\/","og_locale":"en_GB","og_type":"article","og_title":"A Harry Situation - Nicklas Hoffmann","og_description":"OnlyFans-Model Harry Weggli muss sich in einer dystopischen Zukunft zwischen dem B\u00e4renk\u00f6nigreich und dem Fischk\u00f6niginnenreich entscheiden.","og_url":"https:\/\/nicklashoffmann.de\/en\/a-harry-situation-2\/","og_site_name":"Nicklas Hoffmann","article_modified_time":"2026-05-04T11:40:41+00:00","og_image":[{"width":1024,"height":576,"url":"https:\/\/nicklashoffmann.de\/wp-content\/uploads\/2026\/05\/Tacker_Ausstellungsansicht-1024x576.png","type":"image\/png"}],"twitter_card":"summary_large_image","twitter_misc":{"Estimated reading time":"1 minute"},"schema":{"@context":"https:\/\/schema.org","@graph":[{"@type":"WebPage","@id":"https:\/\/nicklashoffmann.de\/a-harry-situation-2\/","url":"https:\/\/nicklashoffmann.de\/a-harry-situation-2\/","name":"A Harry Situation - Nicklas Hoffmann","isPartOf":{"@id":"https:\/\/nicklashoffmann.de\/#website"},"primaryImageOfPage":{"@id":"https:\/\/nicklashoffmann.de\/a-harry-situation-2\/#primaryimage"},"image":{"@id":"https:\/\/nicklashoffmann.de\/a-harry-situation-2\/#primaryimage"},"thumbnailUrl":"https:\/\/nicklashoffmann.de\/wp-content\/uploads\/2026\/05\/Tacker_Ausstellungsansicht-1024x576.png","datePublished":"2026-05-03T22:19:40+00:00","dateModified":"2026-05-04T11:40:41+00:00","description":"OnlyFans-Model Harry Weggli muss sich in einer dystopischen Zukunft zwischen dem B\u00e4renk\u00f6nigreich und dem Fischk\u00f6niginnenreich entscheiden.","breadcrumb":{"@id":"https:\/\/nicklashoffmann.de\/a-harry-situation-2\/#breadcrumb"},"inLanguage":"en-GB","potentialAction":[{"@type":"ReadAction","target":["https:\/\/nicklashoffmann.de\/a-harry-situation-2\/"]}]},{"@type":"ImageObject","inLanguage":"en-GB","@id":"https:\/\/nicklashoffmann.de\/a-harry-situation-2\/#primaryimage","url":"https:\/\/nicklashoffmann.de\/wp-content\/uploads\/2026\/05\/Tacker_Ausstellungsansicht-1024x576.png","contentUrl":"https:\/\/nicklashoffmann.de\/wp-content\/uploads\/2026\/05\/Tacker_Ausstellungsansicht-1024x576.png"},{"@type":"BreadcrumbList","@id":"https:\/\/nicklashoffmann.de\/a-harry-situation-2\/#breadcrumb","itemListElement":[{"@type":"ListItem","position":1,"name":"Home","item":"https:\/\/nicklashoffmann.de\/"},{"@type":"ListItem","position":2,"name":"A Harry Situation"}]},{"@type":"WebSite","@id":"https:\/\/nicklashoffmann.de\/#website","url":"https:\/\/nicklashoffmann.de\/","name":"Nicklas Hoffmann","description":"Video- and Performance art","publisher":{"@id":"https:\/\/nicklashoffmann.de\/#\/schema\/person\/7ab72ea60d76fae8421e99f7df604072"},"alternateName":"nicklashoffmann","potentialAction":[{"@type":"SearchAction","target":{"@type":"EntryPoint","urlTemplate":"https:\/\/nicklashoffmann.de\/?s={search_term_string}"},"query-input":{"@type":"PropertyValueSpecification","valueRequired":true,"valueName":"search_term_string"}}],"inLanguage":"en-GB"},{"@type":["Person","Organization"],"@id":"https:\/\/nicklashoffmann.de\/#\/schema\/person\/7ab72ea60d76fae8421e99f7df604072","name":"admin","image":{"@type":"ImageObject","inLanguage":"en-GB","@id":"https:\/\/nicklashoffmann.de\/#\/schema\/person\/image\/","url":"https:\/\/nicklashoffmann.de\/wp-content\/uploads\/2023\/01\/Th_Website_Stanislaus.jpg","contentUrl":"https:\/\/nicklashoffmann.de\/wp-content\/uploads\/2023\/01\/Th_Website_Stanislaus.jpg","width":512,"height":512,"caption":"admin"},"logo":{"@id":"https:\/\/nicklashoffmann.de\/#\/schema\/person\/image\/"},"sameAs":["http:\/\/nicklashoffmann.de","http:\/\/youtube.com\/user\/MrNickOSir"]}]}},"_links":{"self":[{"href":"https:\/\/nicklashoffmann.de\/en\/wp-json\/wp\/v2\/pages\/1283","targetHints":{"allow":["GET"]}}],"collection":[{"href":"https:\/\/nicklashoffmann.de\/en\/wp-json\/wp\/v2\/pages"}],"about":[{"href":"https:\/\/nicklashoffmann.de\/en\/wp-json\/wp\/v2\/types\/page"}],"author":[{"embeddable":true,"href":"https:\/\/nicklashoffmann.de\/en\/wp-json\/wp\/v2\/users\/1"}],"replies":[{"embeddable":true,"href":"https:\/\/nicklashoffmann.de\/en\/wp-json\/wp\/v2\/comments?post=1283"}],"version-history":[{"count":8,"href":"https:\/\/nicklashoffmann.de\/en\/wp-json\/wp\/v2\/pages\/1283\/revisions"}],"predecessor-version":[{"id":1305,"href":"https:\/\/nicklashoffmann.de\/en\/wp-json\/wp\/v2\/pages\/1283\/revisions\/1305"}],"wp:attachment":[{"href":"https:\/\/nicklashoffmann.de\/en\/wp-json\/wp\/v2\/media?parent=1283"}],"curies":[{"name":"wp","href":"https:\/\/api.w.org\/{rel}","templated":true}]}}