{"id":1205,"date":"2025-06-02T22:12:44","date_gmt":"2025-06-02T22:12:44","guid":{"rendered":"https:\/\/nicklashoffmann.de\/?page_id=1205"},"modified":"2026-05-03T22:28:58","modified_gmt":"2026-05-03T22:28:58","slug":"a-harry-situation-0-5","status":"publish","type":"page","link":"https:\/\/nicklashoffmann.de\/en\/a-harry-situation-0-5\/","title":{"rendered":"A Harry Situation 0.5"},"content":{"rendered":"<h4 class=\"wp-block-heading\">A Harry Situation-Saga: Teil 0.5<\/h4>\n\n\n\n<figure class=\"wp-block-image size-large\"><img loading=\"lazy\" decoding=\"async\" width=\"1024\" height=\"576\" src=\"https:\/\/nicklashoffmann.de\/wp-content\/uploads\/2025\/07\/Startbild_A_Harry_Situation_2-1024x576.jpg\" alt=\"\" class=\"wp-image-1233\" srcset=\"https:\/\/nicklashoffmann.de\/wp-content\/uploads\/2025\/07\/Startbild_A_Harry_Situation_2-1024x576.jpg 1024w, https:\/\/nicklashoffmann.de\/wp-content\/uploads\/2025\/07\/Startbild_A_Harry_Situation_2-300x169.jpg 300w, https:\/\/nicklashoffmann.de\/wp-content\/uploads\/2025\/07\/Startbild_A_Harry_Situation_2-768x432.jpg 768w, https:\/\/nicklashoffmann.de\/wp-content\/uploads\/2025\/07\/Startbild_A_Harry_Situation_2-1536x864.jpg 1536w, https:\/\/nicklashoffmann.de\/wp-content\/uploads\/2025\/07\/Startbild_A_Harry_Situation_2-18x10.jpg 18w, https:\/\/nicklashoffmann.de\/wp-content\/uploads\/2025\/07\/Startbild_A_Harry_Situation_2.jpg 1920w\" sizes=\"auto, (max-width: 1024px) 100vw, 1024px\" \/><\/figure>\n\n\n\n<p><em>A Harry Situation saga<\/em> ist als eine Mischung aus Theater-Performance, B\u00fchnenbild, Video und Animation zum Thema K\u00f6rperbehaarung und Gesellschaft, Popkultur und Sci-Fi aber auch freie Erforschung von Heteronormativit\u00e4t und Queerness geplant. In 100 dystopischen Jahren sind zwei m\u00e4chtige K\u00f6nigreiche miteinander auf Kriegsfu\u00df. Das Fischk\u00f6niginnenreich steht f\u00fcr Fortschritt und Glattheit, w\u00e4hrend das B\u00e4renk\u00f6nigreich f\u00fcr Tradition und Behaarung steht. Harry Weggli ist der neutrale Protagonist, der sich von ChatGPT eine Zeitmaschine bauen lie\u00df \u2013 und nun muss er sich in dieser neuen Welt zwischen Haaren oder Glattheit entscheiden.&nbsp;<\/p>\n\n\n\n<figure class=\"wp-block-image size-large\"><img loading=\"lazy\" decoding=\"async\" width=\"1024\" height=\"576\" src=\"https:\/\/nicklashoffmann.de\/wp-content\/uploads\/2025\/07\/A_Harry_Situation_0_5_Thumbnail-1024x576.png\" alt=\"\" class=\"wp-image-1219\" srcset=\"https:\/\/nicklashoffmann.de\/wp-content\/uploads\/2025\/07\/A_Harry_Situation_0_5_Thumbnail-1024x576.png 1024w, https:\/\/nicklashoffmann.de\/wp-content\/uploads\/2025\/07\/A_Harry_Situation_0_5_Thumbnail-300x169.png 300w, https:\/\/nicklashoffmann.de\/wp-content\/uploads\/2025\/07\/A_Harry_Situation_0_5_Thumbnail-768x432.png 768w, https:\/\/nicklashoffmann.de\/wp-content\/uploads\/2025\/07\/A_Harry_Situation_0_5_Thumbnail-1536x864.png 1536w, https:\/\/nicklashoffmann.de\/wp-content\/uploads\/2025\/07\/A_Harry_Situation_0_5_Thumbnail-18x10.png 18w, https:\/\/nicklashoffmann.de\/wp-content\/uploads\/2025\/07\/A_Harry_Situation_0_5_Thumbnail.png 1920w\" sizes=\"auto, (max-width: 1024px) 100vw, 1024px\" \/><\/figure>\n\n\n\n<p>Ein Teil der Arbeit besteht darin, die Geschichte in Videoform zu erz\u00e4hlen. Der andere Teil besteht darin, sie durch eine Live-Performance zu erweitern, bei der das Publikum Teil der Geschichte wird, in dem es Tiermasken tragen und Texte vorlesen muss. Neben dem prominenten Einsatz von Cringe und Humor im Performance-Teil wird das B\u00fchnen- und Kost\u00fcmdesign auch Video- und Soundelemente umfassen. Charaktere wie der B\u00e4renk\u00f6nig mit seiner Armee protestierender Achselhaarm\u00e4dchen, eine schizophrene Fischk\u00f6nigin, die zugleich eitel ist, aber auch einen Ekelfetisch hat, ein S&amp;M Nacktmull mit seiner Glatzen-Twink-Cyborg-Bande und weitere Charaktere, die \u00fcber Aufforderungen vom Live-Publikum gespielt werden m\u00fcssen, spielen in dieser wahnwitzigen Auff\u00fchrung eine Rolle, die ihr Ende in einer anz\u00fcglichen Orgie nimmt, die vor inszenierten Golden Showers, Ekel und aberwitzigen Grotesken nicht zur\u00fcckschreckt.<\/p>\n\n\n\n<figure class=\"wp-block-image size-large\"><img loading=\"lazy\" decoding=\"async\" width=\"1024\" height=\"576\" src=\"https:\/\/nicklashoffmann.de\/wp-content\/uploads\/2025\/07\/Buehnendummy_3-1024x576.jpg\" alt=\"\" class=\"wp-image-1231\" srcset=\"https:\/\/nicklashoffmann.de\/wp-content\/uploads\/2025\/07\/Buehnendummy_3-1024x576.jpg 1024w, https:\/\/nicklashoffmann.de\/wp-content\/uploads\/2025\/07\/Buehnendummy_3-300x169.jpg 300w, https:\/\/nicklashoffmann.de\/wp-content\/uploads\/2025\/07\/Buehnendummy_3-768x432.jpg 768w, https:\/\/nicklashoffmann.de\/wp-content\/uploads\/2025\/07\/Buehnendummy_3-1536x864.jpg 1536w, https:\/\/nicklashoffmann.de\/wp-content\/uploads\/2025\/07\/Buehnendummy_3-18x10.jpg 18w, https:\/\/nicklashoffmann.de\/wp-content\/uploads\/2025\/07\/Buehnendummy_3.jpg 1920w\" sizes=\"auto, (max-width: 1024px) 100vw, 1024px\" \/><\/figure>\n\n\n\n<h4 class=\"wp-block-heading\">Einzelheiten<\/h4>\n\n\n\n<figure class=\"wp-block-table is-style-stripes\"><table class=\"has-fixed-layout\"><tbody><tr><td>Entstehungsjahr<\/td><td>2025<\/td><\/tr><tr><td>Material<\/td><td>Video (17 Minuten) + Performance<\/td><\/tr><tr><td>K\u00fcnstler<\/td><td>Nicklas Hoffmann<\/td><\/tr><tr><td>Wurde ausgestellt in<\/td><td><em>ACT Performance Festival of the Swiss Art Universities<\/em>&nbsp;an der HSLU in Luzern (2025)<\/td><\/tr><\/tbody><\/table><\/figure>\n\n\n\n<p><\/p>","protected":false},"excerpt":{"rendered":"<p>A Harry Situation-Saga: Teil 0.5 A Harry Situation ist als eine Mischung aus Theater-Performance, B\u00fchnenbild, Video und Animation zum Thema K\u00f6rperbehaarung und Gesellschaft, Popkultur und Sci-Fi aber auch freie Erforschung von Heteronormativit\u00e4t und Queerness geplant. In 100 dystopischen Jahren sind zwei m\u00e4chtige K\u00f6nigreiche miteinander auf Kriegsfu\u00df. Das Fischk\u00f6niginnenreich steht f\u00fcr Fortschritt und Glattheit, w\u00e4hrend das &hellip; <a href=\"https:\/\/nicklashoffmann.de\/en\/a-harry-situation-0-5\/\" class=\"more-link\">Continue reading <span class=\"screen-reader-text\">A Harry Situation 0.5<\/span><\/a><\/p>","protected":false},"author":1,"featured_media":0,"parent":0,"menu_order":0,"comment_status":"closed","ping_status":"closed","template":"","meta":{"footnotes":""},"class_list":["post-1205","page","type-page","status-publish","hentry"],"yoast_head":"<!-- This site is optimized with the Yoast SEO plugin v26.6 - https:\/\/yoast.com\/wordpress\/plugins\/seo\/ -->\n<title>A Harry Situation 0.5 - Nicklas Hoffmann<\/title>\n<meta name=\"description\" content=\"A Harry Situation ist als eine Mischung aus Theater-Performance und Video zum Thema K\u00f6rperbehaarung und Gesellschaft geplant.\" \/>\n<meta name=\"robots\" content=\"index, follow, max-snippet:-1, max-image-preview:large, max-video-preview:-1\" \/>\n<link rel=\"canonical\" href=\"https:\/\/nicklashoffmann.de\/en\/a-harry-situation-0-5\/\" \/>\n<meta property=\"og:locale\" content=\"en_GB\" \/>\n<meta property=\"og:type\" content=\"article\" \/>\n<meta property=\"og:title\" content=\"A Harry Situation 0.5 - Nicklas Hoffmann\" \/>\n<meta property=\"og:description\" content=\"A Harry Situation ist als eine Mischung aus Theater-Performance und Video zum Thema K\u00f6rperbehaarung und Gesellschaft geplant.\" \/>\n<meta property=\"og:url\" content=\"https:\/\/nicklashoffmann.de\/en\/a-harry-situation-0-5\/\" \/>\n<meta property=\"og:site_name\" content=\"Nicklas Hoffmann\" \/>\n<meta property=\"article:modified_time\" content=\"2026-05-03T22:28:58+00:00\" \/>\n<meta property=\"og:image\" content=\"https:\/\/nicklashoffmann.de\/wp-content\/uploads\/2025\/07\/Startbild_A_Harry_Situation_2.jpg\" \/>\n\t<meta property=\"og:image:width\" content=\"1920\" \/>\n\t<meta property=\"og:image:height\" content=\"1080\" \/>\n\t<meta property=\"og:image:type\" content=\"image\/jpeg\" \/>\n<meta name=\"twitter:card\" content=\"summary_large_image\" \/>\n<meta name=\"twitter:label1\" content=\"Estimated reading time\" \/>\n\t<meta name=\"twitter:data1\" content=\"2 minutes\" \/>\n<script type=\"application\/ld+json\" class=\"yoast-schema-graph\">{\"@context\":\"https:\/\/schema.org\",\"@graph\":[{\"@type\":\"WebPage\",\"@id\":\"https:\/\/nicklashoffmann.de\/a-harry-situation-0-5\/\",\"url\":\"https:\/\/nicklashoffmann.de\/a-harry-situation-0-5\/\",\"name\":\"A Harry Situation 0.5 - Nicklas Hoffmann\",\"isPartOf\":{\"@id\":\"https:\/\/nicklashoffmann.de\/#website\"},\"primaryImageOfPage\":{\"@id\":\"https:\/\/nicklashoffmann.de\/a-harry-situation-0-5\/#primaryimage\"},\"image\":{\"@id\":\"https:\/\/nicklashoffmann.de\/a-harry-situation-0-5\/#primaryimage\"},\"thumbnailUrl\":\"https:\/\/nicklashoffmann.de\/wp-content\/uploads\/2025\/07\/Startbild_A_Harry_Situation_2-1024x576.jpg\",\"datePublished\":\"2025-06-02T22:12:44+00:00\",\"dateModified\":\"2026-05-03T22:28:58+00:00\",\"description\":\"A Harry Situation ist als eine Mischung aus Theater-Performance und Video zum Thema K\u00f6rperbehaarung und Gesellschaft geplant.\",\"breadcrumb\":{\"@id\":\"https:\/\/nicklashoffmann.de\/a-harry-situation-0-5\/#breadcrumb\"},\"inLanguage\":\"en-GB\",\"potentialAction\":[{\"@type\":\"ReadAction\",\"target\":[\"https:\/\/nicklashoffmann.de\/a-harry-situation-0-5\/\"]}]},{\"@type\":\"ImageObject\",\"inLanguage\":\"en-GB\",\"@id\":\"https:\/\/nicklashoffmann.de\/a-harry-situation-0-5\/#primaryimage\",\"url\":\"https:\/\/nicklashoffmann.de\/wp-content\/uploads\/2025\/07\/Startbild_A_Harry_Situation_2-1024x576.jpg\",\"contentUrl\":\"https:\/\/nicklashoffmann.de\/wp-content\/uploads\/2025\/07\/Startbild_A_Harry_Situation_2-1024x576.jpg\"},{\"@type\":\"BreadcrumbList\",\"@id\":\"https:\/\/nicklashoffmann.de\/a-harry-situation-0-5\/#breadcrumb\",\"itemListElement\":[{\"@type\":\"ListItem\",\"position\":1,\"name\":\"Home\",\"item\":\"https:\/\/nicklashoffmann.de\/\"},{\"@type\":\"ListItem\",\"position\":2,\"name\":\"A Harry Situation 0.5\"}]},{\"@type\":\"WebSite\",\"@id\":\"https:\/\/nicklashoffmann.de\/#website\",\"url\":\"https:\/\/nicklashoffmann.de\/\",\"name\":\"Nicklas Hoffmann\",\"description\":\"Video- und Performancekunst\",\"publisher\":{\"@id\":\"https:\/\/nicklashoffmann.de\/#\/schema\/person\/7ab72ea60d76fae8421e99f7df604072\"},\"alternateName\":\"nicklashoffmann\",\"potentialAction\":[{\"@type\":\"SearchAction\",\"target\":{\"@type\":\"EntryPoint\",\"urlTemplate\":\"https:\/\/nicklashoffmann.de\/?s={search_term_string}\"},\"query-input\":{\"@type\":\"PropertyValueSpecification\",\"valueRequired\":true,\"valueName\":\"search_term_string\"}}],\"inLanguage\":\"en-GB\"},{\"@type\":[\"Person\",\"Organization\"],\"@id\":\"https:\/\/nicklashoffmann.de\/#\/schema\/person\/7ab72ea60d76fae8421e99f7df604072\",\"name\":\"admin\",\"image\":{\"@type\":\"ImageObject\",\"inLanguage\":\"en-GB\",\"@id\":\"https:\/\/nicklashoffmann.de\/#\/schema\/person\/image\/\",\"url\":\"https:\/\/nicklashoffmann.de\/wp-content\/uploads\/2023\/01\/Th_Website_Stanislaus.jpg\",\"contentUrl\":\"https:\/\/nicklashoffmann.de\/wp-content\/uploads\/2023\/01\/Th_Website_Stanislaus.jpg\",\"width\":512,\"height\":512,\"caption\":\"admin\"},\"logo\":{\"@id\":\"https:\/\/nicklashoffmann.de\/#\/schema\/person\/image\/\"},\"sameAs\":[\"http:\/\/nicklashoffmann.de\",\"http:\/\/youtube.com\/user\/MrNickOSir\"]}]}<\/script>\n<!-- \/ Yoast SEO plugin. -->","yoast_head_json":{"title":"A Harry Situation 0.5 - Nicklas Hoffmann","description":"A Harry Situation ist als eine Mischung aus Theater-Performance und Video zum Thema K\u00f6rperbehaarung und Gesellschaft geplant.","robots":{"index":"index","follow":"follow","max-snippet":"max-snippet:-1","max-image-preview":"max-image-preview:large","max-video-preview":"max-video-preview:-1"},"canonical":"https:\/\/nicklashoffmann.de\/en\/a-harry-situation-0-5\/","og_locale":"en_GB","og_type":"article","og_title":"A Harry Situation 0.5 - Nicklas Hoffmann","og_description":"A Harry Situation ist als eine Mischung aus Theater-Performance und Video zum Thema K\u00f6rperbehaarung und Gesellschaft geplant.","og_url":"https:\/\/nicklashoffmann.de\/en\/a-harry-situation-0-5\/","og_site_name":"Nicklas Hoffmann","article_modified_time":"2026-05-03T22:28:58+00:00","og_image":[{"width":1920,"height":1080,"url":"https:\/\/nicklashoffmann.de\/wp-content\/uploads\/2025\/07\/Startbild_A_Harry_Situation_2.jpg","type":"image\/jpeg"}],"twitter_card":"summary_large_image","twitter_misc":{"Estimated reading time":"2 minutes"},"schema":{"@context":"https:\/\/schema.org","@graph":[{"@type":"WebPage","@id":"https:\/\/nicklashoffmann.de\/a-harry-situation-0-5\/","url":"https:\/\/nicklashoffmann.de\/a-harry-situation-0-5\/","name":"A Harry Situation 0.5 - Nicklas Hoffmann","isPartOf":{"@id":"https:\/\/nicklashoffmann.de\/#website"},"primaryImageOfPage":{"@id":"https:\/\/nicklashoffmann.de\/a-harry-situation-0-5\/#primaryimage"},"image":{"@id":"https:\/\/nicklashoffmann.de\/a-harry-situation-0-5\/#primaryimage"},"thumbnailUrl":"https:\/\/nicklashoffmann.de\/wp-content\/uploads\/2025\/07\/Startbild_A_Harry_Situation_2-1024x576.jpg","datePublished":"2025-06-02T22:12:44+00:00","dateModified":"2026-05-03T22:28:58+00:00","description":"A Harry Situation ist als eine Mischung aus Theater-Performance und Video zum Thema K\u00f6rperbehaarung und Gesellschaft geplant.","breadcrumb":{"@id":"https:\/\/nicklashoffmann.de\/a-harry-situation-0-5\/#breadcrumb"},"inLanguage":"en-GB","potentialAction":[{"@type":"ReadAction","target":["https:\/\/nicklashoffmann.de\/a-harry-situation-0-5\/"]}]},{"@type":"ImageObject","inLanguage":"en-GB","@id":"https:\/\/nicklashoffmann.de\/a-harry-situation-0-5\/#primaryimage","url":"https:\/\/nicklashoffmann.de\/wp-content\/uploads\/2025\/07\/Startbild_A_Harry_Situation_2-1024x576.jpg","contentUrl":"https:\/\/nicklashoffmann.de\/wp-content\/uploads\/2025\/07\/Startbild_A_Harry_Situation_2-1024x576.jpg"},{"@type":"BreadcrumbList","@id":"https:\/\/nicklashoffmann.de\/a-harry-situation-0-5\/#breadcrumb","itemListElement":[{"@type":"ListItem","position":1,"name":"Home","item":"https:\/\/nicklashoffmann.de\/"},{"@type":"ListItem","position":2,"name":"A Harry Situation 0.5"}]},{"@type":"WebSite","@id":"https:\/\/nicklashoffmann.de\/#website","url":"https:\/\/nicklashoffmann.de\/","name":"Nicklas Hoffmann","description":"Video- and Performance art","publisher":{"@id":"https:\/\/nicklashoffmann.de\/#\/schema\/person\/7ab72ea60d76fae8421e99f7df604072"},"alternateName":"nicklashoffmann","potentialAction":[{"@type":"SearchAction","target":{"@type":"EntryPoint","urlTemplate":"https:\/\/nicklashoffmann.de\/?s={search_term_string}"},"query-input":{"@type":"PropertyValueSpecification","valueRequired":true,"valueName":"search_term_string"}}],"inLanguage":"en-GB"},{"@type":["Person","Organization"],"@id":"https:\/\/nicklashoffmann.de\/#\/schema\/person\/7ab72ea60d76fae8421e99f7df604072","name":"admin","image":{"@type":"ImageObject","inLanguage":"en-GB","@id":"https:\/\/nicklashoffmann.de\/#\/schema\/person\/image\/","url":"https:\/\/nicklashoffmann.de\/wp-content\/uploads\/2023\/01\/Th_Website_Stanislaus.jpg","contentUrl":"https:\/\/nicklashoffmann.de\/wp-content\/uploads\/2023\/01\/Th_Website_Stanislaus.jpg","width":512,"height":512,"caption":"admin"},"logo":{"@id":"https:\/\/nicklashoffmann.de\/#\/schema\/person\/image\/"},"sameAs":["http:\/\/nicklashoffmann.de","http:\/\/youtube.com\/user\/MrNickOSir"]}]}},"_links":{"self":[{"href":"https:\/\/nicklashoffmann.de\/en\/wp-json\/wp\/v2\/pages\/1205","targetHints":{"allow":["GET"]}}],"collection":[{"href":"https:\/\/nicklashoffmann.de\/en\/wp-json\/wp\/v2\/pages"}],"about":[{"href":"https:\/\/nicklashoffmann.de\/en\/wp-json\/wp\/v2\/types\/page"}],"author":[{"embeddable":true,"href":"https:\/\/nicklashoffmann.de\/en\/wp-json\/wp\/v2\/users\/1"}],"replies":[{"embeddable":true,"href":"https:\/\/nicklashoffmann.de\/en\/wp-json\/wp\/v2\/comments?post=1205"}],"version-history":[{"count":9,"href":"https:\/\/nicklashoffmann.de\/en\/wp-json\/wp\/v2\/pages\/1205\/revisions"}],"predecessor-version":[{"id":1291,"href":"https:\/\/nicklashoffmann.de\/en\/wp-json\/wp\/v2\/pages\/1205\/revisions\/1291"}],"wp:attachment":[{"href":"https:\/\/nicklashoffmann.de\/en\/wp-json\/wp\/v2\/media?parent=1205"}],"curies":[{"name":"wp","href":"https:\/\/api.w.org\/{rel}","templated":true}]}}